{"id":7112,"date":"2019-07-11T13:56:09","date_gmt":"2019-07-11T13:56:09","guid":{"rendered":"http:\/\/www.3p-gmbh.de\/produkt\/kombifalzmaschine-8\/"},"modified":"2019-08-14T13:56:21","modified_gmt":"2019-08-14T13:56:21","slug":"kombifalzmaschine-8","status":"publish","type":"product","link":"https:\/\/www.3p-gmbh.de\/hi\/produkt\/kombifalzmaschine-8\/","title":{"rendered":"Heidelberg Stahl Ti 40-4-KB 36-F Kombifalzmaschine"},"content":{"rendered":"<ul>\n<li>Format minimal 10 x 15 cm<\/li>\n<li>Format maximal 4 x 84 cm<\/li>\n<li>Flachstapelanleger Fi 40 mit Tremat und DCT Control<\/li>\n<li>4 Falztaschen 40cm mit L\u00e4rmschutz<\/li>\n<li>2 Station einh\u00e4ngbarer Kreuzbruch KB 36 i<\/li>\n<li>1 Schuppenauslage SAK 56<\/li>\n<li>1 Druck- Vacuum Kompressor l\u00e4rmgekapselt<\/li>\n<\/ul>\n","protected":false},"excerpt":{"rendered":"<p>Format minimal 10 x 15 cm Format maximal 4 x 84 cm Flachstapelanleger Fi 40 mit Tremat und DCT Control 4 Falztaschen 40cm mit L\u00e4rmschutz 2 Station einh\u00e4ngbarer Kreuzbruch KB 36 i 1 Schuppenauslage SAK 56 1 Druck- Vacuum Kompressor l\u00e4rmgekapselt<\/p>\n","protected":false},"featured_media":2333,"template":"","meta":[],"product_brand":[],"product_cat":[83],"product_tag":[],"class_list":{"0":"post-7112","1":"product","2":"type-product","3":"status-publish","4":"has-post-thumbnail","6":"product_cat-falzmaschinen","7":"pa_baujahr-130","8":"pa_hersteller-heidelberg-stahl","9":"pa_typ-ti-40-4-kb-36-f","11":"first","12":"instock","13":"sold-individually","14":"taxable","15":"shipping-taxable","16":"purchasable","17":"product-type-simple"},"jetpack_sharing_enabled":true,"_links":{"self":[{"href":"https:\/\/www.3p-gmbh.de\/hi\/wp-json\/wp\/v2\/product\/7112","targetHints":{"allow":["GET"]}}],"collection":[{"href":"https:\/\/www.3p-gmbh.de\/hi\/wp-json\/wp\/v2\/product"}],"about":[{"href":"https:\/\/www.3p-gmbh.de\/hi\/wp-json\/wp\/v2\/types\/product"}],"wp:featuredmedia":[{"embeddable":true,"href":"https:\/\/www.3p-gmbh.de\/hi\/wp-json\/wp\/v2\/media\/2333"}],"wp:attachment":[{"href":"https:\/\/www.3p-gmbh.de\/hi\/wp-json\/wp\/v2\/media?parent=7112"}],"wp:term":[{"taxonomy":"product_brand","embeddable":true,"href":"https:\/\/www.3p-gmbh.de\/hi\/wp-json\/wp\/v2\/product_brand?post=7112"},{"taxonomy":"product_cat","embeddable":true,"href":"https:\/\/www.3p-gmbh.de\/hi\/wp-json\/wp\/v2\/product_cat?post=7112"},{"taxonomy":"product_tag","embeddable":true,"href":"https:\/\/www.3p-gmbh.de\/hi\/wp-json\/wp\/v2\/product_tag?post=7112"}],"curies":[{"name":"wp","href":"https:\/\/api.w.org\/{rel}","templated":true}]}}