{"id":7107,"date":"2019-07-11T13:56:09","date_gmt":"2019-07-11T13:56:09","guid":{"rendered":"http:\/\/www.3p-gmbh.de\/produkt\/2kanal-leimauftrags-steuerung\/"},"modified":"2019-11-21T14:17:18","modified_gmt":"2019-11-21T14:17:18","slug":"2kanal-leimauftrags-steuerung","status":"publish","type":"product","link":"https:\/\/www.3p-gmbh.de\/hi\/produkt\/2kanal-leimauftrags-steuerung\/","title":{"rendered":"Baumer HHS C-210 2-Kanal Leimauftrags-Steuerung"},"content":{"rendered":"<p>Steuerger\u00e4te f\u00fcr die Beleimung k\u00f6nnen nachtr\u00e4glich in Maschinen beliebiger Hersteller eingebaut werden. Sensoren und Encoder nehmen alle Eingangsgr\u00f6ssen der Steuerung auf. Das Steuerger\u00e4t \u00f6ffnet anhand der Eingangssignale in sehr kurzer Zeitfolge Klebstoff-Auftrags-Ventile &#8211; egal ob Kaltleim oder Heissleim. So entsteht in Serienproduktion auf jedem Produkt ein immer gleiches Klebstoffmuster. Steuerung und Maschine k\u00f6nnen in beiden Richtungen zus\u00e4tzliche elektrische Daten austauschen. Die Druckbeh\u00e4lter mit Volumen von 0,75 oder 15 Litern werden vorzugsweise bei Materialien mit niedriger Viskosit\u00e4t und konstanten Maschinengeschwindigkeiten im Niederdruckbereich bis 6 bar eingesetzt.<\/p>\n","protected":false},"excerpt":{"rendered":"<p>Steuerger\u00e4te f\u00fcr die Beleimung k\u00f6nnen nachtr\u00e4glich in Maschinen beliebiger Hersteller eingebaut werden. Sensoren und Encoder nehmen alle Eingangsgr\u00f6ssen der Steuerung auf. Das Steuerger\u00e4t \u00f6ffnet anhand der Eingangssignale in sehr kurzer Zeitfolge Klebstoff-Auftrags-Ventile &#8211; egal ob Kaltleim oder Heissleim. So entsteht in Serienproduktion auf jedem Produkt ein immer gleiches Klebstoffmuster. Steuerung und Maschine k\u00f6nnen in beiden [&hellip;]<\/p>\n","protected":false},"featured_media":2310,"template":"","meta":[],"product_brand":[],"product_cat":[1845],"product_tag":[],"class_list":{"0":"post-7107","1":"product","2":"type-product","3":"status-publish","4":"has-post-thumbnail","6":"product_cat-falzmaschinenzubehoer","7":"pa_baujahr-165","8":"pa_hersteller-baumer-hhs","9":"pa_typ-c-210","11":"first","12":"instock","13":"sold-individually","14":"taxable","15":"shipping-taxable","16":"purchasable","17":"product-type-simple"},"jetpack_sharing_enabled":true,"_links":{"self":[{"href":"https:\/\/www.3p-gmbh.de\/hi\/wp-json\/wp\/v2\/product\/7107","targetHints":{"allow":["GET"]}}],"collection":[{"href":"https:\/\/www.3p-gmbh.de\/hi\/wp-json\/wp\/v2\/product"}],"about":[{"href":"https:\/\/www.3p-gmbh.de\/hi\/wp-json\/wp\/v2\/types\/product"}],"wp:featuredmedia":[{"embeddable":true,"href":"https:\/\/www.3p-gmbh.de\/hi\/wp-json\/wp\/v2\/media\/2310"}],"wp:attachment":[{"href":"https:\/\/www.3p-gmbh.de\/hi\/wp-json\/wp\/v2\/media?parent=7107"}],"wp:term":[{"taxonomy":"product_brand","embeddable":true,"href":"https:\/\/www.3p-gmbh.de\/hi\/wp-json\/wp\/v2\/product_brand?post=7107"},{"taxonomy":"product_cat","embeddable":true,"href":"https:\/\/www.3p-gmbh.de\/hi\/wp-json\/wp\/v2\/product_cat?post=7107"},{"taxonomy":"product_tag","embeddable":true,"href":"https:\/\/www.3p-gmbh.de\/hi\/wp-json\/wp\/v2\/product_tag?post=7107"}],"curies":[{"name":"wp","href":"https:\/\/api.w.org\/{rel}","templated":true}]}}