{"id":7106,"date":"2019-07-11T13:56:09","date_gmt":"2019-07-11T13:56:09","guid":{"rendered":"http:\/\/www.3p-gmbh.de\/produkt\/falzbogen-buendelpresse\/"},"modified":"2019-08-13T16:18:25","modified_gmt":"2019-08-13T16:18:25","slug":"falzbogen-buendelpresse","status":"publish","type":"product","link":"https:\/\/www.3p-gmbh.de\/hi\/produkt\/falzbogen-buendelpresse\/","title":{"rendered":"Karl Tr\u00e4nklein BP Falzbogen-B\u00fcndelpresse"},"content":{"rendered":"<ul>\n<li>Geeignet zum Pressen und B\u00fcndeln von gefalzten Bogen, Brosch\u00fcren, Buchblocks, Kartonagen usw.<\/li>\n<li>Elektro-hydraulischer Antrieb, Bet\u00e4tigung \u00fcber Drucktaster 2-Hand-Sicherheitssteuerung<\/li>\n<li>Automatische Motorhydraulikabschaltung nach Erreichen des eingestellten Pressdrucks<\/li>\n<li>Druck bleibt solange erhalten, bis \u00fcber Druckschalter der R\u00fccklauf ausgel\u00f6st wird<\/li>\n<li>Bei Erreichen der Endstellung wird die Maschine wieder automatisch abgeschaltet, kann aber auch \u00fcber Drucktaster in jeder beliebigen Stellung gestoppt werden<\/li>\n<li>Pressdruck stufenlos einstellbar von 0 &#8211; 2.500 kg<\/li>\n<li>Einsatzl\u00e4nge Max. 820 mm<\/li>\n<li>Pressplattengr\u00f6sse 340 x 260 mm<\/li>\n<\/ul>\n","protected":false},"excerpt":{"rendered":"<p>Geeignet zum Pressen und B\u00fcndeln von gefalzten Bogen, Brosch\u00fcren, Buchblocks, Kartonagen usw. Elektro-hydraulischer Antrieb, Bet\u00e4tigung \u00fcber Drucktaster 2-Hand-Sicherheitssteuerung Automatische Motorhydraulikabschaltung nach Erreichen des eingestellten Pressdrucks Druck bleibt solange erhalten, bis \u00fcber Druckschalter der R\u00fccklauf ausgel\u00f6st wird Bei Erreichen der Endstellung wird die Maschine wieder automatisch abgeschaltet, kann aber auch \u00fcber Drucktaster in jeder beliebigen Stellung [&hellip;]<\/p>\n","protected":false},"featured_media":2308,"template":"","meta":[],"product_brand":[],"product_cat":[83],"product_tag":[],"class_list":{"0":"post-7106","1":"product","2":"type-product","3":"status-publish","4":"has-post-thumbnail","6":"product_cat-falzmaschinen","7":"pa_baujahr-262","8":"pa_hersteller-karl-traenklein","9":"pa_typ-bp","11":"first","12":"instock","13":"sold-individually","14":"taxable","15":"shipping-taxable","16":"purchasable","17":"product-type-simple"},"jetpack_sharing_enabled":true,"_links":{"self":[{"href":"https:\/\/www.3p-gmbh.de\/hi\/wp-json\/wp\/v2\/product\/7106","targetHints":{"allow":["GET"]}}],"collection":[{"href":"https:\/\/www.3p-gmbh.de\/hi\/wp-json\/wp\/v2\/product"}],"about":[{"href":"https:\/\/www.3p-gmbh.de\/hi\/wp-json\/wp\/v2\/types\/product"}],"wp:featuredmedia":[{"embeddable":true,"href":"https:\/\/www.3p-gmbh.de\/hi\/wp-json\/wp\/v2\/media\/2308"}],"wp:attachment":[{"href":"https:\/\/www.3p-gmbh.de\/hi\/wp-json\/wp\/v2\/media?parent=7106"}],"wp:term":[{"taxonomy":"product_brand","embeddable":true,"href":"https:\/\/www.3p-gmbh.de\/hi\/wp-json\/wp\/v2\/product_brand?post=7106"},{"taxonomy":"product_cat","embeddable":true,"href":"https:\/\/www.3p-gmbh.de\/hi\/wp-json\/wp\/v2\/product_cat?post=7106"},{"taxonomy":"product_tag","embeddable":true,"href":"https:\/\/www.3p-gmbh.de\/hi\/wp-json\/wp\/v2\/product_tag?post=7106"}],"curies":[{"name":"wp","href":"https:\/\/api.w.org\/{rel}","templated":true}]}}