{"id":7100,"date":"2019-07-11T13:56:09","date_gmt":"2019-07-11T13:56:09","guid":{"rendered":"http:\/\/www.3p-gmbh.de\/produkt\/taschenfalzmaschine-15\/"},"modified":"2019-08-13T16:29:57","modified_gmt":"2019-08-13T16:29:57","slug":"taschenfalzmaschine-15","status":"publish","type":"product","link":"https:\/\/www.3p-gmbh.de\/hi\/produkt\/taschenfalzmaschine-15\/","title":{"rendered":"B\u00e4uerle Setmatic CAS 52-4-4-FL2 -SA Taschenfalzmaschine"},"content":{"rendered":"<ul>\n<li>Computersteuerung mit automatischer Einstellung (Lineale und Taschen der Falzwerke automatisch einstellbar)<\/li>\n<li>Flachstapelanleger FL<\/li>\n<li>Format: min 10x12cm, max. 52&#215;85 cm<\/li>\n<li>Papiergewicht 40-250gr\/m\u00b2<\/li>\n<li>1.Werk 4 Taschen 52 cm mit nachgelagerte Messerwelle<\/li>\n<li>\u00dcberleittisch<\/li>\n<li>2.Werk 4 Taschen 52cm mit nachgelagerte Messerwelle<\/li>\n<li>Schuppenauslage<\/li>\n<li>Auflagen- und Vorwahlz\u00e4hler<\/li>\n<li>Doppelbogenkontrolle<\/li>\n<li>Schalld\u00e4mmhauben<\/li>\n<li>Kompressor<\/li>\n<\/ul>\n","protected":false},"excerpt":{"rendered":"<p>Computersteuerung mit automatischer Einstellung (Lineale und Taschen der Falzwerke automatisch einstellbar) Flachstapelanleger FL Format: min 10x12cm, max. 52&#215;85 cm Papiergewicht 40-250gr\/m\u00b2 1.Werk 4 Taschen 52 cm mit nachgelagerte Messerwelle \u00dcberleittisch 2.Werk 4 Taschen 52cm mit nachgelagerte Messerwelle Schuppenauslage Auflagen- und Vorwahlz\u00e4hler Doppelbogenkontrolle Schalld\u00e4mmhauben Kompressor<\/p>\n","protected":false},"featured_media":2277,"template":"","meta":[],"product_brand":[],"product_cat":[83],"product_tag":[],"class_list":{"0":"post-7100","1":"product","2":"type-product","3":"status-publish","4":"has-post-thumbnail","6":"product_cat-falzmaschinen","7":"pa_baujahr-168","8":"pa_hersteller-mathias-baeuerle","9":"pa_typ-setmatic-cas-52-4-4-fl2-sa","11":"first","12":"instock","13":"sold-individually","14":"taxable","15":"shipping-taxable","16":"purchasable","17":"product-type-simple"},"jetpack_sharing_enabled":true,"_links":{"self":[{"href":"https:\/\/www.3p-gmbh.de\/hi\/wp-json\/wp\/v2\/product\/7100","targetHints":{"allow":["GET"]}}],"collection":[{"href":"https:\/\/www.3p-gmbh.de\/hi\/wp-json\/wp\/v2\/product"}],"about":[{"href":"https:\/\/www.3p-gmbh.de\/hi\/wp-json\/wp\/v2\/types\/product"}],"wp:featuredmedia":[{"embeddable":true,"href":"https:\/\/www.3p-gmbh.de\/hi\/wp-json\/wp\/v2\/media\/2277"}],"wp:attachment":[{"href":"https:\/\/www.3p-gmbh.de\/hi\/wp-json\/wp\/v2\/media?parent=7100"}],"wp:term":[{"taxonomy":"product_brand","embeddable":true,"href":"https:\/\/www.3p-gmbh.de\/hi\/wp-json\/wp\/v2\/product_brand?post=7100"},{"taxonomy":"product_cat","embeddable":true,"href":"https:\/\/www.3p-gmbh.de\/hi\/wp-json\/wp\/v2\/product_cat?post=7100"},{"taxonomy":"product_tag","embeddable":true,"href":"https:\/\/www.3p-gmbh.de\/hi\/wp-json\/wp\/v2\/product_tag?post=7100"}],"curies":[{"name":"wp","href":"https:\/\/api.w.org\/{rel}","templated":true}]}}