{"id":7052,"date":"2019-07-11T13:55:38","date_gmt":"2019-07-11T13:55:38","guid":{"rendered":"http:\/\/www.3p-gmbh.de\/produkt\/mobile-kreuzbruchfalzwerk\/"},"modified":"2019-11-21T12:48:04","modified_gmt":"2019-11-21T12:48:04","slug":"mobile-kreuzbruchfalzwerk","status":"publish","type":"product","link":"https:\/\/www.3p-gmbh.de\/hi\/produkt\/mobile-kreuzbruchfalzwerk\/","title":{"rendered":"Heidelberg \/ Stahl VFZ 52.D mobiles Kreuzbruchfalzwerk"},"content":{"rendered":"<ul>\n<li>Mobile, h\u00f6henverstellbare Schwertfalzeinheit zur Erg\u00e4nzung von Taschen- und Kombifalzmaschinen<\/li>\n<li>Geringe Investition f\u00fcr Zuwachs an Vielseitigkeit in den Falzarten<\/li>\n<li>Als dritte Falzstation f\u00fcr bedienerfreundliche U-Form<\/li>\n<li>Durch Schwenken des Schwertfalzwerkes um 180 Grad wird der Internationale Vierbruch gefalzt<\/li>\n<li>zum Anschluss an Maschinen mit DCT Steuerung<\/li>\n<\/ul>\n","protected":false},"excerpt":{"rendered":"<p>Mobile, h\u00f6henverstellbare Schwertfalzeinheit zur Erg\u00e4nzung von Taschen- und Kombifalzmaschinen Geringe Investition f\u00fcr Zuwachs an Vielseitigkeit in den Falzarten Als dritte Falzstation f\u00fcr bedienerfreundliche U-Form Durch Schwenken des Schwertfalzwerkes um 180 Grad wird der Internationale Vierbruch gefalzt zum Anschluss an Maschinen mit DCT Steuerung<\/p>\n","protected":false},"featured_media":2119,"template":"","meta":[],"product_brand":[],"product_cat":[1842],"product_tag":[],"class_list":{"0":"post-7052","1":"product","2":"type-product","3":"status-publish","4":"has-post-thumbnail","6":"product_cat-falzwerke","7":"pa_baujahr-123","8":"pa_hersteller-stahl-ludwigsburg","9":"pa_typ-stahlfolder-vfz-52-d","11":"first","12":"instock","13":"sold-individually","14":"taxable","15":"shipping-taxable","16":"purchasable","17":"product-type-simple"},"jetpack_sharing_enabled":true,"_links":{"self":[{"href":"https:\/\/www.3p-gmbh.de\/hi\/wp-json\/wp\/v2\/product\/7052","targetHints":{"allow":["GET"]}}],"collection":[{"href":"https:\/\/www.3p-gmbh.de\/hi\/wp-json\/wp\/v2\/product"}],"about":[{"href":"https:\/\/www.3p-gmbh.de\/hi\/wp-json\/wp\/v2\/types\/product"}],"wp:featuredmedia":[{"embeddable":true,"href":"https:\/\/www.3p-gmbh.de\/hi\/wp-json\/wp\/v2\/media\/2119"}],"wp:attachment":[{"href":"https:\/\/www.3p-gmbh.de\/hi\/wp-json\/wp\/v2\/media?parent=7052"}],"wp:term":[{"taxonomy":"product_brand","embeddable":true,"href":"https:\/\/www.3p-gmbh.de\/hi\/wp-json\/wp\/v2\/product_brand?post=7052"},{"taxonomy":"product_cat","embeddable":true,"href":"https:\/\/www.3p-gmbh.de\/hi\/wp-json\/wp\/v2\/product_cat?post=7052"},{"taxonomy":"product_tag","embeddable":true,"href":"https:\/\/www.3p-gmbh.de\/hi\/wp-json\/wp\/v2\/product_tag?post=7052"}],"curies":[{"name":"wp","href":"https:\/\/api.w.org\/{rel}","templated":true}]}}