{"id":7025,"date":"2019-07-11T13:55:29","date_gmt":"2019-07-11T13:55:29","guid":{"rendered":"http:\/\/www.3p-gmbh.de\/produkt\/stehendbogenauslage\/"},"modified":"2019-11-21T12:46:25","modified_gmt":"2019-11-21T12:46:25","slug":"stehendbogenauslage","status":"publish","type":"product","link":"https:\/\/www.3p-gmbh.de\/hi\/produkt\/stehendbogenauslage\/","title":{"rendered":"Heidelberg \/ Stahl SBP 66 D MKE Stehendbogenauslage"},"content":{"rendered":"<p>Das Auslagesystem verf\u00fcgt \u00fcber eine hohe Speicherkapazit\u00e4t f\u00fcr gefalzte oder geheftete Signaturen und eignet sich deshalb besonders f\u00fcr die Verarbeitung von mittleren und hohen Auflagen.<\/p>\n<ul>\n<li>Grosses Stapelvolumen an Falz- oder Heftprodukten, auch bei schwierigen Papieren<\/li>\n<li>Arbeitsbreite 66cm, bis 3 Nutzen<\/li>\n<li>H\u00f6henverstellbar f\u00fcr Einsatz an Falzmaschinen und Sammelheftern<\/li>\n<li>Produktive Einmannbedienung des Verbundes Falzmaschine und Auslagesystem<\/li>\n<li>Markiereinrichtung<\/li>\n<li>DCT Steuerung<\/li>\n<li>Einlaufh\u00f6he 36-96cm<\/li>\n<li>Stapell\u00e4nge max. 80cm<\/li>\n<li>max. Format 66x30cm<\/li>\n<li>min. Format 12x10cm<\/li>\n<li>Produktdicke max. 4 mm<\/li>\n<li>Presskraft 8000 N<\/li>\n<\/ul>\n","protected":false},"excerpt":{"rendered":"<p>Das Auslagesystem verf\u00fcgt \u00fcber eine hohe Speicherkapazit\u00e4t f\u00fcr gefalzte oder geheftete Signaturen und eignet sich deshalb besonders f\u00fcr die Verarbeitung von mittleren und hohen Auflagen. Grosses Stapelvolumen an Falz- oder Heftprodukten, auch bei schwierigen Papieren Arbeitsbreite 66cm, bis 3 Nutzen H\u00f6henverstellbar f\u00fcr Einsatz an Falzmaschinen und Sammelheftern Produktive Einmannbedienung des Verbundes Falzmaschine und Auslagesystem Markiereinrichtung [&hellip;]<\/p>\n","protected":false},"featured_media":2006,"template":"","meta":[],"product_brand":[],"product_cat":[1745],"product_tag":[],"class_list":{"0":"post-7025","1":"product","2":"type-product","3":"status-publish","4":"has-post-thumbnail","6":"product_cat-auslagen","7":"pa_baujahr-158","8":"pa_hersteller-heidelberg-stahl","9":"pa_typ-sbp-66-d-mke","11":"first","12":"instock","13":"sold-individually","14":"taxable","15":"shipping-taxable","16":"purchasable","17":"product-type-simple"},"jetpack_sharing_enabled":true,"_links":{"self":[{"href":"https:\/\/www.3p-gmbh.de\/hi\/wp-json\/wp\/v2\/product\/7025","targetHints":{"allow":["GET"]}}],"collection":[{"href":"https:\/\/www.3p-gmbh.de\/hi\/wp-json\/wp\/v2\/product"}],"about":[{"href":"https:\/\/www.3p-gmbh.de\/hi\/wp-json\/wp\/v2\/types\/product"}],"wp:featuredmedia":[{"embeddable":true,"href":"https:\/\/www.3p-gmbh.de\/hi\/wp-json\/wp\/v2\/media\/2006"}],"wp:attachment":[{"href":"https:\/\/www.3p-gmbh.de\/hi\/wp-json\/wp\/v2\/media?parent=7025"}],"wp:term":[{"taxonomy":"product_brand","embeddable":true,"href":"https:\/\/www.3p-gmbh.de\/hi\/wp-json\/wp\/v2\/product_brand?post=7025"},{"taxonomy":"product_cat","embeddable":true,"href":"https:\/\/www.3p-gmbh.de\/hi\/wp-json\/wp\/v2\/product_cat?post=7025"},{"taxonomy":"product_tag","embeddable":true,"href":"https:\/\/www.3p-gmbh.de\/hi\/wp-json\/wp\/v2\/product_tag?post=7025"}],"curies":[{"name":"wp","href":"https:\/\/api.w.org\/{rel}","templated":true}]}}