{"id":7016,"date":"2019-07-11T13:55:23","date_gmt":"2019-07-11T13:55:23","guid":{"rendered":"http:\/\/www.3p-gmbh.de\/produkt\/pneumatischer-taktperforationskopf\/"},"modified":"2019-11-21T13:58:12","modified_gmt":"2019-11-21T13:58:12","slug":"pneumatischer-taktperforationskopf","status":"publish","type":"product","link":"https:\/\/www.3p-gmbh.de\/hi\/produkt\/pneumatischer-taktperforationskopf\/","title":{"rendered":"Palamides TK-30 Taktperforationskopf"},"content":{"rendered":"<ul>\n<li>pneumatischer Taktperforationskopf TK-30<\/li>\n<li>verf\u00fcgbar 2 K\u00f6pfe und ein Verteilerkasten<\/li>\n<li>als Option passende Steuerger\u00e4te von HHS oder Heidelberg ACC 2.4<\/li>\n<\/ul>\n","protected":false},"excerpt":{"rendered":"<p>pneumatischer Taktperforationskopf TK-30 verf\u00fcgbar 2 K\u00f6pfe und ein Verteilerkasten als Option passende Steuerger\u00e4te von HHS oder Heidelberg ACC 2.4<\/p>\n","protected":false},"featured_media":13418,"template":"","meta":[],"product_brand":[],"product_cat":[1845],"product_tag":[],"class_list":{"0":"post-7016","1":"product","2":"type-product","3":"status-publish","4":"has-post-thumbnail","6":"product_cat-falzmaschinenzubehoer","7":"pa_baujahr-313","8":"pa_hersteller-palamides","9":"pa_typ-tk-30","11":"first","12":"instock","13":"sold-individually","14":"taxable","15":"shipping-taxable","16":"purchasable","17":"product-type-simple"},"jetpack_sharing_enabled":true,"_links":{"self":[{"href":"https:\/\/www.3p-gmbh.de\/hi\/wp-json\/wp\/v2\/product\/7016","targetHints":{"allow":["GET"]}}],"collection":[{"href":"https:\/\/www.3p-gmbh.de\/hi\/wp-json\/wp\/v2\/product"}],"about":[{"href":"https:\/\/www.3p-gmbh.de\/hi\/wp-json\/wp\/v2\/types\/product"}],"wp:featuredmedia":[{"embeddable":true,"href":"https:\/\/www.3p-gmbh.de\/hi\/wp-json\/wp\/v2\/media\/13418"}],"wp:attachment":[{"href":"https:\/\/www.3p-gmbh.de\/hi\/wp-json\/wp\/v2\/media?parent=7016"}],"wp:term":[{"taxonomy":"product_brand","embeddable":true,"href":"https:\/\/www.3p-gmbh.de\/hi\/wp-json\/wp\/v2\/product_brand?post=7016"},{"taxonomy":"product_cat","embeddable":true,"href":"https:\/\/www.3p-gmbh.de\/hi\/wp-json\/wp\/v2\/product_cat?post=7016"},{"taxonomy":"product_tag","embeddable":true,"href":"https:\/\/www.3p-gmbh.de\/hi\/wp-json\/wp\/v2\/product_tag?post=7016"}],"curies":[{"name":"wp","href":"https:\/\/api.w.org\/{rel}","templated":true}]}}