{"id":7010,"date":"2019-07-11T13:55:23","date_gmt":"2019-07-11T13:55:23","guid":{"rendered":"http:\/\/www.3p-gmbh.de\/produkt\/unterflur-sauganleger\/"},"modified":"2019-11-21T12:48:59","modified_gmt":"2019-11-21T12:48:59","slug":"unterflur-sauganleger","status":"publish","type":"product","link":"https:\/\/www.3p-gmbh.de\/hi\/produkt\/unterflur-sauganleger\/","title":{"rendered":"Morgana \/ Ernst Nagel 8000 Unterflur-Sauganleger"},"content":{"rendered":"<p>Dieser Unterflur-Sauganleger mit Ausrichtetisch hat eine Leistung von bis zu 5500 Bogen\/h. Der Universal Feeder ist h\u00f6henverstellbar und kann auf die ben\u00f6tigte H\u00f6he des anschliessenden Ger\u00e4tes eingestellt werden. Ein vollst\u00e4ndig flexibles Luftsystem und eine Doppelbogenkontrolle erm\u00f6glicht einen ruhigen und kontinuierlichen Lauf in die anschliessende Maschine. Dadurch kann w\u00e4hrend des Vorgangs Papier nachgelegt werden. Der starke Saug-Anleger kann eine grosse Bandbreite and Formaten und Grammaturen verarbeiten. Ein Seitenanschlags-Register und eine Geschwindigkeitskontrolle sind weitere Vorteile des Anlegers. Bei einer Geschwindigkeit von \u00fcber 5.500 B\u00f6gen per Stunde k\u00f6nnen selbst die anschliessenden Ger\u00e4te von der Kapazit\u00e4t des Universal Feeders profitieren.<\/p>\n","protected":false},"excerpt":{"rendered":"<p>Dieser Unterflur-Sauganleger mit Ausrichtetisch hat eine Leistung von bis zu 5500 Bogen\/h. Der Universal Feeder ist h\u00f6henverstellbar und kann auf die ben\u00f6tigte H\u00f6he des anschliessenden Ger\u00e4tes eingestellt werden. Ein vollst\u00e4ndig flexibles Luftsystem und eine Doppelbogenkontrolle erm\u00f6glicht einen ruhigen und kontinuierlichen Lauf in die anschliessende Maschine. Dadurch kann w\u00e4hrend des Vorgangs Papier nachgelegt werden. Der starke [&hellip;]<\/p>\n","protected":false},"featured_media":1950,"template":"","meta":[],"product_brand":[],"product_cat":[1814],"product_tag":[],"class_list":{"0":"post-7010","1":"product","2":"type-product","3":"status-publish","4":"has-post-thumbnail","6":"product_cat-anleger","7":"pa_baujahr-205","8":"pa_hersteller-morgana-ernst-nagel","9":"pa_typ-855","11":"first","12":"instock","13":"sold-individually","14":"taxable","15":"shipping-taxable","16":"purchasable","17":"product-type-simple"},"jetpack_sharing_enabled":true,"_links":{"self":[{"href":"https:\/\/www.3p-gmbh.de\/hi\/wp-json\/wp\/v2\/product\/7010","targetHints":{"allow":["GET"]}}],"collection":[{"href":"https:\/\/www.3p-gmbh.de\/hi\/wp-json\/wp\/v2\/product"}],"about":[{"href":"https:\/\/www.3p-gmbh.de\/hi\/wp-json\/wp\/v2\/types\/product"}],"wp:featuredmedia":[{"embeddable":true,"href":"https:\/\/www.3p-gmbh.de\/hi\/wp-json\/wp\/v2\/media\/1950"}],"wp:attachment":[{"href":"https:\/\/www.3p-gmbh.de\/hi\/wp-json\/wp\/v2\/media?parent=7010"}],"wp:term":[{"taxonomy":"product_brand","embeddable":true,"href":"https:\/\/www.3p-gmbh.de\/hi\/wp-json\/wp\/v2\/product_brand?post=7010"},{"taxonomy":"product_cat","embeddable":true,"href":"https:\/\/www.3p-gmbh.de\/hi\/wp-json\/wp\/v2\/product_cat?post=7010"},{"taxonomy":"product_tag","embeddable":true,"href":"https:\/\/www.3p-gmbh.de\/hi\/wp-json\/wp\/v2\/product_tag?post=7010"}],"curies":[{"name":"wp","href":"https:\/\/api.w.org\/{rel}","templated":true}]}}