{"id":6999,"date":"2019-07-11T13:55:08","date_gmt":"2019-07-11T13:55:08","guid":{"rendered":"http:\/\/www.3p-gmbh.de\/produkt\/seitenanschlag\/"},"modified":"2019-08-22T09:24:36","modified_gmt":"2019-08-22T09:24:36","slug":"seitenanschlag","status":"publish","type":"product","link":"https:\/\/www.3p-gmbh.de\/hi\/produkt\/seitenanschlag\/","title":{"rendered":"pneumatisch absenkbarer Seitenanschlag"},"content":{"rendered":"<ul>\n<li>f\u00fcr Grossformat-Schneidemaschinen aller Hersteller geeignet (Wohlenberg, Polar, Perfecta)<\/li>\n<li>mit Eigensteuerung<\/li>\n<li>Anschlag und Lufttisch aus Edelstahl<\/li>\n<li>links- oder rechtsseitiger Anbau m\u00f6glich<\/li>\n<li>L\u00e4nge 165cm, Breite 25cm<\/li>\n<li>mit Luftd\u00fcsen<\/li>\n<li>wird ben\u00f6tigt, wenn eine Schneidemaschine \u00fcber den Maschinen-Hintertisch beschickt werden soll<\/li>\n<\/ul>\n","protected":false},"excerpt":{"rendered":"<p>f\u00fcr Grossformat-Schneidemaschinen aller Hersteller geeignet (Wohlenberg, Polar, Perfecta) mit Eigensteuerung Anschlag und Lufttisch aus Edelstahl links- oder rechtsseitiger Anbau m\u00f6glich L\u00e4nge 165cm, Breite 25cm mit Luftd\u00fcsen wird ben\u00f6tigt, wenn eine Schneidemaschine \u00fcber den Maschinen-Hintertisch beschickt werden soll<\/p>\n","protected":false},"featured_media":1914,"template":"","meta":[],"product_brand":[],"product_cat":[788],"product_tag":[],"class_list":{"0":"post-6999","1":"product","2":"type-product","3":"status-publish","4":"has-post-thumbnail","6":"product_cat-schneidemaschinen","7":"pa_baujahr-165","8":"pa_hersteller-wohlenberg-polar-perfecta","9":"pa_typ-pneumatisch-absenkbarer-seitenanschlag","11":"first","12":"instock","13":"sold-individually","14":"taxable","15":"shipping-taxable","16":"purchasable","17":"product-type-simple"},"jetpack_sharing_enabled":true,"_links":{"self":[{"href":"https:\/\/www.3p-gmbh.de\/hi\/wp-json\/wp\/v2\/product\/6999","targetHints":{"allow":["GET"]}}],"collection":[{"href":"https:\/\/www.3p-gmbh.de\/hi\/wp-json\/wp\/v2\/product"}],"about":[{"href":"https:\/\/www.3p-gmbh.de\/hi\/wp-json\/wp\/v2\/types\/product"}],"wp:featuredmedia":[{"embeddable":true,"href":"https:\/\/www.3p-gmbh.de\/hi\/wp-json\/wp\/v2\/media\/1914"}],"wp:attachment":[{"href":"https:\/\/www.3p-gmbh.de\/hi\/wp-json\/wp\/v2\/media?parent=6999"}],"wp:term":[{"taxonomy":"product_brand","embeddable":true,"href":"https:\/\/www.3p-gmbh.de\/hi\/wp-json\/wp\/v2\/product_brand?post=6999"},{"taxonomy":"product_cat","embeddable":true,"href":"https:\/\/www.3p-gmbh.de\/hi\/wp-json\/wp\/v2\/product_cat?post=6999"},{"taxonomy":"product_tag","embeddable":true,"href":"https:\/\/www.3p-gmbh.de\/hi\/wp-json\/wp\/v2\/product_tag?post=6999"}],"curies":[{"name":"wp","href":"https:\/\/api.w.org\/{rel}","templated":true}]}}