{"id":6965,"date":"2019-07-11T13:54:54","date_gmt":"2019-07-11T13:54:54","guid":{"rendered":"http:\/\/www.3p-gmbh.de\/produkt\/elektrische-stapel-schneidemaschine\/"},"modified":"2019-08-22T10:08:47","modified_gmt":"2019-08-22T10:08:47","slug":"elektrische-stapel-schneidemaschine","status":"publish","type":"product","link":"https:\/\/www.3p-gmbh.de\/hi\/produkt\/elektrische-stapel-schneidemaschine\/","title":{"rendered":"Krug &#038; Priester Ideal 5221-90 Schneidemaschine"},"content":{"rendered":"<ul>\n<li>mit zwei Seitentischen<\/li>\n<li>Digital-Massanzeige, Massangabe in cm<\/li>\n<li>mit Zweihandausl\u00f6sung<\/li>\n<li>Schnittandeutung<\/li>\n<li>Stapelschneider mit 520 mm Schnittbreite, St\u00e4rke: 80 mm<\/li>\n<li>max. Abstand Sattel zum Messer: 520mm<\/li>\n<li>elektrische Pressung und Pressung\/Schnitt<\/li>\n<li>abschliessbarer Hauptschalter und Schl\u00fcssel<\/li>\n<li>R\u00fcckanschlag mit Kurbel f\u00fcr Feineinstellung<\/li>\n<\/ul>\n","protected":false},"excerpt":{"rendered":"<p>mit zwei Seitentischen Digital-Massanzeige, Massangabe in cm mit Zweihandausl\u00f6sung Schnittandeutung Stapelschneider mit 520 mm Schnittbreite, St\u00e4rke: 80 mm max. Abstand Sattel zum Messer: 520mm elektrische Pressung und Pressung\/Schnitt abschliessbarer Hauptschalter und Schl\u00fcssel R\u00fcckanschlag mit Kurbel f\u00fcr Feineinstellung<\/p>\n","protected":false},"featured_media":1785,"template":"","meta":[],"product_brand":[],"product_cat":[788],"product_tag":[],"class_list":{"0":"post-6965","1":"product","2":"type-product","3":"status-publish","4":"has-post-thumbnail","6":"product_cat-schneidemaschinen","7":"pa_baujahr-196","8":"pa_hersteller-krug-priester","9":"pa_typ-ideal-5221-90","11":"first","12":"instock","13":"sold-individually","14":"taxable","15":"shipping-taxable","16":"purchasable","17":"product-type-simple"},"jetpack_sharing_enabled":true,"_links":{"self":[{"href":"https:\/\/www.3p-gmbh.de\/hi\/wp-json\/wp\/v2\/product\/6965","targetHints":{"allow":["GET"]}}],"collection":[{"href":"https:\/\/www.3p-gmbh.de\/hi\/wp-json\/wp\/v2\/product"}],"about":[{"href":"https:\/\/www.3p-gmbh.de\/hi\/wp-json\/wp\/v2\/types\/product"}],"wp:featuredmedia":[{"embeddable":true,"href":"https:\/\/www.3p-gmbh.de\/hi\/wp-json\/wp\/v2\/media\/1785"}],"wp:attachment":[{"href":"https:\/\/www.3p-gmbh.de\/hi\/wp-json\/wp\/v2\/media?parent=6965"}],"wp:term":[{"taxonomy":"product_brand","embeddable":true,"href":"https:\/\/www.3p-gmbh.de\/hi\/wp-json\/wp\/v2\/product_brand?post=6965"},{"taxonomy":"product_cat","embeddable":true,"href":"https:\/\/www.3p-gmbh.de\/hi\/wp-json\/wp\/v2\/product_cat?post=6965"},{"taxonomy":"product_tag","embeddable":true,"href":"https:\/\/www.3p-gmbh.de\/hi\/wp-json\/wp\/v2\/product_tag?post=6965"}],"curies":[{"name":"wp","href":"https:\/\/api.w.org\/{rel}","templated":true}]}}