{"id":6888,"date":"2019-07-11T13:54:22","date_gmt":"2019-07-11T13:54:22","guid":{"rendered":"http:\/\/www.3p-gmbh.de\/produkt\/flachbettscanner\/"},"modified":"2019-11-14T09:39:17","modified_gmt":"2019-11-14T09:39:17","slug":"flachbettscanner","status":"publish","type":"product","link":"https:\/\/www.3p-gmbh.de\/hi\/produkt\/flachbettscanner\/","title":{"rendered":"Linotype-Hell Topaz Flachbettscanner"},"content":{"rendered":"<ul>\n<li>mit LinoColor 6.0 Scansoftware f\u00fcr Mac<\/li>\n<li>Trilineare Farb-CCD-Zeile<\/li>\n<li>AutoScaling f\u00fcr die stufenlose Berechnung des Ma\u00dfstabs im Scanner<\/li>\n<li>AutoSharpening f\u00fcr optimale und schnelle Berechnungen im Scanner<\/li>\n<li>1 Universaltablett fuer Originale Aufsicht\/Durchsicht, max. Format 305x457mm<\/li>\n<li>Leuchttisch im Scanner integriert<\/li>\n<li>Montagelineale f\u00fcr das exakte Ausrichten von Vorlagen auf dem Vorlagenhalter<\/li>\n<li>Vorlagenformat max. 305x457mm f\u00fcr Aufsicht, 210x457mm f\u00fcr Durchsicht<\/li>\n<li>Vorlagenarten Durchsicht und Aufsicht, Farbe und Schwarzweiss, Halbton- und Strichvorlagen, Positiv und Negativ, 3 D-Originale bis max. 20 mm H\u00f6he<\/li>\n<li>Ma\u00dfstabsbereich: 20 &#8211; 2000%<\/li>\n<li>Ma\u00dfstabsberechnung Stufenlos mit AutoScaling-Hardware<\/li>\n<li>Sch\u00e4rfeberechnung AutoSharpening-Hardware im Scanner<\/li>\n<li>Scanaufl\u00f6sung max.: optische 3800 dpi, interpolierte Aufl\u00f6sung 8150 dpi<\/li>\n<li>Differenzierbarer Dichtebereich 3.7 D, gemessen auf der Filmausgabe eines Graukeils<\/li>\n<li>Aufl\u00f6sbare Dichte max. 4.0 D, gemessen auf der Filmausgabe eines Graukeils<\/li>\n<li>Schnittstelle SCSI<\/li>\n<\/ul>\n","protected":false},"excerpt":{"rendered":"<p>mit LinoColor 6.0 Scansoftware f\u00fcr Mac Trilineare Farb-CCD-Zeile AutoScaling f\u00fcr die stufenlose Berechnung des Ma\u00dfstabs im Scanner AutoSharpening f\u00fcr optimale und schnelle Berechnungen im Scanner 1 Universaltablett fuer Originale Aufsicht\/Durchsicht, max. Format 305x457mm Leuchttisch im Scanner integriert Montagelineale f\u00fcr das exakte Ausrichten von Vorlagen auf dem Vorlagenhalter Vorlagenformat max. 305x457mm f\u00fcr Aufsicht, 210x457mm f\u00fcr Durchsicht [&hellip;]<\/p>\n","protected":false},"featured_media":1535,"template":"","meta":[],"product_brand":[],"product_cat":[1643],"product_tag":[],"class_list":{"0":"post-6888","1":"product","2":"type-product","3":"status-publish","4":"has-post-thumbnail","6":"product_cat-flachbettscanner","7":"pa_baujahr-194","8":"pa_hersteller-linotype-hell","9":"pa_typ-topaz-i","11":"first","12":"instock","13":"sold-individually","14":"taxable","15":"shipping-taxable","16":"purchasable","17":"product-type-simple"},"jetpack_sharing_enabled":true,"_links":{"self":[{"href":"https:\/\/www.3p-gmbh.de\/hi\/wp-json\/wp\/v2\/product\/6888","targetHints":{"allow":["GET"]}}],"collection":[{"href":"https:\/\/www.3p-gmbh.de\/hi\/wp-json\/wp\/v2\/product"}],"about":[{"href":"https:\/\/www.3p-gmbh.de\/hi\/wp-json\/wp\/v2\/types\/product"}],"wp:featuredmedia":[{"embeddable":true,"href":"https:\/\/www.3p-gmbh.de\/hi\/wp-json\/wp\/v2\/media\/1535"}],"wp:attachment":[{"href":"https:\/\/www.3p-gmbh.de\/hi\/wp-json\/wp\/v2\/media?parent=6888"}],"wp:term":[{"taxonomy":"product_brand","embeddable":true,"href":"https:\/\/www.3p-gmbh.de\/hi\/wp-json\/wp\/v2\/product_brand?post=6888"},{"taxonomy":"product_cat","embeddable":true,"href":"https:\/\/www.3p-gmbh.de\/hi\/wp-json\/wp\/v2\/product_cat?post=6888"},{"taxonomy":"product_tag","embeddable":true,"href":"https:\/\/www.3p-gmbh.de\/hi\/wp-json\/wp\/v2\/product_tag?post=6888"}],"curies":[{"name":"wp","href":"https:\/\/api.w.org\/{rel}","templated":true}]}}