{"id":6864,"date":"2019-07-11T13:54:09","date_gmt":"2019-07-11T13:54:09","guid":{"rendered":"http:\/\/www.3p-gmbh.de\/produkt\/plattenbelichter-vollautomat\/"},"modified":"2019-11-08T13:50:40","modified_gmt":"2019-11-08T13:50:40","slug":"plattenbelichter-vollautomat","status":"publish","type":"product","link":"https:\/\/www.3p-gmbh.de\/hi\/produkt\/plattenbelichter-vollautomat\/","title":{"rendered":"Heidelberg Suprasetter S 75 SCL CtP-Vollautomat"},"content":{"rendered":"<ul>\n<li>Vollautomat mit zwei fahrbaren Plattenvorratskassetten, welche wahlweise eingelegt werden m\u00fcssen<\/li>\n<li>thermal Laser 830nm<\/li>\n<li>Aufl\u00f6sung 2540<\/li>\n<li>min. Format 370 x 324mm<\/li>\n<li>max. Format 680 x 760mm<\/li>\n<li>Plattenst\u00e4rke 0,15-0,30mm<\/li>\n<li>Leistung ca. 21Platten\/h<\/li>\n<li>inline Autoplate Stanze 425 mm<\/li>\n<li>Heidelberg Meta Rip 4-up Version 7.5.1<\/li>\n<li>Metashooter 4.5, CIP 4, Prinect Signa 4.5.3<\/li>\n<li>Prinect Color Proof 4.0<\/li>\n<li>Pre Press Manager M<\/li>\n<li>Glunz &amp; Jensen C 85 Gummierstation f\u00fcr prozesslose Platten<\/li>\n<li>Glunz &amp; Jensen kurzer Plattenstacker<\/li>\n<\/ul>\n","protected":false},"excerpt":{"rendered":"<p>Vollautomat mit zwei fahrbaren Plattenvorratskassetten, welche wahlweise eingelegt werden m\u00fcssen thermal Laser 830nm Aufl\u00f6sung 2540 min. Format 370 x 324mm max. Format 680 x 760mm Plattenst\u00e4rke 0,15-0,30mm Leistung ca. 21Platten\/h inline Autoplate Stanze 425 mm Heidelberg Meta Rip 4-up Version 7.5.1 Metashooter 4.5, CIP 4, Prinect Signa 4.5.3 Prinect Color Proof 4.0 Pre Press Manager [&hellip;]<\/p>\n","protected":false},"featured_media":1461,"template":"","meta":[],"product_brand":[],"product_cat":[82],"product_tag":[],"class_list":{"0":"post-6864","1":"product","2":"type-product","3":"status-publish","4":"has-post-thumbnail","6":"product_cat-computer-to-plate-systeme","7":"pa_baujahr-127","8":"pa_hersteller-heidelberg","9":"pa_typ-suprasetter-s-75-scl","11":"first","12":"instock","13":"sold-individually","14":"taxable","15":"shipping-taxable","16":"purchasable","17":"product-type-simple"},"jetpack_sharing_enabled":true,"_links":{"self":[{"href":"https:\/\/www.3p-gmbh.de\/hi\/wp-json\/wp\/v2\/product\/6864","targetHints":{"allow":["GET"]}}],"collection":[{"href":"https:\/\/www.3p-gmbh.de\/hi\/wp-json\/wp\/v2\/product"}],"about":[{"href":"https:\/\/www.3p-gmbh.de\/hi\/wp-json\/wp\/v2\/types\/product"}],"wp:featuredmedia":[{"embeddable":true,"href":"https:\/\/www.3p-gmbh.de\/hi\/wp-json\/wp\/v2\/media\/1461"}],"wp:attachment":[{"href":"https:\/\/www.3p-gmbh.de\/hi\/wp-json\/wp\/v2\/media?parent=6864"}],"wp:term":[{"taxonomy":"product_brand","embeddable":true,"href":"https:\/\/www.3p-gmbh.de\/hi\/wp-json\/wp\/v2\/product_brand?post=6864"},{"taxonomy":"product_cat","embeddable":true,"href":"https:\/\/www.3p-gmbh.de\/hi\/wp-json\/wp\/v2\/product_cat?post=6864"},{"taxonomy":"product_tag","embeddable":true,"href":"https:\/\/www.3p-gmbh.de\/hi\/wp-json\/wp\/v2\/product_tag?post=6864"}],"curies":[{"name":"wp","href":"https:\/\/api.w.org\/{rel}","templated":true}]}}