{"id":6830,"date":"2019-07-11T13:53:56","date_gmt":"2019-07-11T13:53:56","guid":{"rendered":"http:\/\/www.3p-gmbh.de\/produkt\/polyester-ctp-system\/"},"modified":"2019-11-08T14:02:47","modified_gmt":"2019-11-08T14:02:47","slug":"polyester-ctp-system","status":"publish","type":"product","link":"https:\/\/www.3p-gmbh.de\/hi\/produkt\/polyester-ctp-system\/","title":{"rendered":"DPX 460 PolyesterCtP-System"},"content":{"rendered":"<ul>\n<li>zur Herstellung druckfertig gestanzter Polyesterdruckplatten f\u00fcr GTO, Ryobi 5x<\/li>\n<li>bis 3600 dpi<\/li>\n<li>Auflagenbest\u00e4ndigkeit 20-25000 Bogen<\/li>\n<li>Aufl\u00f6sung bis 70er Raster<\/li>\n<li>integrierte Registerstanze<\/li>\n<li>DPX-RIP-Mate V8.x<\/li>\n<\/ul>\n","protected":false},"excerpt":{"rendered":"<p>zur Herstellung druckfertig gestanzter Polyesterdruckplatten f\u00fcr GTO, Ryobi 5x bis 3600 dpi Auflagenbest\u00e4ndigkeit 20-25000 Bogen Aufl\u00f6sung bis 70er Raster integrierte Registerstanze DPX-RIP-Mate V8.x<\/p>\n","protected":false},"featured_media":1349,"template":"","meta":[],"product_brand":[],"product_cat":[82],"product_tag":[],"class_list":{"0":"post-6830","1":"product","2":"type-product","3":"status-publish","4":"has-post-thumbnail","6":"product_cat-computer-to-plate-systeme","7":"pa_baujahr-140","8":"pa_hersteller-mitsubishi","9":"pa_typ-dpx-460","11":"first","12":"instock","13":"sold-individually","14":"taxable","15":"shipping-taxable","16":"purchasable","17":"product-type-simple"},"jetpack_sharing_enabled":true,"_links":{"self":[{"href":"https:\/\/www.3p-gmbh.de\/hi\/wp-json\/wp\/v2\/product\/6830","targetHints":{"allow":["GET"]}}],"collection":[{"href":"https:\/\/www.3p-gmbh.de\/hi\/wp-json\/wp\/v2\/product"}],"about":[{"href":"https:\/\/www.3p-gmbh.de\/hi\/wp-json\/wp\/v2\/types\/product"}],"wp:featuredmedia":[{"embeddable":true,"href":"https:\/\/www.3p-gmbh.de\/hi\/wp-json\/wp\/v2\/media\/1349"}],"wp:attachment":[{"href":"https:\/\/www.3p-gmbh.de\/hi\/wp-json\/wp\/v2\/media?parent=6830"}],"wp:term":[{"taxonomy":"product_brand","embeddable":true,"href":"https:\/\/www.3p-gmbh.de\/hi\/wp-json\/wp\/v2\/product_brand?post=6830"},{"taxonomy":"product_cat","embeddable":true,"href":"https:\/\/www.3p-gmbh.de\/hi\/wp-json\/wp\/v2\/product_cat?post=6830"},{"taxonomy":"product_tag","embeddable":true,"href":"https:\/\/www.3p-gmbh.de\/hi\/wp-json\/wp\/v2\/product_tag?post=6830"}],"curies":[{"name":"wp","href":"https:\/\/api.w.org\/{rel}","templated":true}]}}