{"id":6791,"date":"2019-07-11T13:53:31","date_gmt":"2019-07-11T13:53:31","guid":{"rendered":"http:\/\/www.3p-gmbh.de\/produkt\/auslagewagen-2\/"},"modified":"2019-09-11T14:09:54","modified_gmt":"2019-09-11T14:09:54","slug":"auslagewagen-2","status":"publish","type":"product","link":"https:\/\/www.3p-gmbh.de\/hi\/produkt\/auslagewagen-2\/","title":{"rendered":"Heidelberg Auslagewagen f\u00fcr SM 52"},"content":{"rendered":"<ul>\n<li>f\u00fcr Heidelberg Speedmaster SM 52 oder Printmaster PM 52<\/li>\n<li>auch Auslagewagen f\u00fcr andere Druckmaschinen verf\u00fcgbar<\/li>\n<\/ul>\n","protected":false},"excerpt":{"rendered":"<p>f\u00fcr Heidelberg Speedmaster SM 52 oder Printmaster PM 52 auch Auslagewagen f\u00fcr andere Druckmaschinen verf\u00fcgbar<\/p>\n","protected":false},"featured_media":1242,"template":"","meta":[],"product_brand":[],"product_cat":[418],"product_tag":[],"class_list":{"0":"post-6791","1":"product","2":"type-product","3":"status-publish","4":"has-post-thumbnail","6":"product_cat-druckmaschinenzubehoer-und-ersatzteile","7":"pa_hersteller-heidelberg","8":"pa_typ-speedmaster-sm-52","10":"first","11":"instock","12":"sold-individually","13":"taxable","14":"shipping-taxable","15":"purchasable","16":"product-type-simple"},"jetpack_sharing_enabled":true,"_links":{"self":[{"href":"https:\/\/www.3p-gmbh.de\/hi\/wp-json\/wp\/v2\/product\/6791","targetHints":{"allow":["GET"]}}],"collection":[{"href":"https:\/\/www.3p-gmbh.de\/hi\/wp-json\/wp\/v2\/product"}],"about":[{"href":"https:\/\/www.3p-gmbh.de\/hi\/wp-json\/wp\/v2\/types\/product"}],"wp:featuredmedia":[{"embeddable":true,"href":"https:\/\/www.3p-gmbh.de\/hi\/wp-json\/wp\/v2\/media\/1242"}],"wp:attachment":[{"href":"https:\/\/www.3p-gmbh.de\/hi\/wp-json\/wp\/v2\/media?parent=6791"}],"wp:term":[{"taxonomy":"product_brand","embeddable":true,"href":"https:\/\/www.3p-gmbh.de\/hi\/wp-json\/wp\/v2\/product_brand?post=6791"},{"taxonomy":"product_cat","embeddable":true,"href":"https:\/\/www.3p-gmbh.de\/hi\/wp-json\/wp\/v2\/product_cat?post=6791"},{"taxonomy":"product_tag","embeddable":true,"href":"https:\/\/www.3p-gmbh.de\/hi\/wp-json\/wp\/v2\/product_tag?post=6791"}],"curies":[{"name":"wp","href":"https:\/\/api.w.org\/{rel}","templated":true}]}}