{"id":6779,"date":"2019-07-11T13:53:23","date_gmt":"2019-07-11T13:53:23","guid":{"rendered":"http:\/\/www.3p-gmbh.de\/produkt\/inline-lackierwerk\/"},"modified":"2019-09-17T10:31:33","modified_gmt":"2019-09-17T10:31:33","slug":"inline-lackierwerk","status":"publish","type":"product","link":"https:\/\/www.3p-gmbh.de\/hi\/produkt\/inline-lackierwerk\/","title":{"rendered":"LACO SP 52 PM Inline-Lackierwerk"},"content":{"rendered":"<ul>\n<li>Nachr\u00fcstkit f\u00fcr Inline-Lackierwerk f\u00fcr Dispersionslack incl. Trockner usw.<\/li>\n<li>f\u00fcr Printmaster PM Plusversionsmaschinen geeignet<\/li>\n<li>maximale Lackierfl\u00e4che 490 x 340 mm<\/li>\n<li>Greiferkante ca. 12 mm<\/li>\n<li>Lackiergeschwindigkeit 8.000 B\/h<\/li>\n<li>f\u00fcr Dispersions- und Blisterlacke<\/li>\n<li>Viskosit\u00e4ten der Lacke 30-40 s DIN 4<\/li>\n<\/ul>\n","protected":false},"excerpt":{"rendered":"<p>Nachr\u00fcstkit f\u00fcr Inline-Lackierwerk f\u00fcr Dispersionslack incl. Trockner usw. f\u00fcr Printmaster PM Plusversionsmaschinen geeignet maximale Lackierfl\u00e4che 490 x 340 mm Greiferkante ca. 12 mm Lackiergeschwindigkeit 8.000 B\/h f\u00fcr Dispersions- und Blisterlacke Viskosit\u00e4ten der Lacke 30-40 s DIN 4<\/p>\n","protected":false},"featured_media":1201,"template":"","meta":[],"product_brand":[],"product_cat":[418],"product_tag":[],"class_list":{"0":"post-6779","1":"product","2":"type-product","3":"status-publish","4":"has-post-thumbnail","6":"product_cat-druckmaschinenzubehoer-und-ersatzteile","7":"pa_baujahr-198","8":"pa_hersteller-laco","9":"pa_typ-sp-52-pm","11":"first","12":"instock","13":"sold-individually","14":"taxable","15":"shipping-taxable","16":"purchasable","17":"product-type-simple"},"jetpack_sharing_enabled":true,"_links":{"self":[{"href":"https:\/\/www.3p-gmbh.de\/hi\/wp-json\/wp\/v2\/product\/6779","targetHints":{"allow":["GET"]}}],"collection":[{"href":"https:\/\/www.3p-gmbh.de\/hi\/wp-json\/wp\/v2\/product"}],"about":[{"href":"https:\/\/www.3p-gmbh.de\/hi\/wp-json\/wp\/v2\/types\/product"}],"wp:featuredmedia":[{"embeddable":true,"href":"https:\/\/www.3p-gmbh.de\/hi\/wp-json\/wp\/v2\/media\/1201"}],"wp:attachment":[{"href":"https:\/\/www.3p-gmbh.de\/hi\/wp-json\/wp\/v2\/media?parent=6779"}],"wp:term":[{"taxonomy":"product_brand","embeddable":true,"href":"https:\/\/www.3p-gmbh.de\/hi\/wp-json\/wp\/v2\/product_brand?post=6779"},{"taxonomy":"product_cat","embeddable":true,"href":"https:\/\/www.3p-gmbh.de\/hi\/wp-json\/wp\/v2\/product_cat?post=6779"},{"taxonomy":"product_tag","embeddable":true,"href":"https:\/\/www.3p-gmbh.de\/hi\/wp-json\/wp\/v2\/product_tag?post=6779"}],"curies":[{"name":"wp","href":"https:\/\/api.w.org\/{rel}","templated":true}]}}