{"id":6771,"date":"2019-07-11T13:53:23","date_gmt":"2019-07-11T13:53:23","guid":{"rendered":"http:\/\/www.3p-gmbh.de\/produkt\/druckplatten-bieger-abkanntung\/"},"modified":"2019-09-13T13:45:13","modified_gmt":"2019-09-13T13:45:13","slug":"druckplatten-bieger-abkanntung","status":"publish","type":"product","link":"https:\/\/www.3p-gmbh.de\/hi\/produkt\/druckplatten-bieger-abkanntung\/","title":{"rendered":"Beil PB-S-74\/52 Druckplatten-Abkantung"},"content":{"rendered":"<ul>\n<li>Standmodell Autoplate f\u00fcr Speedmaster 52\/74<\/li>\n<li>Druckplattenbreite bis 525 \/ 745 mm<\/li>\n<li>Ausf\u00fchrung Schra\u00e4gtisch<\/li>\n<li>Ausl\u00f6sung \u00fcber Biegehebel<\/li>\n<li>Ergonomische Arbeitsh\u00f6he<\/li>\n<li>Entnahmeschlitz f\u00fcr Druckplatten<\/li>\n<li>Robuste Qualit\u00e4tsbauweise f\u00fcr besondere Langlebigkeit<\/li>\n<\/ul>\n","protected":false},"excerpt":{"rendered":"<p>Standmodell Autoplate f\u00fcr Speedmaster 52\/74 Druckplattenbreite bis 525 \/ 745 mm Ausf\u00fchrung Schra\u00e4gtisch Ausl\u00f6sung \u00fcber Biegehebel Ergonomische Arbeitsh\u00f6he Entnahmeschlitz f\u00fcr Druckplatten Robuste Qualit\u00e4tsbauweise f\u00fcr besondere Langlebigkeit<\/p>\n","protected":false},"featured_media":1172,"template":"","meta":[],"product_brand":[],"product_cat":[418],"product_tag":[],"class_list":{"0":"post-6771","1":"product","2":"type-product","3":"status-publish","4":"has-post-thumbnail","6":"product_cat-druckmaschinenzubehoer-und-ersatzteile","7":"pa_baujahr-168","8":"pa_hersteller-beil","9":"pa_typ-pb-s-74-52-hb-m","11":"first","12":"instock","13":"sold-individually","14":"taxable","15":"shipping-taxable","16":"purchasable","17":"product-type-simple"},"jetpack_sharing_enabled":true,"_links":{"self":[{"href":"https:\/\/www.3p-gmbh.de\/hi\/wp-json\/wp\/v2\/product\/6771","targetHints":{"allow":["GET"]}}],"collection":[{"href":"https:\/\/www.3p-gmbh.de\/hi\/wp-json\/wp\/v2\/product"}],"about":[{"href":"https:\/\/www.3p-gmbh.de\/hi\/wp-json\/wp\/v2\/types\/product"}],"wp:featuredmedia":[{"embeddable":true,"href":"https:\/\/www.3p-gmbh.de\/hi\/wp-json\/wp\/v2\/media\/1172"}],"wp:attachment":[{"href":"https:\/\/www.3p-gmbh.de\/hi\/wp-json\/wp\/v2\/media?parent=6771"}],"wp:term":[{"taxonomy":"product_brand","embeddable":true,"href":"https:\/\/www.3p-gmbh.de\/hi\/wp-json\/wp\/v2\/product_brand?post=6771"},{"taxonomy":"product_cat","embeddable":true,"href":"https:\/\/www.3p-gmbh.de\/hi\/wp-json\/wp\/v2\/product_cat?post=6771"},{"taxonomy":"product_tag","embeddable":true,"href":"https:\/\/www.3p-gmbh.de\/hi\/wp-json\/wp\/v2\/product_tag?post=6771"}],"curies":[{"name":"wp","href":"https:\/\/api.w.org\/{rel}","templated":true}]}}