{"id":6733,"date":"2019-07-11T13:53:09","date_gmt":"2019-07-11T13:53:09","guid":{"rendered":"http:\/\/www.3p-gmbh.de\/produkt\/eindruckwerk-zum-numerieren-fuer-gto-52\/"},"modified":"2019-09-18T12:16:05","modified_gmt":"2019-09-18T12:16:05","slug":"eindruckwerk-zum-numerieren-fuer-gto-52","status":"publish","type":"product","link":"https:\/\/www.3p-gmbh.de\/hi\/produkt\/eindruckwerk-zum-numerieren-fuer-gto-52\/","title":{"rendered":"Heidelberg Numerierwerk f\u00fcr  GTO 52"},"content":{"rendered":"<ul>\n<li>Eindruckwerk zum Numerieren f\u00fcr Heidelberg GTO-52 Plusversion<\/li>\n<li>Farbkasten mit Zonenschrauben<\/li>\n<li>Numeratorwelle mit zwei Sitzringen und 2 Schaltkurven<\/li>\n<li>2 Z\u00e4hlwerke (7 Ziffern)<\/li>\n<li>1 Klischeetr\u00e4ger<\/li>\n<\/ul>\n","protected":false},"excerpt":{"rendered":"<p>Eindruckwerk zum Numerieren f\u00fcr Heidelberg GTO-52 Plusversion Farbkasten mit Zonenschrauben Numeratorwelle mit zwei Sitzringen und 2 Schaltkurven 2 Z\u00e4hlwerke (7 Ziffern) 1 Klischeetr\u00e4ger<\/p>\n","protected":false},"featured_media":1066,"template":"","meta":[],"product_brand":[],"product_cat":[418],"product_tag":[],"class_list":{"0":"post-6733","1":"product","2":"type-product","3":"status-publish","4":"has-post-thumbnail","6":"product_cat-druckmaschinenzubehoer-und-ersatzteile","7":"pa_hersteller-heidelberg","9":"first","10":"instock","11":"sold-individually","12":"taxable","13":"shipping-taxable","14":"purchasable","15":"product-type-simple"},"jetpack_sharing_enabled":true,"_links":{"self":[{"href":"https:\/\/www.3p-gmbh.de\/hi\/wp-json\/wp\/v2\/product\/6733","targetHints":{"allow":["GET"]}}],"collection":[{"href":"https:\/\/www.3p-gmbh.de\/hi\/wp-json\/wp\/v2\/product"}],"about":[{"href":"https:\/\/www.3p-gmbh.de\/hi\/wp-json\/wp\/v2\/types\/product"}],"wp:featuredmedia":[{"embeddable":true,"href":"https:\/\/www.3p-gmbh.de\/hi\/wp-json\/wp\/v2\/media\/1066"}],"wp:attachment":[{"href":"https:\/\/www.3p-gmbh.de\/hi\/wp-json\/wp\/v2\/media?parent=6733"}],"wp:term":[{"taxonomy":"product_brand","embeddable":true,"href":"https:\/\/www.3p-gmbh.de\/hi\/wp-json\/wp\/v2\/product_brand?post=6733"},{"taxonomy":"product_cat","embeddable":true,"href":"https:\/\/www.3p-gmbh.de\/hi\/wp-json\/wp\/v2\/product_cat?post=6733"},{"taxonomy":"product_tag","embeddable":true,"href":"https:\/\/www.3p-gmbh.de\/hi\/wp-json\/wp\/v2\/product_tag?post=6733"}],"curies":[{"name":"wp","href":"https:\/\/api.w.org\/{rel}","templated":true}]}}