{"id":6727,"date":"2019-07-11T13:53:09","date_gmt":"2019-07-11T13:53:09","guid":{"rendered":"http:\/\/www.3p-gmbh.de\/produkt\/scan-spectrometer\/"},"modified":"2019-11-08T10:52:14","modified_gmt":"2019-11-08T10:52:14","slug":"scan-spectrometer","status":"publish","type":"product","link":"https:\/\/www.3p-gmbh.de\/hi\/produkt\/scan-spectrometer\/","title":{"rendered":"Techkon SpectroJet Scan-Spectrometer"},"content":{"rendered":"<p>Das Scan-Spectrometer Techkon SpectroJet revolutioniert das automatische Messen von Dichten, Tonwertzunahmen und farbmetrischen Werten auf beliebigen Druckkontrollstreifen. Das Messger\u00e4t wird einfach von Hand \u00fcber die Messelemente gef\u00fchrt. F\u00fchrungsrollen im Ger\u00e4teboden sorgen f\u00fcr einen sicheren Geradeauslauf.<br \/>\nSpectroJet ist mit einem hochaufl\u00f6senden Spektralsensor ausgestattet, der \u00fcber einen automatisch einschwenkbaren Polarisationsfilter verf\u00fcgt, wie es die ISO-Normung vorgibt. Die Messdaten k\u00f6nnen bequem in andere Softwareprogramme exportiert werden. Das Messger\u00e4t eignet sich hervorragend f\u00fcr die Steuerung und Regelung des Farbauftrags an Druckmaschinen und dient somit der Verk\u00fcrzung von Einrichtzeiten, weniger Papiermakulatur und einer h\u00f6heren Druckqualit\u00e4t.<\/p>\n<p>Lieferumfang:<\/p>\n<ul>\n<li>Scan-Spectrometer SpectroJet Basic mit Netzger\u00e4t, Weissstandard und Datenkabel im Ger\u00e4tekoffer<\/li>\n<\/ul>\n<p>Optional gegen Aufpreis zu bestellen:<\/p>\n<ul>\n<li>ExPresso Software Basic<\/li>\n<li>Anlegeschiene Spectro Track (verschiedene Breiten)<\/li>\n<\/ul>\n","protected":false},"excerpt":{"rendered":"<p>Das Scan-Spectrometer Techkon SpectroJet revolutioniert das automatische Messen von Dichten, Tonwertzunahmen und farbmetrischen Werten auf beliebigen Druckkontrollstreifen. Das Messger\u00e4t wird einfach von Hand \u00fcber die Messelemente gef\u00fchrt. F\u00fchrungsrollen im Ger\u00e4teboden sorgen f\u00fcr einen sicheren Geradeauslauf. SpectroJet ist mit einem hochaufl\u00f6senden Spektralsensor ausgestattet, der \u00fcber einen automatisch einschwenkbaren Polarisationsfilter verf\u00fcgt, wie es die ISO-Normung vorgibt. Die [&hellip;]<\/p>\n","protected":false},"featured_media":1051,"template":"","meta":[],"product_brand":[],"product_cat":[1780],"product_tag":[],"class_list":{"0":"post-6727","1":"product","2":"type-product","3":"status-publish","4":"has-post-thumbnail","6":"product_cat-messgeraete-und-qualitaetssicherung","7":"pa_baujahr-145","8":"pa_hersteller-techkon","9":"pa_typ-spectrojet","11":"first","12":"instock","13":"sold-individually","14":"taxable","15":"shipping-taxable","16":"purchasable","17":"product-type-simple"},"jetpack_sharing_enabled":true,"_links":{"self":[{"href":"https:\/\/www.3p-gmbh.de\/hi\/wp-json\/wp\/v2\/product\/6727","targetHints":{"allow":["GET"]}}],"collection":[{"href":"https:\/\/www.3p-gmbh.de\/hi\/wp-json\/wp\/v2\/product"}],"about":[{"href":"https:\/\/www.3p-gmbh.de\/hi\/wp-json\/wp\/v2\/types\/product"}],"wp:featuredmedia":[{"embeddable":true,"href":"https:\/\/www.3p-gmbh.de\/hi\/wp-json\/wp\/v2\/media\/1051"}],"wp:attachment":[{"href":"https:\/\/www.3p-gmbh.de\/hi\/wp-json\/wp\/v2\/media?parent=6727"}],"wp:term":[{"taxonomy":"product_brand","embeddable":true,"href":"https:\/\/www.3p-gmbh.de\/hi\/wp-json\/wp\/v2\/product_brand?post=6727"},{"taxonomy":"product_cat","embeddable":true,"href":"https:\/\/www.3p-gmbh.de\/hi\/wp-json\/wp\/v2\/product_cat?post=6727"},{"taxonomy":"product_tag","embeddable":true,"href":"https:\/\/www.3p-gmbh.de\/hi\/wp-json\/wp\/v2\/product_tag?post=6727"}],"curies":[{"name":"wp","href":"https:\/\/api.w.org\/{rel}","templated":true}]}}