{"id":6720,"date":"2019-07-11T13:53:00","date_gmt":"2019-07-11T13:53:00","guid":{"rendered":"http:\/\/www.3p-gmbh.de\/produkt\/elektrischer-waschtuch-wickelstand\/"},"modified":"2019-09-18T13:42:10","modified_gmt":"2019-09-18T13:42:10","slug":"elektrischer-waschtuch-wickelstand","status":"publish","type":"product","link":"https:\/\/www.3p-gmbh.de\/hi\/produkt\/elektrischer-waschtuch-wickelstand\/","title":{"rendered":"Heidelberg Waschtuch-Wickelstand f\u00fcr SM 52"},"content":{"rendered":"<p>Das Ger\u00e4t eignet sich f\u00fcr die eigenst\u00e4ndige Produktion von Waschwickeln aus 500-Meter-Rollen, z.B. Dupont Sontara PrintMaster f\u00fcr Baldwin, Technotrans, Elettra Tuch-Wascheinrichtungen bis 65cm.<\/p>\n","protected":false},"excerpt":{"rendered":"<p>Das Ger\u00e4t eignet sich f\u00fcr die eigenst\u00e4ndige Produktion von Waschwickeln aus 500-Meter-Rollen, z.B. Dupont Sontara PrintMaster f\u00fcr Baldwin, Technotrans, Elettra Tuch-Wascheinrichtungen bis 65cm.<\/p>\n","protected":false},"featured_media":1028,"template":"","meta":[],"product_brand":[],"product_cat":[418],"product_tag":[],"class_list":{"0":"post-6720","1":"product","2":"type-product","3":"status-publish","4":"has-post-thumbnail","6":"product_cat-druckmaschinenzubehoer-und-ersatzteile","7":"pa_baujahr-127","8":"pa_hersteller-heidelberg","9":"pa_typ-wickelstand-52","11":"first","12":"instock","13":"sold-individually","14":"taxable","15":"shipping-taxable","16":"purchasable","17":"product-type-simple"},"jetpack_sharing_enabled":true,"_links":{"self":[{"href":"https:\/\/www.3p-gmbh.de\/hi\/wp-json\/wp\/v2\/product\/6720","targetHints":{"allow":["GET"]}}],"collection":[{"href":"https:\/\/www.3p-gmbh.de\/hi\/wp-json\/wp\/v2\/product"}],"about":[{"href":"https:\/\/www.3p-gmbh.de\/hi\/wp-json\/wp\/v2\/types\/product"}],"wp:featuredmedia":[{"embeddable":true,"href":"https:\/\/www.3p-gmbh.de\/hi\/wp-json\/wp\/v2\/media\/1028"}],"wp:attachment":[{"href":"https:\/\/www.3p-gmbh.de\/hi\/wp-json\/wp\/v2\/media?parent=6720"}],"wp:term":[{"taxonomy":"product_brand","embeddable":true,"href":"https:\/\/www.3p-gmbh.de\/hi\/wp-json\/wp\/v2\/product_brand?post=6720"},{"taxonomy":"product_cat","embeddable":true,"href":"https:\/\/www.3p-gmbh.de\/hi\/wp-json\/wp\/v2\/product_cat?post=6720"},{"taxonomy":"product_tag","embeddable":true,"href":"https:\/\/www.3p-gmbh.de\/hi\/wp-json\/wp\/v2\/product_tag?post=6720"}],"curies":[{"name":"wp","href":"https:\/\/api.w.org\/{rel}","templated":true}]}}