{"id":6688,"date":"2019-07-11T13:52:51","date_gmt":"2019-07-11T13:52:51","guid":{"rendered":"http:\/\/www.3p-gmbh.de\/produkt\/kreuzleger\/"},"modified":"2019-11-12T15:18:39","modified_gmt":"2019-11-12T15:18:39","slug":"kreuzleger","status":"publish","type":"product","link":"https:\/\/www.3p-gmbh.de\/hi\/produkt\/kreuzleger\/","title":{"rendered":"Rima RS 11 Kreuzleger"},"content":{"rendered":"<p>Der Kreuzleger ist speziell f\u00fcr das Stapeln hinter langsameren Sammelheftern, Klebebindern, Einsteck- und Verpackungsmaschinen konzipiert.<\/p>\n<ul>\n<li>Produktz\u00e4hler<\/li>\n<li>Produktdicke 1 &#8211; 32 mm<\/li>\n<li>Produktbreite 102 &#8211; 320 mm<\/li>\n<li>Produktl\u00e4nge 152 &#8211; 470 mm<\/li>\n<li>Leistung max. 12 000 Stck\/h<\/li>\n<li>Stapelh\u00f6he max. 235 mm<\/li>\n<\/ul>\n","protected":false},"excerpt":{"rendered":"<p>Der Kreuzleger ist speziell f\u00fcr das Stapeln hinter langsameren Sammelheftern, Klebebindern, Einsteck- und Verpackungsmaschinen konzipiert. Produktz\u00e4hler Produktdicke 1 &#8211; 32 mm Produktbreite 102 &#8211; 320 mm Produktl\u00e4nge 152 &#8211; 470 mm Leistung max. 12 000 Stck\/h Stapelh\u00f6he max. 235 mm<\/p>\n","protected":false},"featured_media":892,"template":"","meta":[],"product_brand":[],"product_cat":[1752],"product_tag":[],"class_list":{"0":"post-6688","1":"product","2":"type-product","3":"status-publish","4":"has-post-thumbnail","6":"product_cat-kreuzleger","7":"pa_baujahr-198","8":"pa_hersteller-rima","9":"pa_typ-rs-11","11":"first","12":"instock","13":"sold-individually","14":"taxable","15":"shipping-taxable","16":"purchasable","17":"product-type-simple"},"jetpack_sharing_enabled":true,"_links":{"self":[{"href":"https:\/\/www.3p-gmbh.de\/hi\/wp-json\/wp\/v2\/product\/6688","targetHints":{"allow":["GET"]}}],"collection":[{"href":"https:\/\/www.3p-gmbh.de\/hi\/wp-json\/wp\/v2\/product"}],"about":[{"href":"https:\/\/www.3p-gmbh.de\/hi\/wp-json\/wp\/v2\/types\/product"}],"wp:featuredmedia":[{"embeddable":true,"href":"https:\/\/www.3p-gmbh.de\/hi\/wp-json\/wp\/v2\/media\/892"}],"wp:attachment":[{"href":"https:\/\/www.3p-gmbh.de\/hi\/wp-json\/wp\/v2\/media?parent=6688"}],"wp:term":[{"taxonomy":"product_brand","embeddable":true,"href":"https:\/\/www.3p-gmbh.de\/hi\/wp-json\/wp\/v2\/product_brand?post=6688"},{"taxonomy":"product_cat","embeddable":true,"href":"https:\/\/www.3p-gmbh.de\/hi\/wp-json\/wp\/v2\/product_cat?post=6688"},{"taxonomy":"product_tag","embeddable":true,"href":"https:\/\/www.3p-gmbh.de\/hi\/wp-json\/wp\/v2\/product_tag?post=6688"}],"curies":[{"name":"wp","href":"https:\/\/api.w.org\/{rel}","templated":true}]}}