{"id":6581,"date":"2019-07-11T13:51:48","date_gmt":"2019-07-11T13:51:48","guid":{"rendered":"http:\/\/www.3p-gmbh.de\/produkt\/umreifungsmaschine-2\/"},"modified":"2019-09-25T10:54:47","modified_gmt":"2019-09-25T10:54:47","slug":"umreifungsmaschine-2","status":"publish","type":"product","link":"https:\/\/www.3p-gmbh.de\/hi\/produkt\/umreifungsmaschine-2\/","title":{"rendered":"Cyklop Ampag Sprint SM 1 Umreifungsmaschine"},"content":{"rendered":"<ul>\n<li>Paket-Leistung (Pakete\/min): 42<\/li>\n<li>Bandbreite 5 mm eingestellt<\/li>\n<li>Min. Paketl\u00e4nge (mm): ohne Limit<\/li>\n<li>Max. Paketl\u00e4nge (mm): ohne Limit<\/li>\n<li>Min. Paketbreite (mm): 100<\/li>\n<li>Max. Paketbreite (mm): 600<\/li>\n<li>Min. Paketh\u00f6he (mm): 20<\/li>\n<li>Max. Paketh\u00f6he (mm): 600<\/li>\n<li>Max. Paketgewicht (kg): 30<\/li>\n<\/ul>\n","protected":false},"excerpt":{"rendered":"<p>Paket-Leistung (Pakete\/min): 42 Bandbreite 5 mm eingestellt Min. Paketl\u00e4nge (mm): ohne Limit Max. Paketl\u00e4nge (mm): ohne Limit Min. Paketbreite (mm): 100 Max. Paketbreite (mm): 600 Min. Paketh\u00f6he (mm): 20 Max. Paketh\u00f6he (mm): 600 Max. Paketgewicht (kg): 30<\/p>\n","protected":false},"featured_media":433,"template":"","meta":[],"product_brand":[],"product_cat":[166],"product_tag":[],"class_list":{"0":"post-6581","1":"product","2":"type-product","3":"status-publish","4":"has-post-thumbnail","6":"product_cat-umreifungsmaschinen","7":"pa_baujahr-182","8":"pa_hersteller-cyklop-smb","9":"pa_typ-ampag-sprint-sm-1","11":"first","12":"instock","13":"sold-individually","14":"taxable","15":"shipping-taxable","16":"purchasable","17":"product-type-simple"},"jetpack_sharing_enabled":true,"_links":{"self":[{"href":"https:\/\/www.3p-gmbh.de\/hi\/wp-json\/wp\/v2\/product\/6581","targetHints":{"allow":["GET"]}}],"collection":[{"href":"https:\/\/www.3p-gmbh.de\/hi\/wp-json\/wp\/v2\/product"}],"about":[{"href":"https:\/\/www.3p-gmbh.de\/hi\/wp-json\/wp\/v2\/types\/product"}],"wp:featuredmedia":[{"embeddable":true,"href":"https:\/\/www.3p-gmbh.de\/hi\/wp-json\/wp\/v2\/media\/433"}],"wp:attachment":[{"href":"https:\/\/www.3p-gmbh.de\/hi\/wp-json\/wp\/v2\/media?parent=6581"}],"wp:term":[{"taxonomy":"product_brand","embeddable":true,"href":"https:\/\/www.3p-gmbh.de\/hi\/wp-json\/wp\/v2\/product_brand?post=6581"},{"taxonomy":"product_cat","embeddable":true,"href":"https:\/\/www.3p-gmbh.de\/hi\/wp-json\/wp\/v2\/product_cat?post=6581"},{"taxonomy":"product_tag","embeddable":true,"href":"https:\/\/www.3p-gmbh.de\/hi\/wp-json\/wp\/v2\/product_tag?post=6581"}],"curies":[{"name":"wp","href":"https:\/\/api.w.org\/{rel}","templated":true}]}}