{"id":6579,"date":"2019-07-11T13:51:48","date_gmt":"2019-07-11T13:51:48","guid":{"rendered":"http:\/\/www.3p-gmbh.de\/produkt\/umreifungsmaschine\/"},"modified":"2019-09-25T10:37:32","modified_gmt":"2019-09-25T10:37:32","slug":"umreifungsmaschine","status":"publish","type":"product","link":"https:\/\/www.3p-gmbh.de\/hi\/produkt\/umreifungsmaschine\/","title":{"rendered":"Cyklop Ampag Sprint Umreifungsmaschine"},"content":{"rendered":"<ul>\n<li>eingestellte Bandbreite 9mm<\/li>\n<li>Paket-Leistung (Pakete\/min): 48<\/li>\n<li>Min. Paketl\u00e4nge (mm): kein Limit<\/li>\n<li>Max. Paketl\u00e4nge (mm): kein Limit<\/li>\n<li>Min. Paketbreite (mm): 100<\/li>\n<li>Max. Paketbreite (mm): 600<\/li>\n<li>Min. Paketh\u00f6he (mm): 500<\/li>\n<li>Max. Paketh\u00f6he (mm): 600<\/li>\n<li>Max. Paketgewicht (kg): 30<\/li>\n<li>Ger\u00e4tebreite 125 cm<\/li>\n<\/ul>\n","protected":false},"excerpt":{"rendered":"<p>eingestellte Bandbreite 9mm Paket-Leistung (Pakete\/min): 48 Min. Paketl\u00e4nge (mm): kein Limit Max. Paketl\u00e4nge (mm): kein Limit Min. Paketbreite (mm): 100 Max. Paketbreite (mm): 600 Min. Paketh\u00f6he (mm): 500 Max. Paketh\u00f6he (mm): 600 Max. Paketgewicht (kg): 30 Ger\u00e4tebreite 125 cm<\/p>\n","protected":false},"featured_media":426,"template":"","meta":[],"product_brand":[],"product_cat":[166],"product_tag":[],"class_list":{"0":"post-6579","1":"product","2":"type-product","3":"status-publish","4":"has-post-thumbnail","6":"product_cat-umreifungsmaschinen","7":"pa_baujahr-158","8":"pa_hersteller-ampag","9":"pa_typ-cyklop-ampag-sprint","11":"first","12":"instock","13":"sold-individually","14":"taxable","15":"shipping-taxable","16":"purchasable","17":"product-type-simple"},"jetpack_sharing_enabled":true,"_links":{"self":[{"href":"https:\/\/www.3p-gmbh.de\/hi\/wp-json\/wp\/v2\/product\/6579","targetHints":{"allow":["GET"]}}],"collection":[{"href":"https:\/\/www.3p-gmbh.de\/hi\/wp-json\/wp\/v2\/product"}],"about":[{"href":"https:\/\/www.3p-gmbh.de\/hi\/wp-json\/wp\/v2\/types\/product"}],"wp:featuredmedia":[{"embeddable":true,"href":"https:\/\/www.3p-gmbh.de\/hi\/wp-json\/wp\/v2\/media\/426"}],"wp:attachment":[{"href":"https:\/\/www.3p-gmbh.de\/hi\/wp-json\/wp\/v2\/media?parent=6579"}],"wp:term":[{"taxonomy":"product_brand","embeddable":true,"href":"https:\/\/www.3p-gmbh.de\/hi\/wp-json\/wp\/v2\/product_brand?post=6579"},{"taxonomy":"product_cat","embeddable":true,"href":"https:\/\/www.3p-gmbh.de\/hi\/wp-json\/wp\/v2\/product_cat?post=6579"},{"taxonomy":"product_tag","embeddable":true,"href":"https:\/\/www.3p-gmbh.de\/hi\/wp-json\/wp\/v2\/product_tag?post=6579"}],"curies":[{"name":"wp","href":"https:\/\/api.w.org\/{rel}","templated":true}]}}