{"id":6560,"date":"2019-07-11T13:51:36","date_gmt":"2019-07-11T13:51:36","guid":{"rendered":"http:\/\/www.3p-gmbh.de\/produkt\/automatische-faltschachtel-verschliessma\/"},"modified":"2019-09-25T12:53:25","modified_gmt":"2019-09-25T12:53:25","slug":"automatische-faltschachtel-verschliessma","status":"publish","type":"product","link":"https:\/\/www.3p-gmbh.de\/hi\/produkt\/automatische-faltschachtel-verschliessma\/","title":{"rendered":"Normpack Tapemat NCG 320 automatische Faltschachtel-Verschliessmaschine"},"content":{"rendered":"<ul>\n<li>mit Unterbandantrieb<\/li>\n<li>einfache und schnelle manuelle Einstellung der H\u00f6he und Breite f\u00fcr gleichbleibende Paketgr\u00f6ssen<\/li>\n<li>spaltfreie Verklebung der oberen und unteren Laschen<\/li>\n<li>Faltschachtelbreite 130-520mm<\/li>\n<li>Faltschachtell\u00e4nge 150 mm bis endlos<\/li>\n<li>Faltschachtelh\u00f6he 100-520 mm<\/li>\n<li>Einlaufh\u00f6he verstellbar von 650-750 mm<\/li>\n<li>Leistung bis 30 Pakete min (abh\u00e4ngig von der Paketl\u00e4nge)<\/li>\n<li>automatische Transportbandabschaltung<\/li>\n<li>Eingestellte Bandbreite 50 mm<\/li>\n<\/ul>\n","protected":false},"excerpt":{"rendered":"<p>mit Unterbandantrieb einfache und schnelle manuelle Einstellung der H\u00f6he und Breite f\u00fcr gleichbleibende Paketgr\u00f6ssen spaltfreie Verklebung der oberen und unteren Laschen Faltschachtelbreite 130-520mm Faltschachtell\u00e4nge 150 mm bis endlos Faltschachtelh\u00f6he 100-520 mm Einlaufh\u00f6he verstellbar von 650-750 mm Leistung bis 30 Pakete min (abh\u00e4ngig von der Paketl\u00e4nge) automatische Transportbandabschaltung Eingestellte Bandbreite 50 mm<\/p>\n","protected":false},"featured_media":349,"template":"","meta":[],"product_brand":[],"product_cat":[124],"product_tag":[],"class_list":{"0":"post-6560","1":"product","2":"type-product","3":"status-publish","4":"has-post-thumbnail","6":"product_cat-kartonverpackungsmaschinen","7":"pa_baujahr-130","8":"pa_hersteller-normpack","9":"pa_typ-tapemat-ncg-320-v400","11":"first","12":"instock","13":"sold-individually","14":"taxable","15":"shipping-taxable","16":"purchasable","17":"product-type-simple"},"jetpack_sharing_enabled":true,"_links":{"self":[{"href":"https:\/\/www.3p-gmbh.de\/hi\/wp-json\/wp\/v2\/product\/6560","targetHints":{"allow":["GET"]}}],"collection":[{"href":"https:\/\/www.3p-gmbh.de\/hi\/wp-json\/wp\/v2\/product"}],"about":[{"href":"https:\/\/www.3p-gmbh.de\/hi\/wp-json\/wp\/v2\/types\/product"}],"wp:featuredmedia":[{"embeddable":true,"href":"https:\/\/www.3p-gmbh.de\/hi\/wp-json\/wp\/v2\/media\/349"}],"wp:attachment":[{"href":"https:\/\/www.3p-gmbh.de\/hi\/wp-json\/wp\/v2\/media?parent=6560"}],"wp:term":[{"taxonomy":"product_brand","embeddable":true,"href":"https:\/\/www.3p-gmbh.de\/hi\/wp-json\/wp\/v2\/product_brand?post=6560"},{"taxonomy":"product_cat","embeddable":true,"href":"https:\/\/www.3p-gmbh.de\/hi\/wp-json\/wp\/v2\/product_cat?post=6560"},{"taxonomy":"product_tag","embeddable":true,"href":"https:\/\/www.3p-gmbh.de\/hi\/wp-json\/wp\/v2\/product_tag?post=6560"}],"curies":[{"name":"wp","href":"https:\/\/api.w.org\/{rel}","templated":true}]}}