{"id":41616,"date":"2021-10-26T13:20:34","date_gmt":"2021-10-26T13:20:34","guid":{"rendered":"https:\/\/www.3p-gmbh.de\/?post_type=product&#038;p=41616"},"modified":"2021-11-18T10:04:49","modified_gmt":"2021-11-18T10:04:49","slug":"mbo-fahrbarer-eckfoerdertisch-et-46-mit-kugelleiste","status":"publish","type":"product","link":"https:\/\/www.3p-gmbh.de\/hi\/produkt\/mbo-fahrbarer-eckfoerdertisch-et-46-mit-kugelleiste\/","title":{"rendered":"MBO fahrbarer Eckf\u00f6rdertisch ET 46 mit Kugelleiste"},"content":{"rendered":"<p>MBO fahrbarer Eckf\u00f6rdertisch ET 46 mit Kugelleiste<br \/>\ngebraucht &#8211; revidiert<\/p>\n<p>Da sich der ET 46 um 180\u00b0 schwenken l\u00e4sst, eignet er sich sowohl f\u00fcr Links- als auch f\u00fcr Rechtsanlage.<br \/>\nDas Ausrichtelineal des ET 46 ist mit Kugelleiste f\u00fcr Standardprodukte ausgestattet.<\/p>\n<p>In der Kombination mit einem mobilen Schwertfalzwerk dienen die Eckf\u00f6rdertische an Kombifalzmaschinen zur Herstellung eines Parallelfalzes zum Kreuz- und Dreibruch oder eines geschlossenen Fensterfalzes. Im Anschluss an Sammelhefter ist die Herstellung eines Parallelbruchs zum R\u00fccken m\u00f6glich. Die Kombination von Eckf\u00f6rdertisch, Trommelanleger und mobilem Schwertfalzwerk ergibt eine Lagenfalzeinheit.<\/p>\n","protected":false},"excerpt":{"rendered":"<p>MBO fahrbarer Eckf\u00f6rdertisch ET 46 mit Kugelleiste gebraucht &#8211; revidiert Da sich der ET 46 um 180\u00b0 schwenken l\u00e4sst, eignet er sich sowohl f\u00fcr Links- als auch f\u00fcr Rechtsanlage. Das Ausrichtelineal des ET 46 ist mit Kugelleiste f\u00fcr Standardprodukte ausgestattet. In der Kombination mit einem mobilen Schwertfalzwerk dienen die Eckf\u00f6rdertische an Kombifalzmaschinen zur Herstellung eines [&hellip;]<\/p>\n","protected":false},"featured_media":41633,"template":"","meta":[],"product_brand":[],"product_cat":[1845,77],"product_tag":[],"class_list":{"0":"post-41616","1":"product","2":"type-product","3":"status-publish","4":"has-post-thumbnail","6":"product_cat-falzmaschinenzubehoer","7":"product_cat-foerdertechnik","8":"pa_hersteller-mbo","9":"pa_typ-et-46","11":"first","12":"instock","13":"taxable","14":"shipping-taxable","15":"product-type-simple"},"jetpack_sharing_enabled":true,"_links":{"self":[{"href":"https:\/\/www.3p-gmbh.de\/hi\/wp-json\/wp\/v2\/product\/41616","targetHints":{"allow":["GET"]}}],"collection":[{"href":"https:\/\/www.3p-gmbh.de\/hi\/wp-json\/wp\/v2\/product"}],"about":[{"href":"https:\/\/www.3p-gmbh.de\/hi\/wp-json\/wp\/v2\/types\/product"}],"wp:featuredmedia":[{"embeddable":true,"href":"https:\/\/www.3p-gmbh.de\/hi\/wp-json\/wp\/v2\/media\/41633"}],"wp:attachment":[{"href":"https:\/\/www.3p-gmbh.de\/hi\/wp-json\/wp\/v2\/media?parent=41616"}],"wp:term":[{"taxonomy":"product_brand","embeddable":true,"href":"https:\/\/www.3p-gmbh.de\/hi\/wp-json\/wp\/v2\/product_brand?post=41616"},{"taxonomy":"product_cat","embeddable":true,"href":"https:\/\/www.3p-gmbh.de\/hi\/wp-json\/wp\/v2\/product_cat?post=41616"},{"taxonomy":"product_tag","embeddable":true,"href":"https:\/\/www.3p-gmbh.de\/hi\/wp-json\/wp\/v2\/product_tag?post=41616"}],"curies":[{"name":"wp","href":"https:\/\/api.w.org\/{rel}","templated":true}]}}