{"id":39151,"date":"2021-06-14T20:17:40","date_gmt":"2021-06-14T20:17:40","guid":{"rendered":"https:\/\/www.3p-gmbh.de\/?post_type=product&#038;p=39151"},"modified":"2021-06-14T20:17:40","modified_gmt":"2021-06-14T20:17:40","slug":"schrumpftunnel-hugo-beck-slb-5020-25","status":"publish","type":"product","link":"https:\/\/www.3p-gmbh.de\/hi\/produkt\/schrumpftunnel-hugo-beck-slb-5020-25\/","title":{"rendered":"Schrumpftunnel Hugo Beck SLB 5020\/25"},"content":{"rendered":"<p><strong>Schrumpftunnel Hugo Beck SLB 5020\/25<\/strong><br \/>\n<strong>Bj. 1999<br \/>\n<\/strong><br \/>\nTunnel mit einem hohen thermischen Wirkungsgrad und diversen Einstellm\u00f6glichkeiten f\u00fcr beste Schrumpfergebnisse.<br \/>\nDer Schrumpftunnel bl\u00e4st die erw\u00e4rmte Luft im Einlaufbereich von unten und von den beiden Seiten auf das Produkt.<br \/>\nDadurch entsteht ein Luftstrom in Richtung des Auslaufbereichs,<br \/>\nwo die erw\u00e4rmte Luft abgesaugt und im Umluftprinzip im Kreislauf bleibt<\/p>\n","protected":false},"excerpt":{"rendered":"<p>Schrumpftunnel Hugo Beck SLB 5020\/25 Bj. 1999 Tunnel mit einem hohen thermischen Wirkungsgrad und diversen Einstellm\u00f6glichkeiten f\u00fcr beste Schrumpfergebnisse. Der Schrumpftunnel bl\u00e4st die erw\u00e4rmte Luft im Einlaufbereich von unten und von den beiden Seiten auf das Produkt. Dadurch entsteht ein Luftstrom in Richtung des Auslaufbereichs, wo die erw\u00e4rmte Luft abgesaugt und im Umluftprinzip im Kreislauf [&hellip;]<\/p>\n","protected":false},"featured_media":39164,"template":"","meta":[],"product_brand":[],"product_cat":[76],"product_tag":[],"class_list":{"0":"post-39151","1":"product","2":"type-product","3":"status-publish","4":"has-post-thumbnail","6":"product_cat-folienverpackung-und-straffpacker","7":"pa_hersteller-hugo-beck","8":"pa_typ-schrumpftunnel-slb-5020-25","10":"first","11":"instock","12":"taxable","13":"shipping-taxable","14":"product-type-simple"},"jetpack_sharing_enabled":true,"_links":{"self":[{"href":"https:\/\/www.3p-gmbh.de\/hi\/wp-json\/wp\/v2\/product\/39151","targetHints":{"allow":["GET"]}}],"collection":[{"href":"https:\/\/www.3p-gmbh.de\/hi\/wp-json\/wp\/v2\/product"}],"about":[{"href":"https:\/\/www.3p-gmbh.de\/hi\/wp-json\/wp\/v2\/types\/product"}],"wp:featuredmedia":[{"embeddable":true,"href":"https:\/\/www.3p-gmbh.de\/hi\/wp-json\/wp\/v2\/media\/39164"}],"wp:attachment":[{"href":"https:\/\/www.3p-gmbh.de\/hi\/wp-json\/wp\/v2\/media?parent=39151"}],"wp:term":[{"taxonomy":"product_brand","embeddable":true,"href":"https:\/\/www.3p-gmbh.de\/hi\/wp-json\/wp\/v2\/product_brand?post=39151"},{"taxonomy":"product_cat","embeddable":true,"href":"https:\/\/www.3p-gmbh.de\/hi\/wp-json\/wp\/v2\/product_cat?post=39151"},{"taxonomy":"product_tag","embeddable":true,"href":"https:\/\/www.3p-gmbh.de\/hi\/wp-json\/wp\/v2\/product_tag?post=39151"}],"curies":[{"name":"wp","href":"https:\/\/api.w.org\/{rel}","templated":true}]}}