{"id":15761,"date":"2019-11-07T14:28:00","date_gmt":"2019-11-07T14:28:00","guid":{"rendered":"http:\/\/www.3p-gmbh.de\/?post_type=product&#038;p=15761"},"modified":"2020-04-15T14:21:36","modified_gmt":"2020-04-15T14:21:36","slug":"nagel-citoborma-190-spindel-tischpapierbohrmaschine","status":"publish","type":"product","link":"https:\/\/www.3p-gmbh.de\/hi\/produkt\/nagel-citoborma-190-spindel-tischpapierbohrmaschine\/","title":{"rendered":"Nagel Citoborma 190 Spindel-Tischpapierbohrmaschine"},"content":{"rendered":"<p>Lochen bis 600 Blatt, sehr robust, bis 20 mm Bohrer<\/p>\n<p>FlexoDrill\u00b0 Schiebetisch<br \/>\nDie Papierzentrierung mit versenkbarem linken Anschlag erm\u00f6glicht leichtes Einlegen des Papierstapels, individuelle Anschlagabst\u00e4nde oder Standardlochbilder mit einem Handgriff w\u00e4hlbar, 6 Lochbilder voreingestellt.<\/p>\n<p>Technische Daten<br \/>\nBohrhub Handbetrieb<br \/>\nBohrspindel 1<br \/>\nBohrh\u00f6he bis 6 cm (600 Blatt 80g\/m\u00b2)<br \/>\nEinlegebreite 470 mm<br \/>\nEinlegetiefe 105 mm<br \/>\nBohrerdurchmesser 2 mm &#8211; 20 mm<br \/>\nZeit f\u00fcr 1 Arbeitstakt bedienerabh\u00e4ngig<br \/>\nAnschluss 230 V &#8211; 0,5 kW \/ 400 V &#8211; 0,5 kW<br \/>\nGewicht 69 kg<br \/>\nMa\u00dfe in mm (H x B x T) 730 x 640 x 600<\/p>\n","protected":false},"excerpt":{"rendered":"<p>Lochen bis 600 Blatt, sehr robust, bis 20 mm Bohrer FlexoDrill\u00b0 Schiebetisch Die Papierzentrierung mit versenkbarem linken Anschlag erm\u00f6glicht leichtes Einlegen des Papierstapels, individuelle Anschlagabst\u00e4nde oder Standardlochbilder mit einem Handgriff w\u00e4hlbar, 6 Lochbilder voreingestellt. Technische Daten Bohrhub Handbetrieb Bohrspindel 1 Bohrh\u00f6he bis 6 cm (600 Blatt 80g\/m\u00b2) Einlegebreite 470 mm Einlegetiefe 105 mm Bohrerdurchmesser 2 [&hellip;]<\/p>\n","protected":false},"featured_media":15762,"template":"","meta":[],"product_brand":[],"product_cat":[1757],"product_tag":[],"class_list":{"0":"post-15761","1":"product","2":"type-product","3":"status-publish","4":"has-post-thumbnail","6":"product_cat-papierbohrmaschinen","7":"pa_hersteller-ernst-nagel","8":"pa_typ-citoborma-190","10":"first","11":"instock","12":"taxable","13":"shipping-taxable","14":"purchasable","15":"product-type-simple"},"jetpack_sharing_enabled":true,"_links":{"self":[{"href":"https:\/\/www.3p-gmbh.de\/hi\/wp-json\/wp\/v2\/product\/15761","targetHints":{"allow":["GET"]}}],"collection":[{"href":"https:\/\/www.3p-gmbh.de\/hi\/wp-json\/wp\/v2\/product"}],"about":[{"href":"https:\/\/www.3p-gmbh.de\/hi\/wp-json\/wp\/v2\/types\/product"}],"wp:featuredmedia":[{"embeddable":true,"href":"https:\/\/www.3p-gmbh.de\/hi\/wp-json\/wp\/v2\/media\/15762"}],"wp:attachment":[{"href":"https:\/\/www.3p-gmbh.de\/hi\/wp-json\/wp\/v2\/media?parent=15761"}],"wp:term":[{"taxonomy":"product_brand","embeddable":true,"href":"https:\/\/www.3p-gmbh.de\/hi\/wp-json\/wp\/v2\/product_brand?post=15761"},{"taxonomy":"product_cat","embeddable":true,"href":"https:\/\/www.3p-gmbh.de\/hi\/wp-json\/wp\/v2\/product_cat?post=15761"},{"taxonomy":"product_tag","embeddable":true,"href":"https:\/\/www.3p-gmbh.de\/hi\/wp-json\/wp\/v2\/product_tag?post=15761"}],"curies":[{"name":"wp","href":"https:\/\/api.w.org\/{rel}","templated":true}]}}