{"id":15431,"date":"2019-11-05T14:26:46","date_gmt":"2019-11-05T14:26:46","guid":{"rendered":"http:\/\/www.3p-gmbh.de\/?post_type=product&#038;p=15431"},"modified":"2020-04-15T14:20:08","modified_gmt":"2020-04-15T14:20:08","slug":"farbfoerderanlage-technotrans-fuer-300kg-container","status":"publish","type":"product","link":"https:\/\/www.3p-gmbh.de\/hi\/produkt\/farbfoerderanlage-technotrans-fuer-300kg-container\/","title":{"rendered":"Technotrans Farbf\u00f6rderanlage 4x TPB 300-36-12 f\u00fcr 300kg Container"},"content":{"rendered":"<p>Farbf\u00f6rderanlage Technotrans<br \/>\nf\u00fcr 300kg Container<\/p>\n<p>4 Pumpen Technotrans TPB 300-36-12<\/p>\n<p>Druck 7,5 bar<br \/>\n\u00dcbersetzung 16:1<\/p>\n","protected":false},"excerpt":{"rendered":"<p>Farbf\u00f6rderanlage Technotrans f\u00fcr 300kg Container 4 Pumpen Technotrans TPB 300-36-12 Druck 7,5 bar \u00dcbersetzung 16:1<\/p>\n","protected":false},"featured_media":15432,"template":"","meta":[],"product_brand":[],"product_cat":[418],"product_tag":[],"class_list":{"0":"post-15431","1":"product","2":"type-product","3":"status-publish","4":"has-post-thumbnail","6":"product_cat-druckmaschinenzubehoer-und-ersatzteile","7":"pa_hersteller-technotrans","8":"pa_typ-tpb-300-36-12","10":"first","11":"instock","12":"taxable","13":"shipping-taxable","14":"purchasable","15":"product-type-simple"},"jetpack_sharing_enabled":true,"_links":{"self":[{"href":"https:\/\/www.3p-gmbh.de\/hi\/wp-json\/wp\/v2\/product\/15431","targetHints":{"allow":["GET"]}}],"collection":[{"href":"https:\/\/www.3p-gmbh.de\/hi\/wp-json\/wp\/v2\/product"}],"about":[{"href":"https:\/\/www.3p-gmbh.de\/hi\/wp-json\/wp\/v2\/types\/product"}],"wp:featuredmedia":[{"embeddable":true,"href":"https:\/\/www.3p-gmbh.de\/hi\/wp-json\/wp\/v2\/media\/15432"}],"wp:attachment":[{"href":"https:\/\/www.3p-gmbh.de\/hi\/wp-json\/wp\/v2\/media?parent=15431"}],"wp:term":[{"taxonomy":"product_brand","embeddable":true,"href":"https:\/\/www.3p-gmbh.de\/hi\/wp-json\/wp\/v2\/product_brand?post=15431"},{"taxonomy":"product_cat","embeddable":true,"href":"https:\/\/www.3p-gmbh.de\/hi\/wp-json\/wp\/v2\/product_cat?post=15431"},{"taxonomy":"product_tag","embeddable":true,"href":"https:\/\/www.3p-gmbh.de\/hi\/wp-json\/wp\/v2\/product_tag?post=15431"}],"curies":[{"name":"wp","href":"https:\/\/api.w.org\/{rel}","templated":true}]}}