{"id":15231,"date":"2019-11-05T10:02:33","date_gmt":"2019-11-05T10:02:33","guid":{"rendered":"http:\/\/www.3p-gmbh.de\/?post_type=product&#038;p=15231"},"modified":"2020-04-15T14:19:13","modified_gmt":"2020-04-15T14:19:13","slug":"planax-copy-binder-2-faelzelgeraet","status":"publish","type":"product","link":"https:\/\/www.3p-gmbh.de\/hi\/produkt\/planax-copy-binder-2-faelzelgeraet\/","title":{"rendered":"Planax Copy Binder 2 F\u00e4lzelger\u00e4t"},"content":{"rendered":"<ul>\n<li>Kompaktes Design und einfach Handhabung<\/li>\n<li>Bindungen von 5 bis 330 Blatt (ohne Deck- und Schlussblatt)<\/li>\n<li>schnelle, pr\u00e4zise und saubere Verarbeitung<\/li>\n<li>Exakter Buchr\u00fccken f\u00fcr ein professionelles Erscheinungsbild<\/li>\n<li>optimales Aufschlageverhalten f\u00fcr angenehmen Lesekomfort<\/li>\n<li>hohe Haltbarkeit und Belastbarkeit der Bindung<\/li>\n<\/ul>\n","protected":false},"excerpt":{"rendered":"<p>Kompaktes Design und einfach Handhabung Bindungen von 5 bis 330 Blatt (ohne Deck- und Schlussblatt) schnelle, pr\u00e4zise und saubere Verarbeitung Exakter Buchr\u00fccken f\u00fcr ein professionelles Erscheinungsbild optimales Aufschlageverhalten f\u00fcr angenehmen Lesekomfort hohe Haltbarkeit und Belastbarkeit der Bindung<\/p>\n","protected":false},"featured_media":15232,"template":"","meta":[],"product_brand":[],"product_cat":[1764],"product_tag":[],"class_list":{"0":"post-15231","1":"product","2":"type-product","3":"status-publish","4":"has-post-thumbnail","6":"product_cat-sortimentsbuchbinderei","7":"pa_hersteller-planax","8":"pa_typ-copy-binder-2","10":"first","11":"instock","12":"taxable","13":"shipping-taxable","14":"purchasable","15":"product-type-simple"},"jetpack_sharing_enabled":true,"_links":{"self":[{"href":"https:\/\/www.3p-gmbh.de\/hi\/wp-json\/wp\/v2\/product\/15231","targetHints":{"allow":["GET"]}}],"collection":[{"href":"https:\/\/www.3p-gmbh.de\/hi\/wp-json\/wp\/v2\/product"}],"about":[{"href":"https:\/\/www.3p-gmbh.de\/hi\/wp-json\/wp\/v2\/types\/product"}],"wp:featuredmedia":[{"embeddable":true,"href":"https:\/\/www.3p-gmbh.de\/hi\/wp-json\/wp\/v2\/media\/15232"}],"wp:attachment":[{"href":"https:\/\/www.3p-gmbh.de\/hi\/wp-json\/wp\/v2\/media?parent=15231"}],"wp:term":[{"taxonomy":"product_brand","embeddable":true,"href":"https:\/\/www.3p-gmbh.de\/hi\/wp-json\/wp\/v2\/product_brand?post=15231"},{"taxonomy":"product_cat","embeddable":true,"href":"https:\/\/www.3p-gmbh.de\/hi\/wp-json\/wp\/v2\/product_cat?post=15231"},{"taxonomy":"product_tag","embeddable":true,"href":"https:\/\/www.3p-gmbh.de\/hi\/wp-json\/wp\/v2\/product_tag?post=15231"}],"curies":[{"name":"wp","href":"https:\/\/api.w.org\/{rel}","templated":true}]}}