{"id":14349,"date":"2019-11-01T13:03:12","date_gmt":"2019-11-01T13:03:12","guid":{"rendered":"http:\/\/www.3p-gmbh.de\/?post_type=product&#038;p=14349"},"modified":"2020-04-15T14:17:34","modified_gmt":"2020-04-15T14:17:34","slug":"stapelwender-busch-se-125-rla","status":"publish","type":"product","link":"https:\/\/www.3p-gmbh.de\/hi\/produkt\/stapelwender-busch-se-125-rla\/","title":{"rendered":"Busch SE 125 RLA Stapelwender"},"content":{"rendered":"<p>sehr wenig ben\u00fctzt<br \/>\nzum Wenden, Bel\u00fcften, R\u00fctteln und Ausrichten<\/p>\n<p>Max. Bogenformat mm 800 x 1200<br \/>\nMax. Stapelh\u00f6he mm 1350<br \/>\nMin. Stapelh\u00f6he mm 380<br \/>\nPlattformbreite mm 1250<br \/>\nPlattformtiefe mm 900<br \/>\nTragkraft kg 1000<\/p>\n<p>Ausgestattet mit<br \/>\nBel\u00fcftungseinrichtung (1 Gebl\u00e4se),<br \/>\nschwenkbarem Bedienpult,<br \/>\nfeststehendem Ausrichtlineal,<br \/>\nR\u00fctteleinrichtung,<br \/>\nKippeinrichtung (15\u00b0),<br \/>\nLuftmengenregulierung,<br \/>\neinstellbare Luftd\u00fcsengeschwindigkeit am Bedienpult<br \/>\nDruckbegrenzungsklappen (Stapel wird nicht gepre\u00dft)<\/p>\n","protected":false},"excerpt":{"rendered":"<p>sehr wenig ben\u00fctzt zum Wenden, Bel\u00fcften, R\u00fctteln und Ausrichten Max. Bogenformat mm 800 x 1200 Max. Stapelh\u00f6he mm 1350 Min. Stapelh\u00f6he mm 380 Plattformbreite mm 1250 Plattformtiefe mm 900 Tragkraft kg 1000 Ausgestattet mit Bel\u00fcftungseinrichtung (1 Gebl\u00e4se), schwenkbarem Bedienpult, feststehendem Ausrichtlineal, R\u00fctteleinrichtung, Kippeinrichtung (15\u00b0), Luftmengenregulierung, einstellbare Luftd\u00fcsengeschwindigkeit am Bedienpult Druckbegrenzungsklappen (Stapel wird nicht gepre\u00dft)<\/p>\n","protected":false},"featured_media":14350,"template":"","meta":[],"product_brand":[],"product_cat":[1762],"product_tag":[],"class_list":{"0":"post-14349","1":"product","2":"type-product","3":"status-publish","4":"has-post-thumbnail","6":"product_cat-stapelwender","7":"pa_hersteller-busch","8":"pa_typ-se-125-rla","10":"first","11":"instock","12":"taxable","13":"shipping-taxable","14":"purchasable","15":"product-type-simple"},"jetpack_sharing_enabled":true,"_links":{"self":[{"href":"https:\/\/www.3p-gmbh.de\/hi\/wp-json\/wp\/v2\/product\/14349","targetHints":{"allow":["GET"]}}],"collection":[{"href":"https:\/\/www.3p-gmbh.de\/hi\/wp-json\/wp\/v2\/product"}],"about":[{"href":"https:\/\/www.3p-gmbh.de\/hi\/wp-json\/wp\/v2\/types\/product"}],"wp:featuredmedia":[{"embeddable":true,"href":"https:\/\/www.3p-gmbh.de\/hi\/wp-json\/wp\/v2\/media\/14350"}],"wp:attachment":[{"href":"https:\/\/www.3p-gmbh.de\/hi\/wp-json\/wp\/v2\/media?parent=14349"}],"wp:term":[{"taxonomy":"product_brand","embeddable":true,"href":"https:\/\/www.3p-gmbh.de\/hi\/wp-json\/wp\/v2\/product_brand?post=14349"},{"taxonomy":"product_cat","embeddable":true,"href":"https:\/\/www.3p-gmbh.de\/hi\/wp-json\/wp\/v2\/product_cat?post=14349"},{"taxonomy":"product_tag","embeddable":true,"href":"https:\/\/www.3p-gmbh.de\/hi\/wp-json\/wp\/v2\/product_tag?post=14349"}],"curies":[{"name":"wp","href":"https:\/\/api.w.org\/{rel}","templated":true}]}}