{"id":14310,"date":"2019-11-01T11:13:47","date_gmt":"2019-11-01T11:13:47","guid":{"rendered":"http:\/\/www.3p-gmbh.de\/?post_type=product&#038;p=14310"},"modified":"2020-11-16T10:29:44","modified_gmt":"2020-11-16T10:29:44","slug":"pneumatische-arbeitende-doppeloesmaschine-hang-mit-280mm-festabstand","status":"publish","type":"product","link":"https:\/\/www.3p-gmbh.de\/hi\/produkt\/pneumatische-arbeitende-doppeloesmaschine-hang-mit-280mm-festabstand\/","title":{"rendered":"Hang pneumatisch arbeitende Doppel\u00f6smaschine"},"content":{"rendered":"<p><strong>pneumatisch arbeitende Doppel\u00f6smaschine Hang<\/strong><br \/>\nLocht und \u00f6st in einem Arbeitsgang (die \u00d6se stanzt das Loch) Materialauflage mit stufenlos einstellbaren R\u00fccken- und Seitenanschl\u00e4gen garantieren ein exaktes Anlegen<br \/>\naktuell best\u00fcckt mit selbstlochenden \u00d6sen bis 20 Blatt bei 80 g\/m2-Papier bzw. Materialst\u00e4rke bis 3 mm<\/p>\n<ul>\n<li>Fu\u00dfbetrieb mit automatischer \u00d6senzuf\u00fchrung<\/li>\n<li>Einsetzbar f\u00fcr Papier, Karton, Kunststoffe, etc.<\/li>\n<li>Ideal f\u00fcr Vertr\u00e4ge, Urkunden und Etiketten<\/li>\n<li>2 K\u00f6pfe mit 280mm Festabstand f\u00fcr Abheftlochungen 5,5mm Innendurchmesser<\/li>\n<li>Druckluft Bauseitig zu stellen<\/li>\n<\/ul>\n<p>Demovideo unter <a href=\"https:\/\/youtu.be\/XWkClxxjkyo\" target=\"_blank\" rel=\"noopener noreferrer\">https:\/\/youtu.be\/XWkClxxjkyo<\/a><\/p>\n","protected":false},"excerpt":{"rendered":"<p>pneumatisch arbeitende Doppel\u00f6smaschine Hang Locht und \u00f6st in einem Arbeitsgang (die \u00d6se stanzt das Loch) Materialauflage mit stufenlos einstellbaren R\u00fccken- und Seitenanschl\u00e4gen garantieren ein exaktes Anlegen aktuell best\u00fcckt mit selbstlochenden \u00d6sen bis 20 Blatt bei 80 g\/m2-Papier bzw. Materialst\u00e4rke bis 3 mm Fu\u00dfbetrieb mit automatischer \u00d6senzuf\u00fchrung Einsetzbar f\u00fcr Papier, Karton, Kunststoffe, etc. Ideal f\u00fcr Vertr\u00e4ge, [&hellip;]<\/p>\n","protected":false},"featured_media":34891,"template":"","meta":[],"product_brand":[],"product_cat":[1756],"product_tag":[],"class_list":{"0":"post-14310","1":"product","2":"type-product","3":"status-publish","4":"has-post-thumbnail","6":"product_cat-oesmaschinen","7":"pa_hersteller-constantin-hang","9":"first","10":"instock","11":"taxable","12":"shipping-taxable","13":"purchasable","14":"product-type-simple"},"jetpack_sharing_enabled":true,"_links":{"self":[{"href":"https:\/\/www.3p-gmbh.de\/hi\/wp-json\/wp\/v2\/product\/14310","targetHints":{"allow":["GET"]}}],"collection":[{"href":"https:\/\/www.3p-gmbh.de\/hi\/wp-json\/wp\/v2\/product"}],"about":[{"href":"https:\/\/www.3p-gmbh.de\/hi\/wp-json\/wp\/v2\/types\/product"}],"wp:featuredmedia":[{"embeddable":true,"href":"https:\/\/www.3p-gmbh.de\/hi\/wp-json\/wp\/v2\/media\/34891"}],"wp:attachment":[{"href":"https:\/\/www.3p-gmbh.de\/hi\/wp-json\/wp\/v2\/media?parent=14310"}],"wp:term":[{"taxonomy":"product_brand","embeddable":true,"href":"https:\/\/www.3p-gmbh.de\/hi\/wp-json\/wp\/v2\/product_brand?post=14310"},{"taxonomy":"product_cat","embeddable":true,"href":"https:\/\/www.3p-gmbh.de\/hi\/wp-json\/wp\/v2\/product_cat?post=14310"},{"taxonomy":"product_tag","embeddable":true,"href":"https:\/\/www.3p-gmbh.de\/hi\/wp-json\/wp\/v2\/product_tag?post=14310"}],"curies":[{"name":"wp","href":"https:\/\/api.w.org\/{rel}","templated":true}]}}