{"id":13395,"date":"2019-10-24T14:42:03","date_gmt":"2019-10-24T14:42:03","guid":{"rendered":"http:\/\/www.3p-gmbh.de\/?post_type=product&#038;p=13395"},"modified":"2020-04-15T14:15:40","modified_gmt":"2020-04-15T14:15:40","slug":"guk-falzmaschinenkombination-fuer-mailingarbeiten","status":"publish","type":"product","link":"https:\/\/www.3p-gmbh.de\/hi\/produkt\/guk-falzmaschinenkombination-fuer-mailingarbeiten\/","title":{"rendered":"GUK Falzmaschinenkombination f\u00fcr Mailingarbeiten"},"content":{"rendered":"<p>Diese hochflexible Falzmaschinenkombination f\u00fcr Mailingarbeiten mit wenig Laufleistung besteht aus:<\/p>\n<ul>\n<li>1. Flachstapelsaugluftanleger GUK OEM B\u00e4uerle Typ FL 50-2<\/li>\n<li>Soloanleger mit Eigensteuerung und pneumatisch gesteuertem Trennkopf mit Hinterkantentrenner, dadurch exakte Bogentrennung auch bei h\u00f6chster Leistung<\/li>\n<li>MCS Vorwahlz\u00e4hler<\/li>\n<\/ul>\n<p>&nbsp;<\/p>\n<ul>\n<li>1. mobiles, hydraulisch stufenlos h\u00f6henverstellbares Vier-Taschenfalzwerk GUK FA 50 \/ 4 HT<\/li>\n<li>mit langem Ausrichtetisch<\/li>\n<li>Linealanschlag als zweites Falzwerk<\/li>\n<\/ul>\n<p>&nbsp;<\/p>\n<ul>\n<li>mobile Schuppenauslage GUK S-520<\/li>\n<\/ul>\n","protected":false},"excerpt":{"rendered":"<p>Diese hochflexible Falzmaschinenkombination f\u00fcr Mailingarbeiten mit wenig Laufleistung besteht aus: 1. Flachstapelsaugluftanleger GUK OEM B\u00e4uerle Typ FL 50-2 Soloanleger mit Eigensteuerung und pneumatisch gesteuertem Trennkopf mit Hinterkantentrenner, dadurch exakte Bogentrennung auch bei h\u00f6chster Leistung MCS Vorwahlz\u00e4hler &nbsp; 1. mobiles, hydraulisch stufenlos h\u00f6henverstellbares Vier-Taschenfalzwerk GUK FA 50 \/ 4 HT mit langem Ausrichtetisch Linealanschlag als zweites [&hellip;]<\/p>\n","protected":false},"featured_media":13396,"template":"","meta":[],"product_brand":[],"product_cat":[83],"product_tag":[],"class_list":{"0":"post-13395","1":"product","2":"type-product","3":"status-publish","4":"has-post-thumbnail","6":"product_cat-falzmaschinen","7":"pa_bezeichnung_typ-falzmaschinenkombination-fuer-mailingarbeiten","8":"pa_hersteller-guk","10":"first","11":"instock","12":"taxable","13":"shipping-taxable","14":"purchasable","15":"product-type-simple"},"jetpack_sharing_enabled":true,"_links":{"self":[{"href":"https:\/\/www.3p-gmbh.de\/hi\/wp-json\/wp\/v2\/product\/13395","targetHints":{"allow":["GET"]}}],"collection":[{"href":"https:\/\/www.3p-gmbh.de\/hi\/wp-json\/wp\/v2\/product"}],"about":[{"href":"https:\/\/www.3p-gmbh.de\/hi\/wp-json\/wp\/v2\/types\/product"}],"wp:featuredmedia":[{"embeddable":true,"href":"https:\/\/www.3p-gmbh.de\/hi\/wp-json\/wp\/v2\/media\/13396"}],"wp:attachment":[{"href":"https:\/\/www.3p-gmbh.de\/hi\/wp-json\/wp\/v2\/media?parent=13395"}],"wp:term":[{"taxonomy":"product_brand","embeddable":true,"href":"https:\/\/www.3p-gmbh.de\/hi\/wp-json\/wp\/v2\/product_brand?post=13395"},{"taxonomy":"product_cat","embeddable":true,"href":"https:\/\/www.3p-gmbh.de\/hi\/wp-json\/wp\/v2\/product_cat?post=13395"},{"taxonomy":"product_tag","embeddable":true,"href":"https:\/\/www.3p-gmbh.de\/hi\/wp-json\/wp\/v2\/product_tag?post=13395"}],"curies":[{"name":"wp","href":"https:\/\/api.w.org\/{rel}","templated":true}]}}