{"id":125312,"date":"2026-04-15T06:16:03","date_gmt":"2026-04-15T06:16:03","guid":{"rendered":"https:\/\/www.3p-gmbh.de\/?post_type=product&#038;p=125312"},"modified":"2026-04-15T06:16:03","modified_gmt":"2026-04-15T06:16:03","slug":"mbo-cobo-stack","status":"publish","type":"product","link":"https:\/\/www.3p-gmbh.de\/hi\/produkt\/mbo-cobo-stack\/","title":{"rendered":"MBO CoBo Stack"},"content":{"rendered":"<p>MBO CoBo Stack<br \/>\naus 2024<\/p>\n<div id=\"tobit_rforig7c18\">\n<div id=\"tobit_rforig7776\">\n<div id=\"tobit_rforig023f\">\n<div>ist ein Cobot, also ein kollaborierender Roboter, der ohne Schutzk\u00e4fig auskommt.<\/div>\n<\/div>\n<\/div>\n<\/div>\n<div id=\"tobit_rforig7c18\">\n<div id=\"tobit_rforig7776\">\n<div id=\"tobit_rforig023f\">\n<div>Produktstapel, wie zum Beispiel gefalzte Signaturen, werden von der Auslage auf den Tisch des CoBo-Stack bef\u00f6rdert.<\/div>\n<div>Von dort greift der Cobot die Stapel und setzt sie auf Paletten ab.<\/div>\n<\/div>\n<\/div>\n<\/div>\n<div id=\"tobit_rforig7c18\">\n<div id=\"tobit_rforig7776\">\n<div id=\"tobit_rforig023f\">\n<div>Dadurch wird der Bediener von s\u00e4mtlicher k\u00f6rperlicher Arbeit an der Auslage befreit<\/div>\n<div>Demovideo: https:\/\/www.youtube.com\/shorts\/oRa087sZjAY<\/div>\n<\/div>\n<\/div>\n<\/div>\n","protected":false},"excerpt":{"rendered":"<p>MBO CoBo Stack aus 2024 ist ein Cobot, also ein kollaborierender Roboter, der ohne Schutzk\u00e4fig auskommt. Produktstapel, wie zum Beispiel gefalzte Signaturen, werden von der Auslage auf den Tisch des CoBo-Stack bef\u00f6rdert. Von dort greift der Cobot die Stapel und setzt sie auf Paletten ab. Dadurch wird der Bediener von s\u00e4mtlicher k\u00f6rperlicher Arbeit an der [&hellip;]<\/p>\n","protected":false},"featured_media":125313,"template":"","meta":[],"product_brand":[],"product_cat":[1842],"product_tag":[],"class_list":{"0":"post-125312","1":"product","2":"type-product","3":"status-publish","4":"has-post-thumbnail","6":"product_cat-falzwerke","7":"pa_baujahr-4234","8":"pa_bezeichnung_typ-cobo-stack","9":"pa_hersteller-mbo","11":"first","12":"instock","13":"taxable","14":"shipping-taxable","15":"product-type-simple"},"jetpack_sharing_enabled":true,"_links":{"self":[{"href":"https:\/\/www.3p-gmbh.de\/hi\/wp-json\/wp\/v2\/product\/125312","targetHints":{"allow":["GET"]}}],"collection":[{"href":"https:\/\/www.3p-gmbh.de\/hi\/wp-json\/wp\/v2\/product"}],"about":[{"href":"https:\/\/www.3p-gmbh.de\/hi\/wp-json\/wp\/v2\/types\/product"}],"wp:featuredmedia":[{"embeddable":true,"href":"https:\/\/www.3p-gmbh.de\/hi\/wp-json\/wp\/v2\/media\/125313"}],"wp:attachment":[{"href":"https:\/\/www.3p-gmbh.de\/hi\/wp-json\/wp\/v2\/media?parent=125312"}],"wp:term":[{"taxonomy":"product_brand","embeddable":true,"href":"https:\/\/www.3p-gmbh.de\/hi\/wp-json\/wp\/v2\/product_brand?post=125312"},{"taxonomy":"product_cat","embeddable":true,"href":"https:\/\/www.3p-gmbh.de\/hi\/wp-json\/wp\/v2\/product_cat?post=125312"},{"taxonomy":"product_tag","embeddable":true,"href":"https:\/\/www.3p-gmbh.de\/hi\/wp-json\/wp\/v2\/product_tag?post=125312"}],"curies":[{"name":"wp","href":"https:\/\/api.w.org\/{rel}","templated":true}]}}