{"id":125299,"date":"2026-04-09T06:54:40","date_gmt":"2026-04-09T06:54:40","guid":{"rendered":"https:\/\/www.3p-gmbh.de\/?post_type=product&#038;p=125299"},"modified":"2026-04-09T06:54:41","modified_gmt":"2026-04-09T06:54:41","slug":"industrieller-kolbenkompressor-arge-boss-7002-d","status":"publish","type":"product","link":"https:\/\/www.3p-gmbh.de\/hi\/produkt\/industrieller-kolbenkompressor-arge-boss-7002-d\/","title":{"rendered":"Industrieller Kolbenkompressor ARGE BOSS 7002 D"},"content":{"rendered":"<p>Industrieller Kolbenkompressor ARGE BOSS 7002 D<br \/>\naus 2020<\/p>\n<p>Besonders leiser Zweizylinder-Kompressor in Profiqualit\u00e4t f\u00fcr h\u00f6heren Luftbedarf.<br \/>\nMit hochwertigem Filterregler, 2 professionellen AGRE-Stahl-Schnellkupplungen \u2013 f\u00fcr 1 x reduzierten, gefilterten und 1 x unreduzierten Anschluss, Motorschutz und Sicherheitsventil.Besonders leiser Zweizylinder-Kompressor in Profiqualit\u00e4t f\u00fcr h\u00f6heren Luftbedarf.<br \/>\nMit hochwertigem Filterregler, 2 professionellen AGRE-Stahl-Schnellkupplungen \u2013 f\u00fcr 1 x reduzierten, gefilterten und 1 x unreduzierten Anschluss, Motorschutz und Sicherheitsventil.<\/p>\n<p>Technische Daten:<br \/>\nZweizylindriger Kolbenkompressor mit Direktantrieb in einstufiger Bauweise, \u00f6lgeschmiert und luftgek\u00fchlt.<br \/>\nDirektantrieb, kompakte Bauweise, h\u00f6chste Betriebssicherheit und hoher Wirkungsgrad<br \/>\nNiedrige Systemdrehzahlen gew\u00e4hrleisten eine lange Lebensdauer aller Komponenten<br \/>\nPleuel- und Kolbenbolzenlager als Gleitlager ausgef\u00fchrt und stark gerippte Zylinderk\u00f6pfe aus Aluminiumlegierung f\u00fcr effiziente Verdichtung und lange Lebensdauer<br \/>\nEffektiver Nachk\u00fchler sorgt f\u00fcr niedrige Druckluft-Auslasstemperatur<br \/>\nHochwertige Ansaugfilter<\/p>\n<p>Produktvorteile:<br \/>\nMobil Vollautomatischer Betrieb \u00fcber Druckschalter und \u00dcberdruckventil<br \/>\nDruckluftbeh\u00e4lter mit Sicherheitsventil, Manometer und Kondensatablass<br \/>\nBedienfeld mit hochwertigem Filterregler und Manometer<br \/>\nThermischer Motor\u00fcberlastschutz<br \/>\nAGRE-Schnellkupplung aus Stahl f\u00fcr den professionellen Einsatz<br \/>\nDirekt angetriebenes Ger\u00e4t<br \/>\nCondor-Druckschalter<br \/>\nZwei Zylinder, besonders ruhiger Lauf<br \/>\nMotorschutzklasse IP 54 (Industriestandard)<br \/>\nGro\u00dfer Schwungradventilator f\u00fcr optimale K\u00fchlung<br \/>\nVollgummir\u00e4der f\u00fcr einfachen Transport<br \/>\nHergestellt gem\u00e4\u00df CE-Richtlinien<br \/>\nKomplett ausgestattet mit Anschlusskabel und Stecker<\/p>\n<p>Technische Daten:<br \/>\nF\u00f6rderleistung 600 l\/min<br \/>\nNutzbarer Saugvolumenstrom (F\u00f6rdervolumen) 410 l\/min bei 8 bar(\u00fc)<br \/>\nMaximaler \u00dcberdruck 10 bar<br \/>\nElektromotor Drehstrom 3 kW, 400\/230 Y\u0394~3 \/ 50 V \/ Hz<br \/>\nDrehzahl 1450 U\/min<br \/>\nTankinhalt 90 Liter<br \/>\nL x B x H 125 x 59 x 92 cm<br \/>\nGewicht 94 kg<br \/>\nGer\u00e4uschpegel nach DIN 45635 T13, 4 m Abstand 67 dB(A)<\/p>\n","protected":false},"excerpt":{"rendered":"<p>Industrieller Kolbenkompressor ARGE BOSS 7002 D aus 2020 Besonders leiser Zweizylinder-Kompressor in Profiqualit\u00e4t f\u00fcr h\u00f6heren Luftbedarf. Mit hochwertigem Filterregler, 2 professionellen AGRE-Stahl-Schnellkupplungen \u2013 f\u00fcr 1 x reduzierten, gefilterten und 1 x unreduzierten Anschluss, Motorschutz und Sicherheitsventil.Besonders leiser Zweizylinder-Kompressor in Profiqualit\u00e4t f\u00fcr h\u00f6heren Luftbedarf. Mit hochwertigem Filterregler, 2 professionellen AGRE-Stahl-Schnellkupplungen \u2013 f\u00fcr 1 x reduzierten, gefilterten [&hellip;]<\/p>\n","protected":false},"featured_media":125303,"template":"","meta":[],"product_brand":[],"product_cat":[1492],"product_tag":[],"class_list":{"0":"post-125299","1":"product","2":"type-product","3":"status-publish","4":"has-post-thumbnail","6":"product_cat-kompressoren-und-vakuumpumpen","7":"pa_bezeichnung_typ-boss-7002-d","8":"pa_hersteller-agre","10":"first","11":"instock","12":"taxable","13":"shipping-taxable","14":"product-type-simple"},"jetpack_sharing_enabled":true,"_links":{"self":[{"href":"https:\/\/www.3p-gmbh.de\/hi\/wp-json\/wp\/v2\/product\/125299","targetHints":{"allow":["GET"]}}],"collection":[{"href":"https:\/\/www.3p-gmbh.de\/hi\/wp-json\/wp\/v2\/product"}],"about":[{"href":"https:\/\/www.3p-gmbh.de\/hi\/wp-json\/wp\/v2\/types\/product"}],"wp:featuredmedia":[{"embeddable":true,"href":"https:\/\/www.3p-gmbh.de\/hi\/wp-json\/wp\/v2\/media\/125303"}],"wp:attachment":[{"href":"https:\/\/www.3p-gmbh.de\/hi\/wp-json\/wp\/v2\/media?parent=125299"}],"wp:term":[{"taxonomy":"product_brand","embeddable":true,"href":"https:\/\/www.3p-gmbh.de\/hi\/wp-json\/wp\/v2\/product_brand?post=125299"},{"taxonomy":"product_cat","embeddable":true,"href":"https:\/\/www.3p-gmbh.de\/hi\/wp-json\/wp\/v2\/product_cat?post=125299"},{"taxonomy":"product_tag","embeddable":true,"href":"https:\/\/www.3p-gmbh.de\/hi\/wp-json\/wp\/v2\/product_tag?post=125299"}],"curies":[{"name":"wp","href":"https:\/\/api.w.org\/{rel}","templated":true}]}}