{"id":125030,"date":"2026-02-09T07:53:19","date_gmt":"2026-02-09T07:53:19","guid":{"rendered":"https:\/\/www.3p-gmbh.de\/?post_type=product&#038;p=125030"},"modified":"2026-02-09T07:53:19","modified_gmt":"2026-02-09T07:53:19","slug":"schmales-transportband-150cm-laenge-mit-seitlichen-fuehrungen","status":"publish","type":"product","link":"https:\/\/www.3p-gmbh.de\/hi\/produkt\/schmales-transportband-150cm-laenge-mit-seitlichen-fuehrungen\/","title":{"rendered":"Schmales Transportband, 150cm L\u00e4nge mit seitlichen F\u00fchrungen"},"content":{"rendered":"<p>Schmales Transportband, 150cm L\u00e4nge mit seitlichen F\u00fchrungen<\/p>\n","protected":false},"excerpt":{"rendered":"<p>Schmales Transportband, 150cm L\u00e4nge mit seitlichen F\u00fchrungen<\/p>\n","protected":false},"featured_media":125031,"template":"","meta":[],"product_brand":[],"product_cat":[4157],"product_tag":[],"class_list":{"0":"post-125030","1":"product","2":"type-product","3":"status-publish","4":"has-post-thumbnail","6":"product_cat-transportband","8":"first","9":"instock","10":"taxable","11":"shipping-taxable","12":"product-type-simple"},"jetpack_sharing_enabled":true,"_links":{"self":[{"href":"https:\/\/www.3p-gmbh.de\/hi\/wp-json\/wp\/v2\/product\/125030","targetHints":{"allow":["GET"]}}],"collection":[{"href":"https:\/\/www.3p-gmbh.de\/hi\/wp-json\/wp\/v2\/product"}],"about":[{"href":"https:\/\/www.3p-gmbh.de\/hi\/wp-json\/wp\/v2\/types\/product"}],"wp:featuredmedia":[{"embeddable":true,"href":"https:\/\/www.3p-gmbh.de\/hi\/wp-json\/wp\/v2\/media\/125031"}],"wp:attachment":[{"href":"https:\/\/www.3p-gmbh.de\/hi\/wp-json\/wp\/v2\/media?parent=125030"}],"wp:term":[{"taxonomy":"product_brand","embeddable":true,"href":"https:\/\/www.3p-gmbh.de\/hi\/wp-json\/wp\/v2\/product_brand?post=125030"},{"taxonomy":"product_cat","embeddable":true,"href":"https:\/\/www.3p-gmbh.de\/hi\/wp-json\/wp\/v2\/product_cat?post=125030"},{"taxonomy":"product_tag","embeddable":true,"href":"https:\/\/www.3p-gmbh.de\/hi\/wp-json\/wp\/v2\/product_tag?post=125030"}],"curies":[{"name":"wp","href":"https:\/\/api.w.org\/{rel}","templated":true}]}}