{"id":124943,"date":"2026-02-04T07:57:35","date_gmt":"2026-02-04T07:57:35","guid":{"rendered":"https:\/\/www.3p-gmbh.de\/?post_type=product&#038;p=124943"},"modified":"2026-02-04T07:57:36","modified_gmt":"2026-02-04T07:57:36","slug":"plattformwagen-ohne-handgriffe-fahrbuehne-mit-deichsel-tragfaehigkeit-500kg","status":"publish","type":"product","link":"https:\/\/www.3p-gmbh.de\/hi\/produkt\/plattformwagen-ohne-handgriffe-fahrbuehne-mit-deichsel-tragfaehigkeit-500kg\/","title":{"rendered":"Plattformwagen ohne Handgriffe &#8211; Fahrb\u00fchne mit Deichsel Tragf\u00e4higkeit 500kg"},"content":{"rendered":"<p>Plattformwagen ohne Handgriffe &#8211; Fahrb\u00fchne mit Deichsel Tragf\u00e4higkeit 500kg<\/p>\n<div>Die Vorteile dieser Fahrb\u00fchne sind eine sehr einfache Handhabung mit einer pr\u00e4zisen F\u00fchrung des Wagens und sein sicheres Abstellen auch mit einer Ladung, die w\u00e4hrend des Fehlens von zwei R\u00e4dern gegen einen Selbstschub gesichert ist.<\/div>\n<div>Es ist nicht n\u00f6tig, f\u00fcr jeden Wagen auch eine Deichsel anzuschaffen, nur eine Deichsel ist f\u00fcr mehrere Wagen vollkommen ausreichend.<\/div>\n<div>Die Wagen k\u00f6nnen sicher auf die Hinterkante abgestellt werden, dadurch ben\u00f6tigen sie weniger Platz und sind immer zur Verwendung bereit.<\/div>\n<div>Die Konstruktion ist aus Stahlrohren und Profilen verschwei\u00dft.<\/div>\n<div>Die Lagefl\u00e4che ist aus laminiertem Holzspanwerkstoff hergestellt. Die R\u00e4der sind schwarz aus Vollgummi,\u00a0die Felgen\u00a0mit Nadellagern,<\/div>\n<div>\u00a0wodurch ein leiser und leichter Lauf gew\u00e4hrleistet wird.<\/div>\n","protected":false},"excerpt":{"rendered":"<p>Plattformwagen ohne Handgriffe &#8211; Fahrb\u00fchne mit Deichsel Tragf\u00e4higkeit 500kg Die Vorteile dieser Fahrb\u00fchne sind eine sehr einfache Handhabung mit einer pr\u00e4zisen F\u00fchrung des Wagens und sein sicheres Abstellen auch mit einer Ladung, die w\u00e4hrend des Fehlens von zwei R\u00e4dern gegen einen Selbstschub gesichert ist. Es ist nicht n\u00f6tig, f\u00fcr jeden Wagen auch eine Deichsel anzuschaffen, [&hellip;]<\/p>\n","protected":false},"featured_media":124944,"template":"","meta":[],"product_brand":[],"product_cat":[2068],"product_tag":[],"class_list":{"0":"post-124943","1":"product","2":"type-product","3":"status-publish","4":"has-post-thumbnail","6":"product_cat-lagerbedarf-schmierstoffe-oele","8":"first","9":"instock","10":"taxable","11":"shipping-taxable","12":"product-type-simple"},"jetpack_sharing_enabled":true,"_links":{"self":[{"href":"https:\/\/www.3p-gmbh.de\/hi\/wp-json\/wp\/v2\/product\/124943","targetHints":{"allow":["GET"]}}],"collection":[{"href":"https:\/\/www.3p-gmbh.de\/hi\/wp-json\/wp\/v2\/product"}],"about":[{"href":"https:\/\/www.3p-gmbh.de\/hi\/wp-json\/wp\/v2\/types\/product"}],"wp:featuredmedia":[{"embeddable":true,"href":"https:\/\/www.3p-gmbh.de\/hi\/wp-json\/wp\/v2\/media\/124944"}],"wp:attachment":[{"href":"https:\/\/www.3p-gmbh.de\/hi\/wp-json\/wp\/v2\/media?parent=124943"}],"wp:term":[{"taxonomy":"product_brand","embeddable":true,"href":"https:\/\/www.3p-gmbh.de\/hi\/wp-json\/wp\/v2\/product_brand?post=124943"},{"taxonomy":"product_cat","embeddable":true,"href":"https:\/\/www.3p-gmbh.de\/hi\/wp-json\/wp\/v2\/product_cat?post=124943"},{"taxonomy":"product_tag","embeddable":true,"href":"https:\/\/www.3p-gmbh.de\/hi\/wp-json\/wp\/v2\/product_tag?post=124943"}],"curies":[{"name":"wp","href":"https:\/\/api.w.org\/{rel}","templated":true}]}}