{"id":116703,"date":"2024-08-02T05:48:03","date_gmt":"2024-08-02T05:48:03","guid":{"rendered":"https:\/\/www.3p-gmbh.de\/?post_type=product&#038;p=116703"},"modified":"2024-10-02T10:23:34","modified_gmt":"2024-10-02T10:23:34","slug":"spezial-fliessfett-fuer-getriebe-elkalub-glg-16-n000-gp000f-20","status":"publish","type":"product","link":"https:\/\/www.3p-gmbh.de\/hi\/produkt\/spezial-fliessfett-fuer-getriebe-elkalub-glg-16-n000-gp000f-20\/","title":{"rendered":"Spezial-Flie\u00df\u00adfett f\u00fcr Getriebe ELKALUB  GLG 16\/N000  GP000F-20"},"content":{"rendered":"<p>ELKALUB GLG 16\/N000 ist ein lithiumverseiftes Flie\u00dffett mit guter Oxidationsbest\u00e4ndigkeit und einen hervorragendem Gleitreibungsverhalten. Das hohe Lasttrageverm\u00f6gen erm\u00f6glicht die dauerhafte Schmierung von hochbelasteten Getrieben. ELKALUB GLG 16\/N000 ist in Zentralschmieranlagen gut f\u00f6rderbar. Eine typische Anwendung von ELKALUB GLG 16\/N000 sind Zentralschmieranlagen von Baumaschinen oder gro\u00dfen Bogenoffset-Druckmaschinen.<\/p>\n<p>Basis\u00f6l Mineral\u00f6l<br \/>\nVerdicker Lithium<br \/>\nGrund\u00f6lviskosit\u00e4t 145 mm\u00b2\/s<br \/>\nEinsatztemperatur -20 \u00b0C bis 100 \u00b0C<br \/>\nNLGI Klasse 000<\/p>\n<p>Maschinenelement<br \/>\nGetriebe<\/p>\n<p>Branche<br \/>\nDruck<br \/>\nElektrowerkzeuge<br \/>\nHolz<\/p>\n<p>Funktionalit\u00e4t<br \/>\nFlie\u00dffett<\/p>\n<p>Gebinde<br \/>\n2 kg Beutel<\/p>\n<p>6x eine Verpackungseinheit im Karton<\/p>\n","protected":false},"excerpt":{"rendered":"<p>ELKALUB GLG 16\/N000 ist ein lithiumverseiftes Flie\u00dffett mit guter Oxidationsbest\u00e4ndigkeit und einen hervorragendem Gleitreibungsverhalten. Das hohe Lasttrageverm\u00f6gen erm\u00f6glicht die dauerhafte Schmierung von hochbelasteten Getrieben. ELKALUB GLG 16\/N000 ist in Zentralschmieranlagen gut f\u00f6rderbar. Eine typische Anwendung von ELKALUB GLG 16\/N000 sind Zentralschmieranlagen von Baumaschinen oder gro\u00dfen Bogenoffset-Druckmaschinen. Basis\u00f6l Mineral\u00f6l Verdicker Lithium Grund\u00f6lviskosit\u00e4t 145 mm\u00b2\/s Einsatztemperatur -20 [&hellip;]<\/p>\n","protected":false},"featured_media":116734,"template":"","meta":[],"product_brand":[],"product_cat":[2068,4054],"product_tag":[],"class_list":{"0":"post-116703","1":"product","2":"type-product","3":"status-publish","4":"has-post-thumbnail","6":"product_cat-lagerbedarf-schmierstoffe-oele","7":"product_cat-schmierstoffe-oele","9":"first","10":"instock","11":"taxable","12":"shipping-taxable","13":"product-type-simple"},"jetpack_sharing_enabled":true,"_links":{"self":[{"href":"https:\/\/www.3p-gmbh.de\/hi\/wp-json\/wp\/v2\/product\/116703","targetHints":{"allow":["GET"]}}],"collection":[{"href":"https:\/\/www.3p-gmbh.de\/hi\/wp-json\/wp\/v2\/product"}],"about":[{"href":"https:\/\/www.3p-gmbh.de\/hi\/wp-json\/wp\/v2\/types\/product"}],"wp:featuredmedia":[{"embeddable":true,"href":"https:\/\/www.3p-gmbh.de\/hi\/wp-json\/wp\/v2\/media\/116734"}],"wp:attachment":[{"href":"https:\/\/www.3p-gmbh.de\/hi\/wp-json\/wp\/v2\/media?parent=116703"}],"wp:term":[{"taxonomy":"product_brand","embeddable":true,"href":"https:\/\/www.3p-gmbh.de\/hi\/wp-json\/wp\/v2\/product_brand?post=116703"},{"taxonomy":"product_cat","embeddable":true,"href":"https:\/\/www.3p-gmbh.de\/hi\/wp-json\/wp\/v2\/product_cat?post=116703"},{"taxonomy":"product_tag","embeddable":true,"href":"https:\/\/www.3p-gmbh.de\/hi\/wp-json\/wp\/v2\/product_tag?post=116703"}],"curies":[{"name":"wp","href":"https:\/\/api.w.org\/{rel}","templated":true}]}}