{"id":96709,"date":"2023-09-24T22:44:39","date_gmt":"2023-09-24T22:44:39","guid":{"rendered":"https:\/\/www.3p-gmbh.de\/produkt\/machine-a-secouer-wohlenberg-baumann-bsb-3l\/"},"modified":"2023-09-24T22:44:39","modified_gmt":"2023-09-24T22:44:39","slug":"machine-a-secouer-wohlenberg-baumann-bsb-3l","status":"publish","type":"product","link":"https:\/\/www.3p-gmbh.de\/fr\/produkt\/machine-a-secouer-wohlenberg-baumann-bsb-3l\/","title":{"rendered":"Machine \u00e0 secouer Wohlenberg Baumann BSB 3L"},"content":{"rendered":"<p><strong>Machine \u00e0 secouer Wohlenberg Baumann BSB 3L  <\/strong><br \/>\n<strong>SN 212.281<\/strong><\/p>\n<p><em><strong>\u00c9quipement :<\/strong><\/em><br \/>\navec rouleau d&rsquo;expression d&rsquo;air, volet pneumatique gauche et droit avec air,<br \/>\nAir comprim\u00e9 \u00e0 fournir par le client !<\/p>\n","protected":false},"excerpt":{"rendered":"<p>Machine \u00e0 secouer Wohlenberg Baumann BSB 3L SN 212.281 \u00c9quipement : avec rouleau d&rsquo;expression d&rsquo;air, volet pneumatique gauche et droit avec air, Air comprim\u00e9 \u00e0 fournir par le client !<\/p>\n","protected":false},"featured_media":94356,"template":"","meta":[],"product_brand":[],"product_cat":[3068],"product_tag":[],"class_list":{"0":"post-96709","1":"product","2":"type-product","3":"status-publish","4":"has-post-thumbnail","6":"product_cat-tables-vibrantes","7":"pa_hersteller-baumann-wohlenberg","8":"pa_typ-bsb-3-l","10":"first","11":"instock","12":"taxable","13":"shipping-taxable","14":"product-type-simple"},"jetpack_sharing_enabled":true,"_links":{"self":[{"href":"https:\/\/www.3p-gmbh.de\/fr\/wp-json\/wp\/v2\/product\/96709","targetHints":{"allow":["GET"]}}],"collection":[{"href":"https:\/\/www.3p-gmbh.de\/fr\/wp-json\/wp\/v2\/product"}],"about":[{"href":"https:\/\/www.3p-gmbh.de\/fr\/wp-json\/wp\/v2\/types\/product"}],"wp:featuredmedia":[{"embeddable":true,"href":"https:\/\/www.3p-gmbh.de\/fr\/wp-json\/wp\/v2\/media\/94356"}],"wp:attachment":[{"href":"https:\/\/www.3p-gmbh.de\/fr\/wp-json\/wp\/v2\/media?parent=96709"}],"wp:term":[{"taxonomy":"product_brand","embeddable":true,"href":"https:\/\/www.3p-gmbh.de\/fr\/wp-json\/wp\/v2\/product_brand?post=96709"},{"taxonomy":"product_cat","embeddable":true,"href":"https:\/\/www.3p-gmbh.de\/fr\/wp-json\/wp\/v2\/product_cat?post=96709"},{"taxonomy":"product_tag","embeddable":true,"href":"https:\/\/www.3p-gmbh.de\/fr\/wp-json\/wp\/v2\/product_tag?post=96709"}],"curies":[{"name":"wp","href":"https:\/\/api.w.org\/{rel}","templated":true}]}}