{"id":96225,"date":"2023-11-12T23:27:28","date_gmt":"2023-11-12T23:27:28","guid":{"rendered":"https:\/\/www.3p-gmbh.de\/produkt\/classeurs-a-anneaux-calendriers-machine-a-relier-a-fil-renz-mobi-500-avec-accroche-calendrier-ka-300\/"},"modified":"2023-11-12T23:27:28","modified_gmt":"2023-11-12T23:27:28","slug":"carnet-a-anneaux-calendrier-relieur-fil-renz-mobi-500-avec-porte-calendrier-ka-300","status":"publish","type":"product","link":"https:\/\/www.3p-gmbh.de\/fr\/produkt\/carnet-a-anneaux-calendrier-relieur-fil-renz-mobi-500-avec-porte-calendrier-ka-300\/","title":{"rendered":"Classeurs \u00e0 anneaux &amp; calendriers &#8211; Machine \u00e0 relier \u00e0 fil RENZ Mobi 500 avec accroche-calendrier KA 300"},"content":{"rendered":"<p><strong>Classeur \u00e0 anneaux &amp; calendrier &#8211; Machine \u00e0 relier \u00e0 fil RENZ Mobi 500 avec accroche-calendrier KA 300 pour l&rsquo;alimentation automatique de crochets de calendrier de 80 \u00e0 300 mm de longueur<\/strong><br \/>\n<strong>Ann\u00e9e de construction 07-2016<\/strong><br \/>\n<strong>\u00e0 l&rsquo;\u00e9tat neuf <\/strong><\/p>\n<p>&#8211; Max. Format : 500 x 500 mm<br \/>\n&#8211; Min. Format : 90 x 90 mm<br \/>\n&#8211; diam\u00e8tres \u00e0 attacher : 3\/16&Prime; &#8211; 1 1\/4&Prime; ( 3 outils sont fournis )<br \/>\n&#8211; Pas 3:1 + 2:1 (les deux pignons sont fournis)<br \/>\n&#8211; Cadence m\u00e9canique r\u00e9glable de 100 \u00e0 1 200 cycles\/h<br \/>\n&#8211; Possibilit\u00e9 de relier des blocs et des calendriers avec des suspensions<br \/>\n&#8211; \u00c9cran tactile avec guide de l&rsquo;utilisateur<br \/>\n&#8211; Processus de changement enti\u00e8rement automatique du format de papier et du diam\u00e8tre de reliure<br \/>\n&#8211; Sortie de caisse r\u00e9glable en hauteur<br \/>\n&#8211; Temps de pr\u00e9paration de la machine env. 5 &#8211; 10 minutes<br \/>\n&#8211; Station d&rsquo;accrochage pour la reliure pr\u00e9d\u00e9coup\u00e9e<br \/>\n&#8211; Dispositif de levage pour un changement de bobine rapide et sans danger pour l&rsquo;op\u00e9rateur<br \/>\n&#8211; Puissance de raccordement : 230\/400 V, 50 Hz<br \/>\n&#8211; Dimensions de la machine : L x l x H 220 x 75 x 205 cm<br \/>\n&#8211; Dimensions de la sortie du caisson : L x l 60 x 55 cm<br \/>\n&#8211; Poids : 640 kg<\/p>\n","protected":false},"excerpt":{"rendered":"<p>Classeur \u00e0 anneaux &amp; calendrier &#8211; Machine \u00e0 relier \u00e0 fil RENZ Mobi 500 avec accroche-calendrier KA 300 pour l&rsquo;alimentation automatique de crochets de calendrier de 80 \u00e0 300 mm de longueur Ann\u00e9e de construction 07-2016 \u00e0 l&rsquo;\u00e9tat neuf &#8211; Max. Format : 500 x 500 mm &#8211; Min. Format : 90 x 90 mm [&hellip;]<\/p>\n","protected":false},"featured_media":94876,"template":"","meta":[],"product_brand":[],"product_cat":[2852],"product_tag":[],"class_list":{"0":"post-96225","1":"product","2":"type-product","3":"status-publish","4":"has-post-thumbnail","6":"product_cat-machines-a-relier-par-fil","7":"pa_hersteller-renz","8":"pa_typ-mobi-500","9":"pa_typ-ka-300","11":"first","12":"instock","13":"taxable","14":"shipping-taxable","15":"product-type-simple"},"jetpack_sharing_enabled":true,"_links":{"self":[{"href":"https:\/\/www.3p-gmbh.de\/fr\/wp-json\/wp\/v2\/product\/96225","targetHints":{"allow":["GET"]}}],"collection":[{"href":"https:\/\/www.3p-gmbh.de\/fr\/wp-json\/wp\/v2\/product"}],"about":[{"href":"https:\/\/www.3p-gmbh.de\/fr\/wp-json\/wp\/v2\/types\/product"}],"wp:featuredmedia":[{"embeddable":true,"href":"https:\/\/www.3p-gmbh.de\/fr\/wp-json\/wp\/v2\/media\/94876"}],"wp:attachment":[{"href":"https:\/\/www.3p-gmbh.de\/fr\/wp-json\/wp\/v2\/media?parent=96225"}],"wp:term":[{"taxonomy":"product_brand","embeddable":true,"href":"https:\/\/www.3p-gmbh.de\/fr\/wp-json\/wp\/v2\/product_brand?post=96225"},{"taxonomy":"product_cat","embeddable":true,"href":"https:\/\/www.3p-gmbh.de\/fr\/wp-json\/wp\/v2\/product_cat?post=96225"},{"taxonomy":"product_tag","embeddable":true,"href":"https:\/\/www.3p-gmbh.de\/fr\/wp-json\/wp\/v2\/product_tag?post=96225"}],"curies":[{"name":"wp","href":"https:\/\/api.w.org\/{rel}","templated":true}]}}