{"id":96010,"date":"2023-11-28T16:13:24","date_gmt":"2023-11-28T16:13:24","guid":{"rendered":"https:\/\/www.3p-gmbh.de\/produkt\/konica-minolta-bizhub-pro-c1060\/"},"modified":"2023-11-28T16:13:24","modified_gmt":"2023-11-28T16:13:24","slug":"konica-minolta-bizhub-pro-c1060","status":"publish","type":"product","link":"https:\/\/www.3p-gmbh.de\/fr\/produkt\/konica-minolta-bizhub-pro-c1060\/","title":{"rendered":"Konica Minolta bizhub PRO C1060"},"content":{"rendered":"<p><strong>Konica bizhub PRO C1060<\/strong><br \/>\n*Appareil d&rsquo;occasion*<br \/>\nNum\u00e9ro de machine : 1819287410<br \/>\nRelev\u00e9 du compteur au 02.11.2022 : 00942571<br \/>\n<strong>de 12-2015<\/strong><\/p>\n<p>Option contr\u00f4leur<br \/>\nVI-507 Kit d&rsquo;interface pour EFI Fiery IC-308 \/ IC-415<br \/>\nTraitement de l&rsquo;impression<br \/>\nContr\u00f4leur d&rsquo;impression int\u00e9gr\u00e9 IC-415 EFI Fiery<br \/>\nModem GPRS bizhub incl. SIM (KPN)<br \/>\nInterface avec le syst\u00e8me de t\u00e9l\u00e9maintenance par t\u00e9l\u00e9phonie mobile, modem inclus Carte SIM pour<br \/>\nDF-626 Chargeur automatique de documents<br \/>\nEntr\u00e9e du papier<br \/>\nPF-707 Magasin grande capacit\u00e9 avec technologie d&rsquo;aspiration<br \/>\nFinition<br \/>\nFS-532 Unit\u00e9 de finition tout-en-un<br \/>\nRU-509 Unit\u00e9 de refroidissement\/lissage<\/p>\n<p><a href=\"https:\/\/www.3p-gmbh.de\/wp-content\/uploads\/2023\/11\/Konica-bizhub-Pro-C1060-tech-Daten.pdf\">Konica bizhub Pro C1060-tech donn\u00e9es<\/a><\/p>\n","protected":false},"excerpt":{"rendered":"<p>Konica bizhub PRO C1060 *Appareil d&rsquo;occasion* Num\u00e9ro de machine : 1819287410 Relev\u00e9 du compteur au 02.11.2022 : 00942571 de 12-2015 Option contr\u00f4leur VI-507 Kit d&rsquo;interface pour EFI Fiery IC-308 \/ IC-415 Traitement de l&rsquo;impression Contr\u00f4leur d&rsquo;impression int\u00e9gr\u00e9 IC-415 EFI Fiery Modem GPRS bizhub incl. SIM (KPN) Interface avec le syst\u00e8me de t\u00e9l\u00e9maintenance par t\u00e9l\u00e9phonie mobile, [&hellip;]<\/p>\n","protected":false},"featured_media":95090,"template":"","meta":[],"product_brand":[],"product_cat":[15],"product_tag":[],"class_list":{"0":"post-96010","1":"product","2":"type-product","3":"status-publish","4":"has-post-thumbnail","6":"product_cat-unkategorisiert","7":"pa_bezeichnung_typ-bizhub-pro-c1060","8":"pa_hersteller-konica-minolta","10":"first","11":"instock","12":"taxable","13":"shipping-taxable","14":"product-type-simple"},"jetpack_sharing_enabled":true,"_links":{"self":[{"href":"https:\/\/www.3p-gmbh.de\/fr\/wp-json\/wp\/v2\/product\/96010","targetHints":{"allow":["GET"]}}],"collection":[{"href":"https:\/\/www.3p-gmbh.de\/fr\/wp-json\/wp\/v2\/product"}],"about":[{"href":"https:\/\/www.3p-gmbh.de\/fr\/wp-json\/wp\/v2\/types\/product"}],"wp:featuredmedia":[{"embeddable":true,"href":"https:\/\/www.3p-gmbh.de\/fr\/wp-json\/wp\/v2\/media\/95090"}],"wp:attachment":[{"href":"https:\/\/www.3p-gmbh.de\/fr\/wp-json\/wp\/v2\/media?parent=96010"}],"wp:term":[{"taxonomy":"product_brand","embeddable":true,"href":"https:\/\/www.3p-gmbh.de\/fr\/wp-json\/wp\/v2\/product_brand?post=96010"},{"taxonomy":"product_cat","embeddable":true,"href":"https:\/\/www.3p-gmbh.de\/fr\/wp-json\/wp\/v2\/product_cat?post=96010"},{"taxonomy":"product_tag","embeddable":true,"href":"https:\/\/www.3p-gmbh.de\/fr\/wp-json\/wp\/v2\/product_tag?post=96010"}],"curies":[{"name":"wp","href":"https:\/\/api.w.org\/{rel}","templated":true}]}}