{"id":95888,"date":"2023-11-28T16:40:38","date_gmt":"2023-11-28T16:40:38","guid":{"rendered":"https:\/\/www.3p-gmbh.de\/produkt\/derouleur-electrique-de-130-cm-pour-machine-a-laver-le-caoutchouc\/"},"modified":"2023-11-28T16:40:38","modified_gmt":"2023-11-28T16:40:38","slug":"derouleur-electrique-de-serviettes-130cm-pour-lavage-caoutchouc","status":"publish","type":"product","link":"https:\/\/www.3p-gmbh.de\/fr\/produkt\/derouleur-electrique-de-serviettes-130cm-pour-lavage-caoutchouc\/","title":{"rendered":"D\u00e9rouleur \u00e9lectrique de 130 cm pour machine \u00e0 laver le caoutchouc"},"content":{"rendered":"<p><strong>d\u00e9rouleur \u00e9lectrique de linge de toilette 130cm<\/strong><br \/>\npour les laveuses de blanchets<\/p>\n","protected":false},"excerpt":{"rendered":"<p>d\u00e9rouleur \u00e9lectrique de linge de toilette 130cm pour les laveuses de blanchets<\/p>\n","protected":false},"featured_media":95240,"template":"","meta":[],"product_brand":[],"product_cat":[2902],"product_tag":[],"class_list":{"0":"post-95888","1":"product","2":"type-product","3":"status-publish","4":"has-post-thumbnail","6":"product_cat-accessoires-et-pieces-de-rechange-pour-machines-dimpression","8":"first","9":"instock","10":"taxable","11":"shipping-taxable","12":"product-type-simple"},"jetpack_sharing_enabled":true,"_links":{"self":[{"href":"https:\/\/www.3p-gmbh.de\/fr\/wp-json\/wp\/v2\/product\/95888","targetHints":{"allow":["GET"]}}],"collection":[{"href":"https:\/\/www.3p-gmbh.de\/fr\/wp-json\/wp\/v2\/product"}],"about":[{"href":"https:\/\/www.3p-gmbh.de\/fr\/wp-json\/wp\/v2\/types\/product"}],"wp:featuredmedia":[{"embeddable":true,"href":"https:\/\/www.3p-gmbh.de\/fr\/wp-json\/wp\/v2\/media\/95240"}],"wp:attachment":[{"href":"https:\/\/www.3p-gmbh.de\/fr\/wp-json\/wp\/v2\/media?parent=95888"}],"wp:term":[{"taxonomy":"product_brand","embeddable":true,"href":"https:\/\/www.3p-gmbh.de\/fr\/wp-json\/wp\/v2\/product_brand?post=95888"},{"taxonomy":"product_cat","embeddable":true,"href":"https:\/\/www.3p-gmbh.de\/fr\/wp-json\/wp\/v2\/product_cat?post=95888"},{"taxonomy":"product_tag","embeddable":true,"href":"https:\/\/www.3p-gmbh.de\/fr\/wp-json\/wp\/v2\/product_tag?post=95888"}],"curies":[{"name":"wp","href":"https:\/\/api.w.org\/{rel}","templated":true}]}}