{"id":95848,"date":"2023-11-30T14:37:54","date_gmt":"2023-11-30T14:37:54","guid":{"rendered":"https:\/\/www.3p-gmbh.de\/produkt\/machine-de-decoupe-vlf-wohlenberg-185-mcs-2tv\/"},"modified":"2023-11-30T14:37:54","modified_gmt":"2023-11-30T14:37:54","slug":"vlf-coupeuse-wohlenberg-185-mcs-2tv","status":"publish","type":"product","link":"https:\/\/www.3p-gmbh.de\/fr\/produkt\/vlf-coupeuse-wohlenberg-185-mcs-2tv\/","title":{"rendered":"Machine de d\u00e9coupe VLF WOHLENBERG 185 MCS-2TV"},"content":{"rendered":"<p><strong>Machine de d\u00e9coupe VLF WOHLENBERG 185 MCS-2TV<\/strong><br \/>\n<strong>datant d&rsquo;environ 1993<\/strong><\/p>\n<p>largeur de travail 185 mm<br \/>\n2 couteaux<br \/>\nTables a\u00e9riennes \u00e0 gauche, au centre et \u00e0 droite<br \/>\n\u00e9cran de t\u00e9l\u00e9vision modifi\u00e9 avec programmes<br \/>\nCapteurs de s\u00e9curit\u00e9<br \/>\nApprobation CE<\/p>\n<p>machine encore en production, en bon \u00e9tat<br \/>\nDisponible IMM\u00c9DIATEMENT<\/p>\n","protected":false},"excerpt":{"rendered":"<p>Machine de d\u00e9coupe VLF WOHLENBERG 185 MCS-2TV datant d&rsquo;environ 1993 largeur de travail 185 mm 2 couteaux Tables a\u00e9riennes \u00e0 gauche, au centre et \u00e0 droite \u00e9cran de t\u00e9l\u00e9vision modifi\u00e9 avec programmes Capteurs de s\u00e9curit\u00e9 Approbation CE machine encore en production, en bon \u00e9tat Disponible IMM\u00c9DIATEMENT<\/p>\n","protected":false},"featured_media":95419,"template":"","meta":[],"product_brand":[],"product_cat":[3016],"product_tag":[],"class_list":{"0":"post-95848","1":"product","2":"type-product","3":"status-publish","4":"has-post-thumbnail","6":"product_cat-machines-de-decoupe","7":"pa_hersteller-wohlenberg","8":"pa_typ-185-mcs-2tv","10":"first","11":"instock","12":"taxable","13":"shipping-taxable","14":"product-type-simple"},"jetpack_sharing_enabled":true,"_links":{"self":[{"href":"https:\/\/www.3p-gmbh.de\/fr\/wp-json\/wp\/v2\/product\/95848","targetHints":{"allow":["GET"]}}],"collection":[{"href":"https:\/\/www.3p-gmbh.de\/fr\/wp-json\/wp\/v2\/product"}],"about":[{"href":"https:\/\/www.3p-gmbh.de\/fr\/wp-json\/wp\/v2\/types\/product"}],"wp:featuredmedia":[{"embeddable":true,"href":"https:\/\/www.3p-gmbh.de\/fr\/wp-json\/wp\/v2\/media\/95419"}],"wp:attachment":[{"href":"https:\/\/www.3p-gmbh.de\/fr\/wp-json\/wp\/v2\/media?parent=95848"}],"wp:term":[{"taxonomy":"product_brand","embeddable":true,"href":"https:\/\/www.3p-gmbh.de\/fr\/wp-json\/wp\/v2\/product_brand?post=95848"},{"taxonomy":"product_cat","embeddable":true,"href":"https:\/\/www.3p-gmbh.de\/fr\/wp-json\/wp\/v2\/product_cat?post=95848"},{"taxonomy":"product_tag","embeddable":true,"href":"https:\/\/www.3p-gmbh.de\/fr\/wp-json\/wp\/v2\/product_tag?post=95848"}],"curies":[{"name":"wp","href":"https:\/\/api.w.org\/{rel}","templated":true}]}}