{"id":94231,"date":"2021-01-11T18:51:58","date_gmt":"2021-01-11T18:51:58","guid":{"rendered":"https:\/\/www.3p-gmbh.de\/produkt\/table-dassemblage-busch-tb-24-ii-de-lannee-de-fabrication-2002\/"},"modified":"2021-01-11T18:51:58","modified_gmt":"2021-01-11T18:51:58","slug":"tischbuendler-busch-tb-24-ii-aus-bj-2002","status":"publish","type":"product","link":"https:\/\/www.3p-gmbh.de\/fr\/produkt\/tischbuendler-busch-tb-24-ii-aus-bj-2002\/","title":{"rendered":"Table d&rsquo;assemblage Busch TB 24-II de l&rsquo;ann\u00e9e de fabrication 2002"},"content":{"rendered":"<div><span style=\"color: #000000; font-family: Arial;\"><span style=\"color: #0000ff;\"><strong>Table d&rsquo;assemblage Busch TB 24-II<\/strong><\/span><\/span><\/div>\n<div><span style=\"color: #0000ff; font-family: Arial;\"><br \/>\n  <strong>Ann\u00e9e de construction 2002 chez 3p <\/strong><br \/>\n<\/span><span style=\"font-family: Arial;\"><br \/>\n  <span style=\"color: #ff0000;\"><br \/>\n    <span style=\"color: #0000ff;\"><br \/>\n      <strong>Atelier r\u00e9vis\u00e9<\/strong><br \/>\n    <\/span><br \/>\n  <\/span><br \/>\n<\/span><\/div>\n<div><\/div>\n<div><span style=\"color: #000000; font-family: Arial;\">Le mat\u00e9riau des liasses est du papier kraft couch\u00e9 (brun ou blanc) ou du film de polypropyl\u00e8ne transparent.<br \/>\n\u00c9quipement avec \u00e9cran num\u00e9rique, affichage des erreurs et r\u00e9gulation \u00e9lectronique de la temp\u00e9rature.<\/p>\n<p>Possibilit\u00e9s de commande :<br \/>\n&#8211; D\u00e9clenchement individuel par bouton-poussoir<br \/>\n&#8211; D\u00e9clenchement individuel par p\u00e9dale<br \/>\n&#8211; d\u00e9clenchement automatique par capteur<\/p>\n<p>Mat\u00e9riau des liasses : papier kraft couch\u00e9, film polypropyl\u00e8ne (PP)<br \/>\n<span style=\"color: #0000ff;\"><strong>Largeur de bande 40<\/strong><\/span><\/span><\/div>\n<div><span style=\"color: #000000; font-family: Arial;\">Longueur des rouleaux : papier kraft 150 \/ film 200 m<br \/>\nCapacit\u00e9 de la machine : 20 \/ 25 cycles\/min.<br \/>\nMax. Dimensions du ballot : 240 mm de large pour le ballottage de papier et 180 mm pour le ballottage de film, hauteur 150 mm , longueur illimit\u00e9e<br \/>\n<\/span><\/div>\n","protected":false},"excerpt":{"rendered":"<p>Table d&rsquo;assemblage Busch TB 24-II Ann\u00e9e de construction 2002 chez 3p Atelier r\u00e9vis\u00e9 Le mat\u00e9riau des liasses est du papier kraft couch\u00e9 (brun ou blanc) ou du film de polypropyl\u00e8ne transparent. \u00c9quipement avec \u00e9cran num\u00e9rique, affichage des erreurs et r\u00e9gulation \u00e9lectronique de la temp\u00e9rature. Possibilit\u00e9s de commande : &#8211; D\u00e9clenchement individuel par bouton-poussoir &#8211; D\u00e9clenchement [&hellip;]<\/p>\n","protected":false},"featured_media":59665,"template":"","meta":[],"product_brand":[],"product_cat":[2855],"product_tag":[],"class_list":{"0":"post-94231","1":"product","2":"type-product","3":"status-publish","4":"has-post-thumbnail","6":"product_cat-banderoleuses","7":"pa_hersteller-busch","8":"pa_typ-tb-24-ii","10":"first","11":"instock","12":"taxable","13":"shipping-taxable","14":"product-type-simple"},"jetpack_sharing_enabled":true,"_links":{"self":[{"href":"https:\/\/www.3p-gmbh.de\/fr\/wp-json\/wp\/v2\/product\/94231","targetHints":{"allow":["GET"]}}],"collection":[{"href":"https:\/\/www.3p-gmbh.de\/fr\/wp-json\/wp\/v2\/product"}],"about":[{"href":"https:\/\/www.3p-gmbh.de\/fr\/wp-json\/wp\/v2\/types\/product"}],"wp:featuredmedia":[{"embeddable":true,"href":"https:\/\/www.3p-gmbh.de\/fr\/wp-json\/wp\/v2\/media\/59665"}],"wp:attachment":[{"href":"https:\/\/www.3p-gmbh.de\/fr\/wp-json\/wp\/v2\/media?parent=94231"}],"wp:term":[{"taxonomy":"product_brand","embeddable":true,"href":"https:\/\/www.3p-gmbh.de\/fr\/wp-json\/wp\/v2\/product_brand?post=94231"},{"taxonomy":"product_cat","embeddable":true,"href":"https:\/\/www.3p-gmbh.de\/fr\/wp-json\/wp\/v2\/product_cat?post=94231"},{"taxonomy":"product_tag","embeddable":true,"href":"https:\/\/www.3p-gmbh.de\/fr\/wp-json\/wp\/v2\/product_tag?post=94231"}],"curies":[{"name":"wp","href":"https:\/\/api.w.org\/{rel}","templated":true}]}}