{"id":94221,"date":"2021-01-12T13:48:31","date_gmt":"2021-01-12T13:48:31","guid":{"rendered":"https:\/\/www.3p-gmbh.de\/produkt\/systeme-didentification-pour-le-marquage-industriel-avec-printolux-modele-printolux-fb-30-plus\/"},"modified":"2021-01-12T13:48:31","modified_gmt":"2021-01-12T13:48:31","slug":"systeme-de-marquage-pour-marquage-industriel-avec-printolux-model-printolux-fb-30-plus","status":"publish","type":"product","link":"https:\/\/www.3p-gmbh.de\/fr\/produkt\/systeme-de-marquage-pour-marquage-industriel-avec-printolux-model-printolux-fb-30-plus\/","title":{"rendered":"Syst\u00e8me d&rsquo;identification pour le marquage industriel avec PrintoLUX\u00ae Mod\u00e8le PrintoLUX FB-30-Plus"},"content":{"rendered":"<div><strong>Syst\u00e8me de marquage PrintoLUX FB-30-Plus<\/strong><\/div>\n<div>\nAjustement manuel des hauteurs jusqu&rsquo;\u00e0 30 mm<br \/>\nSurface d&rsquo;impression active jusqu&rsquo;\u00e0 320 x 540 mm maximum<br \/>\nPoids d&rsquo;appui jusqu&rsquo;\u00e0 max. 10 kg. Qualit\u00e9 d&rsquo;impression \u00e9lev\u00e9e gr\u00e2ce \u00e0 la table d&rsquo;impression immobile et au groupe d&rsquo;impression en mouvement<br \/>\nAutres r\u00e9sultats d&rsquo;impression am\u00e9lior\u00e9s : R\u00e9alisation de traits jusqu&rsquo;\u00e0 0,05 mm d&rsquo;\u00e9paisseur<\/div>\n","protected":false},"excerpt":{"rendered":"<p>Syst\u00e8me de marquage PrintoLUX FB-30-Plus Ajustement manuel des hauteurs jusqu&rsquo;\u00e0 30 mm Surface d&rsquo;impression active jusqu&rsquo;\u00e0 320 x 540 mm maximum Poids d&rsquo;appui jusqu&rsquo;\u00e0 max. 10 kg. Qualit\u00e9 d&rsquo;impression \u00e9lev\u00e9e gr\u00e2ce \u00e0 la table d&rsquo;impression immobile et au groupe d&rsquo;impression en mouvement Autres r\u00e9sultats d&rsquo;impression am\u00e9lior\u00e9s : R\u00e9alisation de traits jusqu&rsquo;\u00e0 0,05 mm d&rsquo;\u00e9paisseur<\/p>\n","protected":false},"featured_media":59680,"template":"","meta":[],"product_brand":[],"product_cat":[2973],"product_tag":[],"class_list":{"0":"post-94221","1":"product","2":"type-product","3":"status-publish","4":"has-post-thumbnail","6":"product_cat-impression-numerique","7":"pa_hersteller-printolux","8":"pa_typ-fb-30-plus","10":"first","11":"instock","12":"taxable","13":"shipping-taxable","14":"product-type-simple"},"jetpack_sharing_enabled":true,"_links":{"self":[{"href":"https:\/\/www.3p-gmbh.de\/fr\/wp-json\/wp\/v2\/product\/94221","targetHints":{"allow":["GET"]}}],"collection":[{"href":"https:\/\/www.3p-gmbh.de\/fr\/wp-json\/wp\/v2\/product"}],"about":[{"href":"https:\/\/www.3p-gmbh.de\/fr\/wp-json\/wp\/v2\/types\/product"}],"wp:featuredmedia":[{"embeddable":true,"href":"https:\/\/www.3p-gmbh.de\/fr\/wp-json\/wp\/v2\/media\/59680"}],"wp:attachment":[{"href":"https:\/\/www.3p-gmbh.de\/fr\/wp-json\/wp\/v2\/media?parent=94221"}],"wp:term":[{"taxonomy":"product_brand","embeddable":true,"href":"https:\/\/www.3p-gmbh.de\/fr\/wp-json\/wp\/v2\/product_brand?post=94221"},{"taxonomy":"product_cat","embeddable":true,"href":"https:\/\/www.3p-gmbh.de\/fr\/wp-json\/wp\/v2\/product_cat?post=94221"},{"taxonomy":"product_tag","embeddable":true,"href":"https:\/\/www.3p-gmbh.de\/fr\/wp-json\/wp\/v2\/product_tag?post=94221"}],"curies":[{"name":"wp","href":"https:\/\/api.w.org\/{rel}","templated":true}]}}