{"id":94218,"date":"2021-01-12T13:54:31","date_gmt":"2021-01-12T13:54:31","guid":{"rendered":"https:\/\/www.3p-gmbh.de\/produkt\/renz-ecl-500-machine-electrique-de-fermeture-pour-peignes-metalliques\/"},"modified":"2021-01-12T13:54:31","modified_gmt":"2021-01-12T13:54:31","slug":"renz-ecl-500-fermeuse-electrique-pour-fil-peigne-liaisons","status":"publish","type":"product","link":"https:\/\/www.3p-gmbh.de\/fr\/produkt\/renz-ecl-500-fermeuse-electrique-pour-fil-peigne-liaisons\/","title":{"rendered":"Renz ECL 500 Machine \u00e9lectrique de fermeture pour peignes m\u00e9talliques"},"content":{"rendered":"<p><strong>Renz ECL 500 Machine \u00e9lectrique de fermeture pour peignes m\u00e9talliques<\/strong><br \/>\n<strong>de l&rsquo;ann\u00e9e 2004<br \/>\n<\/strong><br \/>\n&#8211; Largeur de travail jusqu&rsquo;\u00e0 500 mm<br \/>\n&#8211; Dispositif de s\u00e9curit\u00e9 contre les blessures<br \/>\n&#8211; Diam\u00e8tres \u00e0 traiter : 3\/16 &#8211; 1 1\/2<br \/>\n&#8211; Pas de changement d&rsquo;outil n\u00e9cessaire<br \/>\n&#8211; Capacit\u00e9 de fermeture m\u00e9canique : 2.000 cycles\/h*.<br \/>\n&#8211; Raccordement : 230\/ 50 Hz<br \/>\n&#8211; Poids : 38 kg<\/p>\n<p>* La capacit\u00e9 de liage effective d\u00e9pend de plusieurs facteurs, les plus importants \u00e9tant<br \/>\n&#8211; Bloc ou reliure de calendrier ( 2 \u00e9l\u00e9ments en fil m\u00e9tallique + accroche )<br \/>\n&#8211; Habilet\u00e9 de l&rsquo;op\u00e9rateur<\/p>\n<p>Votre avantage :<br \/>\nEn utilisant un appareil de fermeture \u00e9lectrique, vous garantissez un r\u00e9sultat de fermeture toujours identique et parfait !<br \/>\nEn outre, vous disposez des deux mains pour fixer le produit \u00e0 relier avec une machine de fermeture de la s\u00e9rie ECL (le m\u00e9canisme de fermeture est d\u00e9clench\u00e9 par une p\u00e9dale), ce qui facilite grandement la manipulation.<\/p>\n","protected":false},"excerpt":{"rendered":"<p>Renz ECL 500 Machine \u00e9lectrique de fermeture pour peignes m\u00e9talliques de l&rsquo;ann\u00e9e 2004 &#8211; Largeur de travail jusqu&rsquo;\u00e0 500 mm &#8211; Dispositif de s\u00e9curit\u00e9 contre les blessures &#8211; Diam\u00e8tres \u00e0 traiter : 3\/16 &#8211; 1 1\/2 &#8211; Pas de changement d&rsquo;outil n\u00e9cessaire &#8211; Capacit\u00e9 de fermeture m\u00e9canique : 2.000 cycles\/h*. &#8211; Raccordement : 230\/ 50 [&hellip;]<\/p>\n","protected":false},"featured_media":59682,"template":"","meta":[],"product_brand":[],"product_cat":[2852],"product_tag":[],"class_list":{"0":"post-94218","1":"product","2":"type-product","3":"status-publish","4":"has-post-thumbnail","6":"product_cat-machines-a-relier-par-fil","7":"pa_hersteller-renz","8":"pa_typ-ecl-500","10":"first","11":"instock","12":"taxable","13":"shipping-taxable","14":"product-type-simple"},"jetpack_sharing_enabled":true,"_links":{"self":[{"href":"https:\/\/www.3p-gmbh.de\/fr\/wp-json\/wp\/v2\/product\/94218","targetHints":{"allow":["GET"]}}],"collection":[{"href":"https:\/\/www.3p-gmbh.de\/fr\/wp-json\/wp\/v2\/product"}],"about":[{"href":"https:\/\/www.3p-gmbh.de\/fr\/wp-json\/wp\/v2\/types\/product"}],"wp:featuredmedia":[{"embeddable":true,"href":"https:\/\/www.3p-gmbh.de\/fr\/wp-json\/wp\/v2\/media\/59682"}],"wp:attachment":[{"href":"https:\/\/www.3p-gmbh.de\/fr\/wp-json\/wp\/v2\/media?parent=94218"}],"wp:term":[{"taxonomy":"product_brand","embeddable":true,"href":"https:\/\/www.3p-gmbh.de\/fr\/wp-json\/wp\/v2\/product_brand?post=94218"},{"taxonomy":"product_cat","embeddable":true,"href":"https:\/\/www.3p-gmbh.de\/fr\/wp-json\/wp\/v2\/product_cat?post=94218"},{"taxonomy":"product_tag","embeddable":true,"href":"https:\/\/www.3p-gmbh.de\/fr\/wp-json\/wp\/v2\/product_tag?post=94218"}],"curies":[{"name":"wp","href":"https:\/\/api.w.org\/{rel}","templated":true}]}}