{"id":94199,"date":"2019-07-11T13:56:29","date_gmt":"2019-07-11T13:56:29","guid":{"rendered":"https:\/\/www.3p-gmbh.de\/produkt\/heidelberg-stahl-tf-56-4-4-f-plieuse-a-poches\/"},"modified":"2019-07-11T13:56:29","modified_gmt":"2019-07-11T13:56:29","slug":"plieuse-de-poche-24","status":"publish","type":"product","link":"https:\/\/www.3p-gmbh.de\/fr\/produkt\/plieuse-de-poche-24\/","title":{"rendered":"Heidelberg Stahl TF 56-4-4-F Plieuse \u00e0 poches"},"content":{"rendered":"<ul>\n<li>Plieuse \u00e0 poches acier TF 56-4-4-F SAK 56<\/li>\n<li>Ann\u00e9e de construction 1996<\/li>\n<li>Format 56 x 84cm<\/li>\n<li>Empileur \u00e0 plat avec Tremat et compteur \u00e0 pr\u00e9s\u00e9lection PCS 100<\/li>\n<li>1er mouvement 4 poches 56cm et arbre porte-lames en aval<\/li>\n<li>2. mouvement 4 poches 56cm et arbre porte-lames en aval<\/li>\n<li>1 sortie d&rsquo;\u00e9cailles mobile SAK 56 avec dispositif de marquage<\/li>\n<li>1 pompe DV<\/li>\n<li>1 poche de pliage de fen\u00eatre \u00e9lectromagn\u00e9tique<\/li>\n<\/ul>\n","protected":false},"excerpt":{"rendered":"<p>Plieuse \u00e0 poches acier TF 56-4-4-F SAK 56 Ann\u00e9e de construction 1996 Format 56 x 84cm Empileur \u00e0 plat avec Tremat et compteur \u00e0 pr\u00e9s\u00e9lection PCS 100 1er mouvement 4 poches 56cm et arbre porte-lames en aval 2. mouvement 4 poches 56cm et arbre porte-lames en aval 1 sortie d&rsquo;\u00e9cailles mobile SAK 56 avec dispositif [&hellip;]<\/p>\n","protected":false},"featured_media":55798,"template":"","meta":[],"product_brand":[],"product_cat":[2984],"product_tag":[],"class_list":{"0":"post-94199","1":"product","2":"type-product","3":"status-publish","4":"has-post-thumbnail","6":"product_cat-plieuses-fr","7":"pa_baujahr-209","8":"pa_hersteller-heidelberg-stahlfolder","9":"pa_typ-tf-56-4-4-f-sak-56","11":"first","12":"instock","13":"sold-individually","14":"taxable","15":"shipping-taxable","16":"purchasable","17":"product-type-simple"},"jetpack_sharing_enabled":true,"_links":{"self":[{"href":"https:\/\/www.3p-gmbh.de\/fr\/wp-json\/wp\/v2\/product\/94199","targetHints":{"allow":["GET"]}}],"collection":[{"href":"https:\/\/www.3p-gmbh.de\/fr\/wp-json\/wp\/v2\/product"}],"about":[{"href":"https:\/\/www.3p-gmbh.de\/fr\/wp-json\/wp\/v2\/types\/product"}],"wp:featuredmedia":[{"embeddable":true,"href":"https:\/\/www.3p-gmbh.de\/fr\/wp-json\/wp\/v2\/media\/55798"}],"wp:attachment":[{"href":"https:\/\/www.3p-gmbh.de\/fr\/wp-json\/wp\/v2\/media?parent=94199"}],"wp:term":[{"taxonomy":"product_brand","embeddable":true,"href":"https:\/\/www.3p-gmbh.de\/fr\/wp-json\/wp\/v2\/product_brand?post=94199"},{"taxonomy":"product_cat","embeddable":true,"href":"https:\/\/www.3p-gmbh.de\/fr\/wp-json\/wp\/v2\/product_cat?post=94199"},{"taxonomy":"product_tag","embeddable":true,"href":"https:\/\/www.3p-gmbh.de\/fr\/wp-json\/wp\/v2\/product_tag?post=94199"}],"curies":[{"name":"wp","href":"https:\/\/api.w.org\/{rel}","templated":true}]}}