{"id":94198,"date":"2019-07-11T13:56:29","date_gmt":"2019-07-11T13:56:29","guid":{"rendered":"https:\/\/www.3p-gmbh.de\/produkt\/guk-k-49-4-f4-plieuse-combinee\/"},"modified":"2019-07-11T13:56:29","modified_gmt":"2019-07-11T13:56:29","slug":"plieuse-combinee-12","status":"publish","type":"product","link":"https:\/\/www.3p-gmbh.de\/fr\/produkt\/plieuse-combinee-12\/","title":{"rendered":"GUK K 49-4-F4 Plieuse combin\u00e9e"},"content":{"rendered":"<ul>\n<li>Ann\u00e9e de construction : 1998<\/li>\n<li>avec poche \u00e0 fen\u00eatre<\/li>\n<li>Margeur \u00e0 pile plate Gremser FN4 avec s\u00e9parateur de bord arri\u00e8re<\/li>\n<li>4 poches<\/li>\n<li>1 \u00e9p\u00e9e<\/li>\n<li>Exposition en \u00e9cailles<\/li>\n<\/ul>\n","protected":false},"excerpt":{"rendered":"<p>Ann\u00e9e de construction : 1998 avec poche \u00e0 fen\u00eatre Margeur \u00e0 pile plate Gremser FN4 avec s\u00e9parateur de bord arri\u00e8re 4 poches 1 \u00e9p\u00e9e Exposition en \u00e9cailles<\/p>\n","protected":false},"featured_media":57024,"template":"","meta":[],"product_brand":[],"product_cat":[2984],"product_tag":[],"class_list":{"0":"post-94198","1":"product","2":"type-product","3":"status-publish","4":"has-post-thumbnail","6":"product_cat-plieuses-fr","7":"pa_baujahr-188","8":"pa_hersteller-grieser-kunzmann","9":"pa_typ-guk-k-49-4-f4-mit-fensterfalztasche","11":"first","12":"instock","13":"sold-individually","14":"taxable","15":"shipping-taxable","16":"purchasable","17":"product-type-simple"},"jetpack_sharing_enabled":true,"_links":{"self":[{"href":"https:\/\/www.3p-gmbh.de\/fr\/wp-json\/wp\/v2\/product\/94198","targetHints":{"allow":["GET"]}}],"collection":[{"href":"https:\/\/www.3p-gmbh.de\/fr\/wp-json\/wp\/v2\/product"}],"about":[{"href":"https:\/\/www.3p-gmbh.de\/fr\/wp-json\/wp\/v2\/types\/product"}],"wp:featuredmedia":[{"embeddable":true,"href":"https:\/\/www.3p-gmbh.de\/fr\/wp-json\/wp\/v2\/media\/57024"}],"wp:attachment":[{"href":"https:\/\/www.3p-gmbh.de\/fr\/wp-json\/wp\/v2\/media?parent=94198"}],"wp:term":[{"taxonomy":"product_brand","embeddable":true,"href":"https:\/\/www.3p-gmbh.de\/fr\/wp-json\/wp\/v2\/product_brand?post=94198"},{"taxonomy":"product_cat","embeddable":true,"href":"https:\/\/www.3p-gmbh.de\/fr\/wp-json\/wp\/v2\/product_cat?post=94198"},{"taxonomy":"product_tag","embeddable":true,"href":"https:\/\/www.3p-gmbh.de\/fr\/wp-json\/wp\/v2\/product_tag?post=94198"}],"curies":[{"name":"wp","href":"https:\/\/api.w.org\/{rel}","templated":true}]}}