{"id":94195,"date":"2019-07-11T13:56:29","date_gmt":"2019-07-11T13:56:29","guid":{"rendered":"https:\/\/www.3p-gmbh.de\/produkt\/plieuse-a-poches-heidelberg-stahl-tc-78-4-4-4-fcc\/"},"modified":"2019-07-11T13:56:29","modified_gmt":"2019-07-11T13:56:29","slug":"plieuse-de-poche-23","status":"publish","type":"product","link":"https:\/\/www.3p-gmbh.de\/fr\/produkt\/plieuse-de-poche-23\/","title":{"rendered":"Plieuse \u00e0 poches Heidelberg Stahl TC 78-4-4-4-FCC"},"content":{"rendered":"<ul>\n<li>avec SBP 66.2<\/li>\n<li>Pompe \u00e0 vide<\/li>\n<li>Table pneumatique \u00e0 plat<\/li>\n<li>Dispositif de collage \u00e0 froid Optimatic<\/li>\n<li>FW 1 avec arbre porte-lames en amont, 4 poches 78cm et arbre porte-lames en aval<\/li>\n<li>FW 2 avec 4 poches 78cm et arbre porte-lames en aval<\/li>\n<li>FW 3 avec 4 poches 66cm et arbre porte-lames en aval<\/li>\n<li>poche de pliage de fen\u00eatre \u00e0 fonctionnement \u00e9lectromagn\u00e9tique<\/li>\n<li>Sortie de presse \u00e0 arc vertical acier SBP 66.2<\/li>\n<\/ul>\n","protected":false},"excerpt":{"rendered":"<p>avec SBP 66.2 Pompe \u00e0 vide Table pneumatique \u00e0 plat Dispositif de collage \u00e0 froid Optimatic FW 1 avec arbre porte-lames en amont, 4 poches 78cm et arbre porte-lames en aval FW 2 avec 4 poches 78cm et arbre porte-lames en aval FW 3 avec 4 poches 66cm et arbre porte-lames en aval poche de [&hellip;]<\/p>\n","protected":false},"featured_media":55792,"template":"","meta":[],"product_brand":[],"product_cat":[2984],"product_tag":[],"class_list":{"0":"post-94195","1":"product","2":"type-product","3":"status-publish","4":"has-post-thumbnail","6":"product_cat-plieuses-fr","7":"pa_baujahr-196","8":"pa_hersteller-stahl-ludwigsburg","9":"pa_typ-stahlfolder-tc-78-4-4-4-fcc","11":"first","12":"instock","13":"sold-individually","14":"taxable","15":"shipping-taxable","16":"purchasable","17":"product-type-simple"},"jetpack_sharing_enabled":true,"_links":{"self":[{"href":"https:\/\/www.3p-gmbh.de\/fr\/wp-json\/wp\/v2\/product\/94195","targetHints":{"allow":["GET"]}}],"collection":[{"href":"https:\/\/www.3p-gmbh.de\/fr\/wp-json\/wp\/v2\/product"}],"about":[{"href":"https:\/\/www.3p-gmbh.de\/fr\/wp-json\/wp\/v2\/types\/product"}],"wp:featuredmedia":[{"embeddable":true,"href":"https:\/\/www.3p-gmbh.de\/fr\/wp-json\/wp\/v2\/media\/55792"}],"wp:attachment":[{"href":"https:\/\/www.3p-gmbh.de\/fr\/wp-json\/wp\/v2\/media?parent=94195"}],"wp:term":[{"taxonomy":"product_brand","embeddable":true,"href":"https:\/\/www.3p-gmbh.de\/fr\/wp-json\/wp\/v2\/product_brand?post=94195"},{"taxonomy":"product_cat","embeddable":true,"href":"https:\/\/www.3p-gmbh.de\/fr\/wp-json\/wp\/v2\/product_cat?post=94195"},{"taxonomy":"product_tag","embeddable":true,"href":"https:\/\/www.3p-gmbh.de\/fr\/wp-json\/wp\/v2\/product_tag?post=94195"}],"curies":[{"name":"wp","href":"https:\/\/api.w.org\/{rel}","templated":true}]}}