{"id":94187,"date":"2019-07-11T13:56:29","date_gmt":"2019-07-11T13:56:29","guid":{"rendered":"https:\/\/www.3p-gmbh.de\/produkt\/petite-plieuse-heidelberg-stahl-t-36-4\/"},"modified":"2019-07-11T13:56:29","modified_gmt":"2019-07-11T13:56:29","slug":"petite-plieuse","status":"publish","type":"product","link":"https:\/\/www.3p-gmbh.de\/fr\/produkt\/petite-plieuse\/","title":{"rendered":"Petite plieuse Heidelberg Stahl T 36-4"},"content":{"rendered":"<ul>\n<li>Plieuse \u00e0 poches combin\u00e9e pour petits plis Acier T 36-4-KB-F-SA<\/li>\n<li>id\u00e9al pour les petits plis, par ex. les notices d&#8217;emballage ou les encarts pharmaceutiques \u00e0 partir de 20 mm<\/li>\n<li>Margeur \u00e0 pile plate et compteur \u00e0 pr\u00e9s\u00e9lection EVZ 11<\/li>\n<li>FW 1 avec 4 poches largeur d&rsquo;entr\u00e9e 36cm, arbre porte-lames en aval, protection contre le bruit<\/li>\n<li>Plieuse \u00e0 sabre KB-36 accrochable avec un couteau<\/li>\n<li>sortie \u00e0 \u00e9cailles accrochable<\/li>\n<\/ul>\n","protected":false},"excerpt":{"rendered":"<p>Plieuse \u00e0 poches combin\u00e9e pour petits plis Acier T 36-4-KB-F-SA id\u00e9al pour les petits plis, par ex. les notices d&#8217;emballage ou les encarts pharmaceutiques \u00e0 partir de 20 mm Margeur \u00e0 pile plate et compteur \u00e0 pr\u00e9s\u00e9lection EVZ 11 FW 1 avec 4 poches largeur d&rsquo;entr\u00e9e 36cm, arbre porte-lames en aval, protection contre le bruit [&hellip;]<\/p>\n","protected":false},"featured_media":55807,"template":"","meta":[],"product_brand":[],"product_cat":[2984],"product_tag":[],"class_list":{"0":"post-94187","1":"product","2":"type-product","3":"status-publish","4":"has-post-thumbnail","6":"product_cat-plieuses-fr","7":"pa_baujahr-272","8":"pa_hersteller-stahl-ludwigsburg","9":"pa_typ-stahlfolder-t-36-4-kb-f2-sa","11":"first","12":"instock","13":"sold-individually","14":"taxable","15":"shipping-taxable","16":"purchasable","17":"product-type-simple"},"jetpack_sharing_enabled":true,"_links":{"self":[{"href":"https:\/\/www.3p-gmbh.de\/fr\/wp-json\/wp\/v2\/product\/94187","targetHints":{"allow":["GET"]}}],"collection":[{"href":"https:\/\/www.3p-gmbh.de\/fr\/wp-json\/wp\/v2\/product"}],"about":[{"href":"https:\/\/www.3p-gmbh.de\/fr\/wp-json\/wp\/v2\/types\/product"}],"wp:featuredmedia":[{"embeddable":true,"href":"https:\/\/www.3p-gmbh.de\/fr\/wp-json\/wp\/v2\/media\/55807"}],"wp:attachment":[{"href":"https:\/\/www.3p-gmbh.de\/fr\/wp-json\/wp\/v2\/media?parent=94187"}],"wp:term":[{"taxonomy":"product_brand","embeddable":true,"href":"https:\/\/www.3p-gmbh.de\/fr\/wp-json\/wp\/v2\/product_brand?post=94187"},{"taxonomy":"product_cat","embeddable":true,"href":"https:\/\/www.3p-gmbh.de\/fr\/wp-json\/wp\/v2\/product_cat?post=94187"},{"taxonomy":"product_tag","embeddable":true,"href":"https:\/\/www.3p-gmbh.de\/fr\/wp-json\/wp\/v2\/product_tag?post=94187"}],"curies":[{"name":"wp","href":"https:\/\/api.w.org\/{rel}","templated":true}]}}