{"id":94178,"date":"2019-07-11T13:56:29","date_gmt":"2019-07-11T13:56:29","guid":{"rendered":"https:\/\/www.3p-gmbh.de\/produkt\/heidelberg-stahl-kh-78-4-ktl-rfh-82-plieuse-combinee\/"},"modified":"2019-07-11T13:56:29","modified_gmt":"2019-07-11T13:56:29","slug":"plieuse-combinee-13","status":"publish","type":"product","link":"https:\/\/www.3p-gmbh.de\/fr\/produkt\/plieuse-combinee-13\/","title":{"rendered":"Heidelberg Stahl KH 78-4-KTL-RFH 82 Plieuse combin\u00e9e"},"content":{"rendered":"<ul>\n<li>Ann\u00e9e de construction : 2005<\/li>\n<li>Margeur \u00e0 pile ronde RFH-82 avec rallonge de table et commande MCT<\/li>\n<li>Format maximal 82x128cm<\/li>\n<li>arbre porte-lames en amont<\/li>\n<li>Plieuse \u00e0 poches BUH 1\u00e8re station avec 4 poches Largeur de travail 82 cm, arbre porte-couteaux en aval<\/li>\n<li>Plieuse \u00e0 pli crois\u00e9 BCUH en version pli crois\u00e9 KTL (lame, poche couch\u00e9e, lame) Largeur de travail 78 cm, arbre porte-lames en aval<\/li>\n<li>Pompe DV avec caisson antibruit et ventilateur<\/li>\n<li>Sortie de presse \u00e0 arc vertical acier SBP 66.D MKE<\/li>\n<\/ul>\n","protected":false},"excerpt":{"rendered":"<p>Ann\u00e9e de construction : 2005 Margeur \u00e0 pile ronde RFH-82 avec rallonge de table et commande MCT Format maximal 82x128cm arbre porte-lames en amont Plieuse \u00e0 poches BUH 1\u00e8re station avec 4 poches Largeur de travail 82 cm, arbre porte-couteaux en aval Plieuse \u00e0 pli crois\u00e9 BCUH en version pli crois\u00e9 KTL (lame, poche couch\u00e9e, [&hellip;]<\/p>\n","protected":false},"featured_media":57039,"template":"","meta":[],"product_brand":[],"product_cat":[2984],"product_tag":[],"class_list":{"0":"post-94178","1":"product","2":"type-product","3":"status-publish","4":"has-post-thumbnail","6":"product_cat-plieuses-fr","7":"pa_baujahr-168","8":"pa_hersteller-heidelberg-stahl-ludwigsburg","9":"pa_typ-stahfolder-kh-78-4-ktl-rfh-82","11":"first","12":"instock","13":"sold-individually","14":"taxable","15":"shipping-taxable","16":"purchasable","17":"product-type-simple"},"jetpack_sharing_enabled":true,"_links":{"self":[{"href":"https:\/\/www.3p-gmbh.de\/fr\/wp-json\/wp\/v2\/product\/94178","targetHints":{"allow":["GET"]}}],"collection":[{"href":"https:\/\/www.3p-gmbh.de\/fr\/wp-json\/wp\/v2\/product"}],"about":[{"href":"https:\/\/www.3p-gmbh.de\/fr\/wp-json\/wp\/v2\/types\/product"}],"wp:featuredmedia":[{"embeddable":true,"href":"https:\/\/www.3p-gmbh.de\/fr\/wp-json\/wp\/v2\/media\/57039"}],"wp:attachment":[{"href":"https:\/\/www.3p-gmbh.de\/fr\/wp-json\/wp\/v2\/media?parent=94178"}],"wp:term":[{"taxonomy":"product_brand","embeddable":true,"href":"https:\/\/www.3p-gmbh.de\/fr\/wp-json\/wp\/v2\/product_brand?post=94178"},{"taxonomy":"product_cat","embeddable":true,"href":"https:\/\/www.3p-gmbh.de\/fr\/wp-json\/wp\/v2\/product_cat?post=94178"},{"taxonomy":"product_tag","embeddable":true,"href":"https:\/\/www.3p-gmbh.de\/fr\/wp-json\/wp\/v2\/product_tag?post=94178"}],"curies":[{"name":"wp","href":"https:\/\/api.w.org\/{rel}","templated":true}]}}