{"id":94177,"date":"2019-07-11T13:56:29","date_gmt":"2019-07-11T13:56:29","guid":{"rendered":"https:\/\/www.3p-gmbh.de\/produkt\/mbo-asp-66-2-me-sortie-de-presse-a-ecailles\/"},"modified":"2019-07-11T13:56:29","modified_gmt":"2019-07-11T13:56:29","slug":"sortie-de-presse-a-ecailles-2","status":"publish","type":"product","link":"https:\/\/www.3p-gmbh.de\/fr\/produkt\/sortie-de-presse-a-ecailles-2\/","title":{"rendered":"MBO ASP 66-2 ME Sortie de presse \u00e0 \u00e9cailles"},"content":{"rendered":"<ul>\n<li>sortie de presse \u00e0 \u00e9cailles mobile et r\u00e9glable en hauteur<\/li>\n<li>avec pressage et dispositif de marquage<\/li>\n<li>pour une sortie \u00e0 double usage<\/li>\n<li>Largeur d&rsquo;entr\u00e9e 66 cm<\/li>\n<\/ul>\n","protected":false},"excerpt":{"rendered":"<p>sortie de presse \u00e0 \u00e9cailles mobile et r\u00e9glable en hauteur avec pressage et dispositif de marquage pour une sortie \u00e0 double usage Largeur d&rsquo;entr\u00e9e 66 cm<\/p>\n","protected":false},"featured_media":55810,"template":"","meta":[],"product_brand":[],"product_cat":[2916],"product_tag":[],"class_list":{"0":"post-94177","1":"product","2":"type-product","3":"status-publish","4":"has-post-thumbnail","6":"product_cat-depenses","7":"pa_baujahr-118","8":"pa_hersteller-mbo","9":"pa_typ-asp-66-2me","11":"first","12":"instock","13":"sold-individually","14":"taxable","15":"shipping-taxable","16":"purchasable","17":"product-type-simple"},"jetpack_sharing_enabled":true,"_links":{"self":[{"href":"https:\/\/www.3p-gmbh.de\/fr\/wp-json\/wp\/v2\/product\/94177","targetHints":{"allow":["GET"]}}],"collection":[{"href":"https:\/\/www.3p-gmbh.de\/fr\/wp-json\/wp\/v2\/product"}],"about":[{"href":"https:\/\/www.3p-gmbh.de\/fr\/wp-json\/wp\/v2\/types\/product"}],"wp:featuredmedia":[{"embeddable":true,"href":"https:\/\/www.3p-gmbh.de\/fr\/wp-json\/wp\/v2\/media\/55810"}],"wp:attachment":[{"href":"https:\/\/www.3p-gmbh.de\/fr\/wp-json\/wp\/v2\/media?parent=94177"}],"wp:term":[{"taxonomy":"product_brand","embeddable":true,"href":"https:\/\/www.3p-gmbh.de\/fr\/wp-json\/wp\/v2\/product_brand?post=94177"},{"taxonomy":"product_cat","embeddable":true,"href":"https:\/\/www.3p-gmbh.de\/fr\/wp-json\/wp\/v2\/product_cat?post=94177"},{"taxonomy":"product_tag","embeddable":true,"href":"https:\/\/www.3p-gmbh.de\/fr\/wp-json\/wp\/v2\/product_tag?post=94177"}],"curies":[{"name":"wp","href":"https:\/\/api.w.org\/{rel}","templated":true}]}}